{"id":119480,"date":"2025-09-24T13:28:24","date_gmt":"2025-09-24T11:28:24","guid":{"rendered":"https:\/\/watchdeluxe.it\/prodotto\/nomos-tangente-neomatik-gris-platino-ref-189\/"},"modified":"2025-09-24T13:28:24","modified_gmt":"2025-09-24T11:28:24","slug":"nomos-tangente-neomatik-gris-platino-ref-189","status":"publish","type":"product","link":"https:\/\/watchdeluxe.it\/es\/prodotto\/nomos-tangente-neomatik-gris-platino-ref-189\/","title":{"rendered":"Nomos Tangente Neomatik gris platino ref. 189"},"content":{"rendered":"<p>Nomos Tangente Neomatik gris platino ref. 189<\/p>\n<div class=\"list-couple\">\n<div class=\"specs-list\">\n<dl>\n<dt>Caja<\/dt>\n<dd>\nacero inoxidable, fondo de cristal de zafiro bipartito<\/dd>\n<\/dl>\n<dl>\n<dt>Cristal<\/dt>\n<dd>cristal de zafiro con revestimiento antirreflejos en el interior<\/dd>\n<\/dl>\n<dl>\n<dt>Carga<\/dt>\n<dd>autom\u00e1tico<\/dd>\n<\/dl>\n<dl>\n<dt>Dimensiones<\/dt>\n<dd>Di\u00e1metro <span class=\"size-property\"> 35,0 mm <\/span><br \/>\nGrosor <span class=\"size-property\"> 6,9 mm <\/span><br \/>\nTama\u00f1o del bucle exterior <span class=\"size-property\"> 43,0 mm <\/span><\/dd>\n<\/dl>\n<dl>\n<dt>Resistencia al agua<\/dt>\n<dd>3 atm (a prueba de salpicaduras)<\/dd>\n<\/dl>\n<\/div>\n<div class=\"specs-list\">\n<dl>\n<dt>Esfera<\/dt>\n<dd>galvanizada, rodiada<\/dd>\n<\/dl>\n<dl>\n<dt>Manecillas<\/dt>\n<dd>Rodiado<\/dd>\n<\/dl>\n<dl>\n<dt>correa<\/dt>\n<dd>Horween Genuine Shell Cordovan negra, remachada<br \/>\n<span class=\"size-property\"> anchura de la leng\u00fceta 18 mm <\/span><\/dd>\n<\/dl>\n<\/div>\n<\/div>\n","protected":false},"excerpt":{"rendered":"<p>Nomos Tangente Neomatik gris platino ref. 189 Caja acero inoxidable, fondo de cristal de zafiro bipartito Cristal cristal de zafiro con revestimiento antirreflejos en el interior Carga autom\u00e1tico Dimensiones Di\u00e1metro 35,0 mm Grosor 6,9 mm Tama\u00f1o del bucle exterior 43,0 mm Resistencia al agua 3 atm (a prueba de salpicaduras) Esfera galvanizada, rodiada Manecillas Rodiado [&hellip;]<\/p>\n","protected":false},"featured_media":119478,"template":"","meta":{"_crdt_document":"","advanced_seo_description":"","jetpack_seo_html_title":"","jetpack_seo_noindex":false},"product_brand":[2154],"product_cat":[1919],"product_tag":[3740],"berocket_brand":[],"woo-feed-brand":[],"class_list":{"0":"post-119480","1":"product","2":"type-product","3":"status-publish","4":"has-post-thumbnail","6":"product_brand-nomos-glashutte","7":"product_cat-nomos-glashutte","8":"product_tag-tangente-2","10":"first","11":"instock","12":"sale","13":"taxable","14":"shipping-taxable","15":"purchasable","16":"product-type-simple"},"bundled_by":[],"bundle_stock_status":"instock","bundle_stock_quantity":1,"bundle_virtual":false,"bundle_layout":"","bundle_add_to_cart_form_location":"","bundle_editable_in_cart":false,"bundle_sold_individually_context":"","bundle_item_grouping":"","bundle_min_size":"","bundle_max_size":"","bundle_price":[],"bundled_items":[],"bundle_sell_ids":[],"group_of_quantity":0,"min_quantity":0,"max_quantity":"","exclude_order_quantity_value_rules":"no","exclude_category_quantity_rules":"no","combine_variations":"no","jetpack_sharing_enabled":true,"jetpack_likes_enabled":true,"_links":{"self":[{"href":"https:\/\/watchdeluxe.it\/es\/wp-json\/wp\/v2\/product\/119480","targetHints":{"allow":["GET"]}}],"collection":[{"href":"https:\/\/watchdeluxe.it\/es\/wp-json\/wp\/v2\/product"}],"about":[{"href":"https:\/\/watchdeluxe.it\/es\/wp-json\/wp\/v2\/types\/product"}],"wp:featuredmedia":[{"embeddable":true,"href":"https:\/\/watchdeluxe.it\/es\/wp-json\/wp\/v2\/media\/119478"}],"wp:attachment":[{"href":"https:\/\/watchdeluxe.it\/es\/wp-json\/wp\/v2\/media?parent=119480"}],"wp:term":[{"taxonomy":"product_brand","embeddable":true,"href":"https:\/\/watchdeluxe.it\/es\/wp-json\/wp\/v2\/product_brand?post=119480"},{"taxonomy":"product_cat","embeddable":true,"href":"https:\/\/watchdeluxe.it\/es\/wp-json\/wp\/v2\/product_cat?post=119480"},{"taxonomy":"product_tag","embeddable":true,"href":"https:\/\/watchdeluxe.it\/es\/wp-json\/wp\/v2\/product_tag?post=119480"},{"taxonomy":"berocket_brand","embeddable":true,"href":"https:\/\/watchdeluxe.it\/es\/wp-json\/wp\/v2\/berocket_brand?post=119480"},{"taxonomy":"woo-feed-brand","embeddable":true,"href":"https:\/\/watchdeluxe.it\/es\/wp-json\/wp\/v2\/woo-feed-brand?post=119480"}],"curies":[{"name":"wp","href":"https:\/\/api.w.org\/{rel}","templated":true}]}}