{"id":119274,"date":"2025-09-24T09:58:45","date_gmt":"2025-09-24T07:58:45","guid":{"rendered":"https:\/\/watchdeluxe.it\/prodotto\/breilting-superocean-heritage-verde-ref-a10390361l1s1\/"},"modified":"2025-09-24T10:00:03","modified_gmt":"2025-09-24T08:00:03","slug":"breilting-superocean-heritage-verde-ref-a10390361l1s1","status":"publish","type":"product","link":"https:\/\/watchdeluxe.it\/es\/prodotto\/breilting-superocean-heritage-verde-ref-a10390361l1s1\/","title":{"rendered":"Breilting Superocean Heritage verde ref. A10390361L1S1"},"content":{"rendered":"<p>Breilting Superocean Heritage verde ref. A10390361L1S1<\/p>\n<div class=\"sc-59f902fd-0 kSDZnm sc-95eb054c-2 PbFWw\" data-test-id=\"Section\">\n<p class=\"sc-59f902fd-0 kSDZnm sc-99f1fd2f-0 NUQxh sc-95eb054c-4 kbgdmi\" data-test-id=\"SectionTitle\">Esfera verde agua<\/p>\n<div class=\"sc-59f902fd-0 kSDZnm sc-32f8a63d-0 iKoONW sc-95eb054c-5 exblBU\" data-test-id=\"NameValueWrapper-0\">\n<p class=\"sc-59f902fd-0 kSDZnm sc-99f1fd2f-0 NUQxh sc-95eb054c-6 hXAmFS\" data-test-id=\"Name-0\">Breitling Calibre 10<\/p>\n<\/div>\n<div class=\"sc-59f902fd-0 kSDZnm sc-32f8a63d-0 iKoONW sc-95eb054c-5 exblBU\" data-test-id=\"NameValueWrapper-1\">\n<div class=\"sc-59f902fd-0 kSDZnm sc-95eb054c-8 YqKlL\" data-test-id=\"ValueBox-1\">\n<p class=\"sc-59f902fd-0 kSDZnm sc-99f1fd2f-0 NUQxh sc-95eb054c-7 dMTDAX\" data-test-id=\"Value-1\">Mec\u00e1nica, bobinado autom\u00e1tico<\/p>\n<\/div>\n<\/div>\n<div class=\"sc-59f902fd-0 kSDZnm sc-32f8a63d-0 iKoONW sc-95eb054c-5 exblBU\" data-test-id=\"NameValueWrapper-2\">\n<p class=\"sc-59f902fd-0 kSDZnm sc-99f1fd2f-0 NUQxh sc-95eb054c-6 hXAmFS\" data-test-id=\"Name-2\">Reserva de energ\u00eda Aprox. 42 horas<\/p>\n<\/div>\n<div class=\"sc-59f902fd-0 kSDZnm sc-32f8a63d-0 iKoONW sc-95eb054c-5 exblBU\" data-test-id=\"NameValueWrapper-3\">\n<p class=\"sc-59f902fd-0 kSDZnm sc-99f1fd2f-0 NUQxh sc-95eb054c-6 hXAmFS\" data-test-id=\"Name-3\">Vibraci\u00f3n 28 800 a\/h 25 rub\u00edes<\/p>\n<\/div>\n<div class=\"sc-59f902fd-0 kSDZnm sc-32f8a63d-0 iKoONW sc-95eb054c-5 exblBU\" data-test-id=\"NameValueWrapper-5\">\n<p class=\"sc-59f902fd-0 kSDZnm sc-99f1fd2f-0 NUQxh sc-95eb054c-6 hXAmFS\" data-test-id=\"Name-5\">Calendario Una ventana en la esfera<\/p>\n<\/div>\n<\/div>\n<div class=\"sc-59f902fd-0 kSDZnm sc-95eb054c-2 PbFWw\" data-test-id=\"Section\">\n<p class=\"sc-59f902fd-0 kSDZnm sc-99f1fd2f-0 NUQxh sc-95eb054c-4 kbgdmi\" data-test-id=\"SectionTitle\">Caja Acero inoxidable<\/p>\n<div class=\"sc-59f902fd-0 kSDZnm sc-32f8a63d-0 iKoONW sc-95eb054c-5 exblBU\" data-test-id=\"NameValueWrapper-1\">\n<p class=\"sc-59f902fd-0 kSDZnm sc-99f1fd2f-0 NUQxh sc-95eb054c-6 hXAmFS\" data-test-id=\"Name-1\">Respaldo atornillado<\/p>\n<\/div>\n<div class=\"sc-59f902fd-0 kSDZnm sc-32f8a63d-0 iKoONW sc-95eb054c-5 exblBU\" data-test-id=\"NameValueWrapper-2\">\n<p class=\"sc-59f902fd-0 kSDZnm sc-99f1fd2f-0 NUQxh sc-95eb054c-6 hXAmFS\" data-test-id=\"Name-2\">Resistencia al agua 200 metros<\/p>\n<\/div>\n<\/div>\n<div class=\"sc-59f902fd-0 kSDZnm sc-95eb054c-2 PbFWw\" data-test-id=\"Section\">\n<div class=\"sc-59f902fd-0 kSDZnm sc-32f8a63d-0 iKoONW sc-95eb054c-5 exblBU\" data-test-id=\"NameValueWrapper-3\">\n<p class=\"sc-59f902fd-0 kSDZnm sc-99f1fd2f-0 NUQxh sc-95eb054c-6 hXAmFS\" data-test-id=\"Name-3\">Bisel unidireccional con tope<\/p>\n<\/div>\n<div class=\"sc-59f902fd-0 kSDZnm sc-32f8a63d-0 iKoONW sc-95eb054c-5 exblBU\" data-test-id=\"NameValueWrapper-4\">\n<p class=\"sc-59f902fd-0 kSDZnm sc-99f1fd2f-0 NUQxh sc-95eb054c-6 hXAmFS\" data-test-id=\"Name-4\">Corona Tornillo, dos juntas<\/p>\n<\/div>\n<div class=\"sc-59f902fd-0 kSDZnm sc-32f8a63d-0 iKoONW sc-95eb054c-5 exblBU\" data-test-id=\"NameValueWrapper-5\">\n<p class=\"sc-59f902fd-0 kSDZnm sc-99f1fd2f-0 NUQxh sc-95eb054c-6 hXAmFS\" data-test-id=\"Name-5\">Cristal de zafiro convexo, antirreflejos por ambas caras<\/p>\n<\/div>\n<\/div>\n<div class=\"sc-59f902fd-0 kSDZnm sc-95eb054c-2 PbFWw\" data-test-id=\"Section\">\n<div class=\"sc-59f902fd-0 kSDZnm sc-32f8a63d-0 iKoONW sc-95eb054c-5 exblBU\" data-test-id=\"NameValueWrapper-1\">\n<div class=\"sc-59f902fd-0 kSDZnm sc-95eb054c-8 YqKlL\" data-test-id=\"ValueBox-1\">\n<p class=\"sc-59f902fd-0 kSDZnm sc-99f1fd2f-0 NUQxh sc-95eb054c-7 dMTDAX\" data-test-id=\"Value-1\">\n<\/div>\n<\/div>\n<div class=\"sc-59f902fd-0 kSDZnm sc-32f8a63d-0 iKoONW sc-95eb054c-5 exblBU\" data-test-id=\"NameValueWrapper-2\">\n<p class=\"sc-59f902fd-0 kSDZnm sc-99f1fd2f-0 NUQxh sc-95eb054c-6 hXAmFS\" data-test-id=\"Name-2\">36 mm de di\u00e1metro<\/p>\n<\/div>\n<div class=\"sc-59f902fd-0 kSDZnm sc-32f8a63d-0 iKoONW sc-95eb054c-5 exblBU\" data-test-id=\"NameValueWrapper-3\">\n<p class=\"sc-59f902fd-0 kSDZnm sc-99f1fd2f-0 NUQxh sc-95eb054c-6 hXAmFS\" data-test-id=\"Name-3\">Espesor<\/p>\n<div class=\"sc-59f902fd-0 kSDZnm sc-95eb054c-8 YqKlL\" data-test-id=\"ValueBox-3\"><\/div>\n<\/div>\n<\/div>\n<div class=\"sc-59f902fd-0 kSDZnm sc-95eb054c-2 PbFWw\" data-test-id=\"Section\">\n<div class=\"sc-59f902fd-0 kSDZnm sc-32f8a63d-0 iKoONW sc-95eb054c-5 exblBU\" data-test-id=\"NameValueWrapper-0\">\n<p class=\"sc-59f902fd-0 kSDZnm sc-99f1fd2f-0 NUQxh sc-95eb054c-6 hXAmFS\" data-test-id=\"Name-0\">Material de la correa Caucho<\/p>\n<\/div>\n<div class=\"sc-59f902fd-0 kSDZnm sc-32f8a63d-0 iKoONW sc-95eb054c-5 exblBU\" data-test-id=\"NameValueWrapper-1\">\n<p class=\"sc-59f902fd-0 kSDZnm sc-99f1fd2f-0 NUQxh sc-95eb054c-6 hXAmFS\" data-test-id=\"Name-1\">Color de la correa Verde<\/p>\n<\/div>\n<div class=\"sc-59f902fd-0 kSDZnm sc-32f8a63d-0 iKoONW sc-95eb054c-5 exblBU\" data-test-id=\"NameValueWrapper-2\"><\/div>\n<div class=\"sc-59f902fd-0 kSDZnm sc-32f8a63d-0 iKoONW sc-95eb054c-5 exblBU\" data-test-id=\"NameValueWrapper-3\">\n<div class=\"sc-59f902fd-0 kSDZnm sc-95eb054c-8 YqKlL\" data-test-id=\"ValueBox-3\">\n<p class=\"sc-59f902fd-0 kSDZnm sc-99f1fd2f-0 NUQxh sc-95eb054c-7 dMTDAX\" data-test-id=\"Value-3\">\n<\/div>\n<\/div>\n<div class=\"sc-59f902fd-0 kSDZnm sc-32f8a63d-0 iKoONW sc-95eb054c-5 exblBU\" data-test-id=\"NameValueWrapper-4\">\n<p class=\"sc-59f902fd-0 kSDZnm sc-99f1fd2f-0 NUQxh sc-95eb054c-6 hXAmFS\" data-test-id=\"Name-4\">Material de la hebilla Acero inoxidable<\/p>\n<\/div>\n<div class=\"sc-59f902fd-0 kSDZnm sc-32f8a63d-0 iKoONW sc-95eb054c-5 exblBU\" data-test-id=\"NameValueWrapper-5\">\n<p class=\"sc-59f902fd-0 kSDZnm sc-99f1fd2f-0 NUQxh sc-95eb054c-6 hXAmFS\" data-test-id=\"Name-5\">Tipo de hebilla Plegable<\/p>\n<\/div>\n<div class=\"sc-59f902fd-0 kSDZnm sc-32f8a63d-0 iKoONW sc-95eb054c-5 exblBU\" data-test-id=\"NameValueWrapper-6\">\n<p class=\"sc-59f902fd-0 kSDZnm sc-99f1fd2f-0 NUQxh sc-95eb054c-6 hXAmFS\" data-test-id=\"Name-6\">Tama\u00f1o de la hebilla 16 mm<\/p>\n<\/div>\n<\/div>\n","protected":false},"excerpt":{"rendered":"<p>Breilting Superocean Heritage verde ref. A10390361L1S1 Esfera verde agua Breitling Calibre 10 Mec\u00e1nica, bobinado autom\u00e1tico Reserva de energ\u00eda Aprox. 42 horas Vibraci\u00f3n 28 800 a\/h 25 rub\u00edes Calendario Una ventana en la esfera Caja Acero inoxidable Respaldo atornillado Resistencia al agua 200 metros Bisel unidireccional con tope Corona Tornillo, dos juntas Cristal de zafiro convexo, [&hellip;]<\/p>\n","protected":false},"featured_media":119275,"template":"","meta":{"_crdt_document":"","advanced_seo_description":"","jetpack_seo_html_title":"","jetpack_seo_noindex":false},"product_brand":[],"product_cat":[2663],"product_tag":[2665],"berocket_brand":[],"woo-feed-brand":[],"class_list":{"0":"post-119274","1":"product","2":"type-product","3":"status-publish","4":"has-post-thumbnail","6":"product_cat-breitling-es","7":"product_tag-superocean-es","9":"first","10":"instock","11":"sale","12":"taxable","13":"shipping-taxable","14":"purchasable","15":"product-type-simple"},"bundled_by":[],"bundle_stock_status":"instock","bundle_stock_quantity":1,"bundle_virtual":false,"bundle_layout":"","bundle_add_to_cart_form_location":"","bundle_editable_in_cart":false,"bundle_sold_individually_context":"","bundle_item_grouping":"","bundle_min_size":"","bundle_max_size":"","bundle_price":[],"bundled_items":[],"bundle_sell_ids":[],"group_of_quantity":0,"min_quantity":0,"max_quantity":"","exclude_order_quantity_value_rules":"no","exclude_category_quantity_rules":"no","combine_variations":"no","exclude_global_add_ons":[],"addons":[],"jetpack_sharing_enabled":true,"jetpack_likes_enabled":true,"_links":{"self":[{"href":"https:\/\/watchdeluxe.it\/es\/wp-json\/wp\/v2\/product\/119274","targetHints":{"allow":["GET"]}}],"collection":[{"href":"https:\/\/watchdeluxe.it\/es\/wp-json\/wp\/v2\/product"}],"about":[{"href":"https:\/\/watchdeluxe.it\/es\/wp-json\/wp\/v2\/types\/product"}],"wp:featuredmedia":[{"embeddable":true,"href":"https:\/\/watchdeluxe.it\/es\/wp-json\/wp\/v2\/media\/119275"}],"wp:attachment":[{"href":"https:\/\/watchdeluxe.it\/es\/wp-json\/wp\/v2\/media?parent=119274"}],"wp:term":[{"taxonomy":"product_brand","embeddable":true,"href":"https:\/\/watchdeluxe.it\/es\/wp-json\/wp\/v2\/product_brand?post=119274"},{"taxonomy":"product_cat","embeddable":true,"href":"https:\/\/watchdeluxe.it\/es\/wp-json\/wp\/v2\/product_cat?post=119274"},{"taxonomy":"product_tag","embeddable":true,"href":"https:\/\/watchdeluxe.it\/es\/wp-json\/wp\/v2\/product_tag?post=119274"},{"taxonomy":"berocket_brand","embeddable":true,"href":"https:\/\/watchdeluxe.it\/es\/wp-json\/wp\/v2\/berocket_brand?post=119274"},{"taxonomy":"woo-feed-brand","embeddable":true,"href":"https:\/\/watchdeluxe.it\/es\/wp-json\/wp\/v2\/woo-feed-brand?post=119274"}],"curies":[{"name":"wp","href":"https:\/\/api.w.org\/{rel}","templated":true}]}}