{"id":119239,"date":"2025-09-24T09:47:25","date_gmt":"2025-09-24T07:47:25","guid":{"rendered":"https:\/\/watchdeluxe.it\/prodotto\/baume-mercier-clifton-34-mm-ref-m0a10833\/"},"modified":"2025-09-24T09:47:25","modified_gmt":"2025-09-24T07:47:25","slug":"baume-mercier-clifton-34-mm-ref-m0a10833","status":"publish","type":"product","link":"https:\/\/watchdeluxe.it\/es\/prodotto\/baume-mercier-clifton-34-mm-ref-m0a10833\/","title":{"rendered":"Baume &amp; Mercier Clifton 34 mm ref. M0A10833"},"content":{"rendered":"<p>Baume &amp; Mercier Clifton 34 mm ref. M0A10833<\/p>\n<p><strong>Esfera<\/strong>: Azul<\/p>\n<ul>\n<li>\n<p><strong>Movimiento<\/strong>: Autom\u00e1tico &#8211; Movimiento baum\u00e1tico &#8211; Reserva de marcha de 5 d\u00edas<\/p>\n<\/li>\n<li>\n<p><strong>Caja<\/strong>: Acero<\/p>\n<\/li>\n<li>\n<p><strong>Di\u00e1metro<\/strong>: 34 mm<\/p>\n<\/li>\n<li>\n<p><strong>Cristal<\/strong>: Zafiro<\/p>\n<\/li>\n<li>\n<p><strong>Correa<\/strong>: Alig\u00e1tor semimate con escamas cuadradas, azul marino<\/p>\n<\/li>\n<li>\n<p><strong>Resistencia al agua<\/strong>: 50 atm &#8211; 500 m<\/p>\n<\/li>\n<li>\n<p>Parte trasera visible<\/p>\n<\/li>\n<\/ul>\n","protected":false},"excerpt":{"rendered":"<p>Baume &amp; Mercier Clifton 34 mm ref. M0A10833 Esfera: Azul Movimiento: Autom\u00e1tico &#8211; Movimiento baum\u00e1tico &#8211; Reserva de marcha de 5 d\u00edas Caja: Acero Di\u00e1metro: 34 mm Cristal: Zafiro Correa: Alig\u00e1tor semimate con escamas cuadradas, azul marino Resistencia al agua: 50 atm &#8211; 500 m Parte trasera visible<\/p>\n","protected":false},"featured_media":119237,"template":"","meta":{"_crdt_document":"","advanced_seo_description":"","jetpack_seo_html_title":"","jetpack_seo_noindex":false},"product_brand":[],"product_cat":[2613],"product_tag":[2618],"berocket_brand":[],"woo-feed-brand":[],"class_list":{"0":"post-119239","1":"product","2":"type-product","3":"status-publish","4":"has-post-thumbnail","6":"product_cat-baume-mercier-es","7":"product_tag-clifton-es","9":"first","10":"instock","11":"sale","12":"taxable","13":"shipping-taxable","14":"purchasable","15":"product-type-simple"},"bundled_by":[],"bundle_stock_status":"instock","bundle_stock_quantity":1,"bundle_virtual":false,"bundle_layout":"","bundle_add_to_cart_form_location":"","bundle_editable_in_cart":false,"bundle_sold_individually_context":"","bundle_item_grouping":"","bundle_min_size":"","bundle_max_size":"","bundle_price":[],"bundled_items":[],"bundle_sell_ids":[],"group_of_quantity":0,"min_quantity":0,"max_quantity":"","exclude_order_quantity_value_rules":"no","exclude_category_quantity_rules":"no","combine_variations":"no","jetpack_sharing_enabled":true,"jetpack_likes_enabled":true,"_links":{"self":[{"href":"https:\/\/watchdeluxe.it\/es\/wp-json\/wp\/v2\/product\/119239","targetHints":{"allow":["GET"]}}],"collection":[{"href":"https:\/\/watchdeluxe.it\/es\/wp-json\/wp\/v2\/product"}],"about":[{"href":"https:\/\/watchdeluxe.it\/es\/wp-json\/wp\/v2\/types\/product"}],"wp:featuredmedia":[{"embeddable":true,"href":"https:\/\/watchdeluxe.it\/es\/wp-json\/wp\/v2\/media\/119237"}],"wp:attachment":[{"href":"https:\/\/watchdeluxe.it\/es\/wp-json\/wp\/v2\/media?parent=119239"}],"wp:term":[{"taxonomy":"product_brand","embeddable":true,"href":"https:\/\/watchdeluxe.it\/es\/wp-json\/wp\/v2\/product_brand?post=119239"},{"taxonomy":"product_cat","embeddable":true,"href":"https:\/\/watchdeluxe.it\/es\/wp-json\/wp\/v2\/product_cat?post=119239"},{"taxonomy":"product_tag","embeddable":true,"href":"https:\/\/watchdeluxe.it\/es\/wp-json\/wp\/v2\/product_tag?post=119239"},{"taxonomy":"berocket_brand","embeddable":true,"href":"https:\/\/watchdeluxe.it\/es\/wp-json\/wp\/v2\/berocket_brand?post=119239"},{"taxonomy":"woo-feed-brand","embeddable":true,"href":"https:\/\/watchdeluxe.it\/es\/wp-json\/wp\/v2\/woo-feed-brand?post=119239"}],"curies":[{"name":"wp","href":"https:\/\/api.w.org\/{rel}","templated":true}]}}