{"id":117211,"date":"2025-07-16T09:43:44","date_gmt":"2025-07-16T07:43:44","guid":{"rendered":"https:\/\/watchdeluxe.it\/prodotto\/tarjetero-montblanc-5-compartimentos-sartorial-ref-199388\/"},"modified":"2025-07-16T09:43:44","modified_gmt":"2025-07-16T07:43:44","slug":"tarjetero-montblanc-5-compartimentos-sartorial-ref-199388","status":"publish","type":"product","link":"https:\/\/watchdeluxe.it\/es\/prodotto\/tarjetero-montblanc-5-compartimentos-sartorial-ref-199388\/","title":{"rendered":"Tarjetero Montblanc 5 compartimentos sartorial ref. 199388"},"content":{"rendered":"<p>Tarjetero Montblanc 5 compartimentos sartorial ref. 199388<\/p>\n<p>Este tarjetero de fina piel con estampado saffiano es un elegante accesorio para la vida diaria. Tiene capacidad para hasta cuatro tarjetas de cr\u00e9dito y un compartimento adicional para el dinero en efectivo, por lo que siempre podr\u00e1s llevar contigo todo lo que necesites. La parte delantera est\u00e1 adornada con el emblema Montblanc.<\/p>\n<p>&nbsp;<\/p>\n<p>Dimensiones: 110 x 5 x 70 mm<\/p>\n<p>Color: Bicolor lima y cassis<\/p>\n","protected":false},"excerpt":{"rendered":"<p>Tarjetero Montblanc 5 compartimentos sartorial ref. 199388 Este tarjetero de fina piel con estampado saffiano es un elegante accesorio para la vida diaria. Tiene capacidad para hasta cuatro tarjetas de cr\u00e9dito y un compartimento adicional para el dinero en efectivo, por lo que siempre podr\u00e1s llevar contigo todo lo que necesites. La parte delantera est\u00e1 [&hellip;]<\/p>\n","protected":false},"featured_media":117209,"template":"","meta":{"_crdt_document":"","advanced_seo_description":"","jetpack_seo_html_title":"","jetpack_seo_noindex":false},"product_brand":[1907],"product_cat":[1929],"product_tag":[1488],"berocket_brand":[],"woo-feed-brand":[],"class_list":{"0":"post-117211","1":"product","2":"type-product","3":"status-publish","4":"has-post-thumbnail","6":"product_brand-montblanc","7":"product_cat-montblanc","8":"product_tag-portacarte","10":"first","11":"instock","12":"sale","13":"taxable","14":"shipping-taxable","15":"purchasable","16":"product-type-simple"},"bundled_by":[],"bundle_stock_status":"instock","bundle_stock_quantity":1,"bundle_virtual":false,"bundle_layout":"","bundle_add_to_cart_form_location":"","bundle_editable_in_cart":false,"bundle_sold_individually_context":"","bundle_item_grouping":"","bundle_min_size":"","bundle_max_size":"","bundle_price":[],"bundled_items":[],"bundle_sell_ids":[],"group_of_quantity":0,"min_quantity":0,"max_quantity":"","exclude_order_quantity_value_rules":"no","exclude_category_quantity_rules":"no","combine_variations":"no","jetpack_sharing_enabled":true,"jetpack_likes_enabled":true,"_links":{"self":[{"href":"https:\/\/watchdeluxe.it\/es\/wp-json\/wp\/v2\/product\/117211","targetHints":{"allow":["GET"]}}],"collection":[{"href":"https:\/\/watchdeluxe.it\/es\/wp-json\/wp\/v2\/product"}],"about":[{"href":"https:\/\/watchdeluxe.it\/es\/wp-json\/wp\/v2\/types\/product"}],"wp:featuredmedia":[{"embeddable":true,"href":"https:\/\/watchdeluxe.it\/es\/wp-json\/wp\/v2\/media\/117209"}],"wp:attachment":[{"href":"https:\/\/watchdeluxe.it\/es\/wp-json\/wp\/v2\/media?parent=117211"}],"wp:term":[{"taxonomy":"product_brand","embeddable":true,"href":"https:\/\/watchdeluxe.it\/es\/wp-json\/wp\/v2\/product_brand?post=117211"},{"taxonomy":"product_cat","embeddable":true,"href":"https:\/\/watchdeluxe.it\/es\/wp-json\/wp\/v2\/product_cat?post=117211"},{"taxonomy":"product_tag","embeddable":true,"href":"https:\/\/watchdeluxe.it\/es\/wp-json\/wp\/v2\/product_tag?post=117211"},{"taxonomy":"berocket_brand","embeddable":true,"href":"https:\/\/watchdeluxe.it\/es\/wp-json\/wp\/v2\/berocket_brand?post=117211"},{"taxonomy":"woo-feed-brand","embeddable":true,"href":"https:\/\/watchdeluxe.it\/es\/wp-json\/wp\/v2\/woo-feed-brand?post=117211"}],"curies":[{"name":"wp","href":"https:\/\/api.w.org\/{rel}","templated":true}]}}