{"id":116959,"date":"2025-07-15T17:35:53","date_gmt":"2025-07-15T15:35:53","guid":{"rendered":"https:\/\/watchdeluxe.it\/prodotto\/montblanc-meisterstuck-la-vuelta-al-mundo-en-80-dias-en-resina-ref-132895\/"},"modified":"2026-01-16T15:33:02","modified_gmt":"2026-01-16T14:33:02","slug":"montblanc-meisterstuck-la-vuelta-al-mundo-en-80-dias-en-resina-ref-132895","status":"publish","type":"product","link":"https:\/\/watchdeluxe.it\/es\/prodotto\/montblanc-meisterstuck-la-vuelta-al-mundo-en-80-dias-en-resina-ref-132895\/","title":{"rendered":"Montblanc Meisterstuck La vuelta al mundo en 80 d\u00edas en resina ref. 132895"},"content":{"rendered":"<p>Montblanc Meisterstuck La vuelta al mundo en 80 d\u00edas en resina ref. 132895<\/p>\n<p>Colecci\u00f3n: <strong>Meisterstuck La vuelta al mundo en 80 d\u00edas<\/strong><br \/>\nMaterial: <strong>Resina<\/strong><br \/>\nColor: <strong>Azul<\/strong><br \/>\nTipo de bol\u00edgrafo: <strong>Bol\u00edgrafo<\/strong><br \/>\nLongitud (cm): <strong>13,69<\/strong><br \/>\nAnchura (cm): <strong>1,25<\/strong><br \/>\nProfundidad (cm) : <strong>1,25<\/strong><\/p>\n","protected":false},"excerpt":{"rendered":"<p>Montblanc Meisterstuck La vuelta al mundo en 80 d\u00edas en resina ref. 132895 Colecci\u00f3n: Meisterstuck La vuelta al mundo en 80 d\u00edas Material: Resina Color: Azul Tipo de bol\u00edgrafo: Bol\u00edgrafo Longitud (cm): 13,69 Anchura (cm): 1,25 Profundidad (cm) : 1,25<\/p>\n","protected":false},"featured_media":116956,"template":"","meta":{"_crdt_document":"","advanced_seo_description":"","jetpack_seo_html_title":"","jetpack_seo_noindex":false},"product_brand":[1907],"product_cat":[2247],"product_tag":[2258],"berocket_brand":[],"woo-feed-brand":[],"class_list":{"0":"post-116959","1":"product","2":"type-product","3":"status-publish","4":"has-post-thumbnail","6":"product_brand-montblanc","7":"product_cat-montblanc-es","8":"product_tag-boligrafos","10":"first","11":"instock","12":"sale","13":"taxable","14":"shipping-taxable","15":"purchasable","16":"product-type-simple"},"bundled_by":[],"bundle_stock_status":"instock","bundle_stock_quantity":1,"bundle_virtual":false,"bundle_layout":"","bundle_add_to_cart_form_location":"","bundle_editable_in_cart":false,"bundle_sold_individually_context":"","bundle_item_grouping":"","bundle_min_size":"","bundle_max_size":"","bundle_price":[],"bundled_items":[],"bundle_sell_ids":[],"group_of_quantity":0,"min_quantity":0,"max_quantity":"","exclude_order_quantity_value_rules":"no","exclude_category_quantity_rules":"no","combine_variations":"no","jetpack_sharing_enabled":true,"jetpack_likes_enabled":true,"_links":{"self":[{"href":"https:\/\/watchdeluxe.it\/es\/wp-json\/wp\/v2\/product\/116959","targetHints":{"allow":["GET"]}}],"collection":[{"href":"https:\/\/watchdeluxe.it\/es\/wp-json\/wp\/v2\/product"}],"about":[{"href":"https:\/\/watchdeluxe.it\/es\/wp-json\/wp\/v2\/types\/product"}],"wp:featuredmedia":[{"embeddable":true,"href":"https:\/\/watchdeluxe.it\/es\/wp-json\/wp\/v2\/media\/116956"}],"wp:attachment":[{"href":"https:\/\/watchdeluxe.it\/es\/wp-json\/wp\/v2\/media?parent=116959"}],"wp:term":[{"taxonomy":"product_brand","embeddable":true,"href":"https:\/\/watchdeluxe.it\/es\/wp-json\/wp\/v2\/product_brand?post=116959"},{"taxonomy":"product_cat","embeddable":true,"href":"https:\/\/watchdeluxe.it\/es\/wp-json\/wp\/v2\/product_cat?post=116959"},{"taxonomy":"product_tag","embeddable":true,"href":"https:\/\/watchdeluxe.it\/es\/wp-json\/wp\/v2\/product_tag?post=116959"},{"taxonomy":"berocket_brand","embeddable":true,"href":"https:\/\/watchdeluxe.it\/es\/wp-json\/wp\/v2\/berocket_brand?post=116959"},{"taxonomy":"woo-feed-brand","embeddable":true,"href":"https:\/\/watchdeluxe.it\/es\/wp-json\/wp\/v2\/woo-feed-brand?post=116959"}],"curies":[{"name":"wp","href":"https:\/\/api.w.org\/{rel}","templated":true}]}}