{"id":116852,"date":"2025-07-15T17:12:20","date_gmt":"2025-07-15T15:12:20","guid":{"rendered":"https:\/\/watchdeluxe.it\/prodotto\/montblanc-legrand-meisterstuck-la-vuelta-al-mundo-en-80-dias-pluma-estilografica-ref-132875\/"},"modified":"2026-01-16T15:39:25","modified_gmt":"2026-01-16T14:39:25","slug":"montblanc-legrand-meisterstuck-la-vuelta-al-mundo-en-80-dias-pluma-estilografica-ref-132875","status":"publish","type":"product","link":"https:\/\/watchdeluxe.it\/es\/prodotto\/montblanc-legrand-meisterstuck-la-vuelta-al-mundo-en-80-dias-pluma-estilografica-ref-132875\/","title":{"rendered":"Montblanc LeGrand Meisterst\u00fcck La vuelta al mundo en 80 d\u00edas Pluma estilogr\u00e1fica ref. 132875"},"content":{"rendered":"<p>Montblanc LeGrand Meisterst\u00fcck La vuelta al mundo en 80 d\u00edas Pluma estilogr\u00e1fica ref. 132875<\/p>\n<p>Colecci\u00f3n: Meisterst\u00fcck.<br \/>\nSistema de escritura: Pluma estilogr\u00e1fica.<br \/>\nPlum\u00edn: Plum\u00edn de oro de 14 K hecho a mano y grabado con 14\/11, un homenaje a la fecha de la partida de Fogg de Yokohama, y 21\/12, la fecha de su regreso al club londinense para ganar la apuesta seg\u00fan su ambicioso plan. Tambi\u00e9n est\u00e1 decorada con la representaci\u00f3n de un globo aerost\u00e1tico, una referencia a la primera novela de aventuras de Julio Verne. (M)<br \/>\nClip: El clip acabado en platino presenta el as de corazones lacado en rojo, que simboliza la uni\u00f3n de Phileas Fogg y la princesa Auda.<br \/>\nCuerpo: Cuerpo de resina preciosa de color azul oscuro<br \/>\nGorro: Gorro de resina preciosa de color azul oscuro con un elegante tren grabado con l\u00e1ser. La parte superior de la gorra lleva grabada la cronolog\u00eda del viaje: 36 d\u00edas desde Yokohoma a Londres, culminando en un total de 80 d\u00edas alrededor del mundo. El dise\u00f1o de la gorra inmortaliza las v\u00e1lvulas de presi\u00f3n y el humo de la locomotora<br \/>\nColor: azul oscuro<br \/>\nDimensiones: 146,1 mm x 17,8 mm.<br \/>\nPeso: 29,89 g<\/p>\n","protected":false},"excerpt":{"rendered":"<p>Montblanc LeGrand Meisterst\u00fcck La vuelta al mundo en 80 d\u00edas Pluma estilogr\u00e1fica ref. 132875 Colecci\u00f3n: Meisterst\u00fcck. Sistema de escritura: Pluma estilogr\u00e1fica. Plum\u00edn: Plum\u00edn de oro de 14 K hecho a mano y grabado con 14\/11, un homenaje a la fecha de la partida de Fogg de Yokohama, y 21\/12, la fecha de su regreso al [&hellip;]<\/p>\n","protected":false},"featured_media":116844,"template":"","meta":{"_crdt_document":"","advanced_seo_description":"","jetpack_seo_html_title":"","jetpack_seo_noindex":false},"product_brand":[],"product_cat":[2247],"product_tag":[2258],"berocket_brand":[],"woo-feed-brand":[],"class_list":{"0":"post-116852","1":"product","2":"type-product","3":"status-publish","4":"has-post-thumbnail","6":"product_cat-montblanc-es","7":"product_tag-boligrafos","9":"first","10":"instock","11":"sale","12":"taxable","13":"shipping-taxable","14":"purchasable","15":"product-type-simple"},"bundled_by":[],"bundle_stock_status":"instock","bundle_stock_quantity":1,"bundle_virtual":false,"bundle_layout":"","bundle_add_to_cart_form_location":"","bundle_editable_in_cart":false,"bundle_sold_individually_context":"","bundle_item_grouping":"","bundle_min_size":"","bundle_max_size":"","bundle_price":[],"bundled_items":[],"bundle_sell_ids":[],"group_of_quantity":0,"min_quantity":0,"max_quantity":"","exclude_order_quantity_value_rules":"no","exclude_category_quantity_rules":"no","combine_variations":"no","jetpack_sharing_enabled":true,"jetpack_likes_enabled":true,"_links":{"self":[{"href":"https:\/\/watchdeluxe.it\/es\/wp-json\/wp\/v2\/product\/116852","targetHints":{"allow":["GET"]}}],"collection":[{"href":"https:\/\/watchdeluxe.it\/es\/wp-json\/wp\/v2\/product"}],"about":[{"href":"https:\/\/watchdeluxe.it\/es\/wp-json\/wp\/v2\/types\/product"}],"wp:featuredmedia":[{"embeddable":true,"href":"https:\/\/watchdeluxe.it\/es\/wp-json\/wp\/v2\/media\/116844"}],"wp:attachment":[{"href":"https:\/\/watchdeluxe.it\/es\/wp-json\/wp\/v2\/media?parent=116852"}],"wp:term":[{"taxonomy":"product_brand","embeddable":true,"href":"https:\/\/watchdeluxe.it\/es\/wp-json\/wp\/v2\/product_brand?post=116852"},{"taxonomy":"product_cat","embeddable":true,"href":"https:\/\/watchdeluxe.it\/es\/wp-json\/wp\/v2\/product_cat?post=116852"},{"taxonomy":"product_tag","embeddable":true,"href":"https:\/\/watchdeluxe.it\/es\/wp-json\/wp\/v2\/product_tag?post=116852"},{"taxonomy":"berocket_brand","embeddable":true,"href":"https:\/\/watchdeluxe.it\/es\/wp-json\/wp\/v2\/berocket_brand?post=116852"},{"taxonomy":"woo-feed-brand","embeddable":true,"href":"https:\/\/watchdeluxe.it\/es\/wp-json\/wp\/v2\/woo-feed-brand?post=116852"}],"curies":[{"name":"wp","href":"https:\/\/api.w.org\/{rel}","templated":true}]}}