{"id":116562,"date":"2025-07-15T11:24:13","date_gmt":"2025-07-15T09:24:13","guid":{"rendered":"https:\/\/watchdeluxe.it\/prodotto\/breitling-top-time-fausto-coppi-ref-ab01768a1a1\/"},"modified":"2025-07-15T11:24:13","modified_gmt":"2025-07-15T09:24:13","slug":"breitling-top-time-fausto-coppi-ref-ab01768a1a1","status":"publish","type":"product","link":"https:\/\/watchdeluxe.it\/es\/prodotto\/breitling-top-time-fausto-coppi-ref-ab01768a1a1\/","title":{"rendered":"Breitling Top Time Fausto coppi ref. AB01768A1A1"},"content":{"rendered":"<p>Breitling Top Time Fausto coppi ref. AB01768A1A1<\/p>\n<p><strong>Movimiento<\/strong><\/p>\n<p><strong>Calibre:<\/strong> Breitling 01 (Fabricaci\u00f3n)<\/p>\n<p><strong>Tipo:<\/strong> Mec\u00e1nico, autom\u00e1tico<\/p>\n<p><strong>Reserva de energ\u00eda:<\/strong> aprox. 70 horas<\/p>\n<p><strong>Cron\u00f3grafo:<\/strong> 1\/4 de segundo, contador de 30 minutos<\/p>\n<p><strong>Frecuencia:<\/strong> 28.800 a\/h<\/p>\n<p><strong>Rub\u00edes:<\/strong> 34<\/p>\n<p>&nbsp;<\/p>\n<p><strong>Caso<\/strong><\/p>\n<p><strong>Material:<\/strong> Acero inoxidable<\/p>\n<p><strong>Dorso:<\/strong> Atornillado (cristal de zafiro)<\/p>\n<p><strong>Resistencia al agua:<\/strong> 10 bares (100 metros)<\/p>\n<p><strong>Bisel:<\/strong> Fijo<\/p>\n<p><strong>Corona:<\/strong> no atornillada, con dos juntas<\/p>\n<p><strong>Cristal:<\/strong> Zafiro<\/p>\n<p>&nbsp;<\/p>\n<p><strong>Dimensiones<\/strong><\/p>\n<p><strong>Peso total (aprox.):<\/strong> 142,3 g<\/p>\n<p><strong>Peso del cabezal del reloj (aprox.):<\/strong> 77,5 g<\/p>\n<p><strong>Di\u00e1metro:<\/strong> 41 mm<\/p>\n<p><strong>Grosor:<\/strong> 13,3 mm<\/p>\n<p><strong>Altura (del bucle superior al inferior):<\/strong> 50,36 mm<\/p>\n<p><strong>Anchura entre asas:<\/strong> 20 mm<\/p>\n<p>&nbsp;<\/p>\n<p><strong>Correa<\/strong><\/p>\n<p><strong>Material:<\/strong> Acero inoxidable<\/p>\n<p><strong>Color:<\/strong> Pulsera de metal<\/p>\n<p><strong>Tipo:<\/strong> Recto<\/p>\n<p><strong>Anchura de las leng\u00fcetas:<\/strong> 20\/18 mm<\/p>\n","protected":false},"excerpt":{"rendered":"<p>Breitling Top Time Fausto coppi ref. AB01768A1A1 Movimiento Calibre: Breitling 01 (Fabricaci\u00f3n) Tipo: Mec\u00e1nico, autom\u00e1tico Reserva de energ\u00eda: aprox. 70 horas Cron\u00f3grafo: 1\/4 de segundo, contador de 30 minutos Frecuencia: 28.800 a\/h Rub\u00edes: 34 &nbsp; Caso Material: Acero inoxidable Dorso: Atornillado (cristal de zafiro) Resistencia al agua: 10 bares (100 metros) Bisel: Fijo Corona: no [&hellip;]<\/p>\n","protected":false},"featured_media":116559,"template":"","meta":{"_crdt_document":"","advanced_seo_description":"","jetpack_seo_html_title":"","jetpack_seo_noindex":false},"product_brand":[],"product_cat":[2663],"product_tag":[3707],"berocket_brand":[],"woo-feed-brand":[],"class_list":{"0":"post-116562","1":"product","2":"type-product","3":"status-publish","4":"has-post-thumbnail","6":"product_cat-breitling-es","7":"product_tag-tiempo-top0","9":"first","10":"instock","11":"sale","12":"taxable","13":"shipping-taxable","14":"purchasable","15":"product-type-simple"},"bundled_by":[],"bundle_stock_status":"instock","bundle_stock_quantity":1,"bundle_virtual":false,"bundle_layout":"","bundle_add_to_cart_form_location":"","bundle_editable_in_cart":false,"bundle_sold_individually_context":"","bundle_item_grouping":"","bundle_min_size":"","bundle_max_size":"","bundle_price":[],"bundled_items":[],"bundle_sell_ids":[],"group_of_quantity":0,"min_quantity":0,"max_quantity":"","exclude_order_quantity_value_rules":"no","exclude_category_quantity_rules":"no","combine_variations":"no","jetpack_sharing_enabled":true,"jetpack_likes_enabled":true,"_links":{"self":[{"href":"https:\/\/watchdeluxe.it\/es\/wp-json\/wp\/v2\/product\/116562","targetHints":{"allow":["GET"]}}],"collection":[{"href":"https:\/\/watchdeluxe.it\/es\/wp-json\/wp\/v2\/product"}],"about":[{"href":"https:\/\/watchdeluxe.it\/es\/wp-json\/wp\/v2\/types\/product"}],"wp:featuredmedia":[{"embeddable":true,"href":"https:\/\/watchdeluxe.it\/es\/wp-json\/wp\/v2\/media\/116559"}],"wp:attachment":[{"href":"https:\/\/watchdeluxe.it\/es\/wp-json\/wp\/v2\/media?parent=116562"}],"wp:term":[{"taxonomy":"product_brand","embeddable":true,"href":"https:\/\/watchdeluxe.it\/es\/wp-json\/wp\/v2\/product_brand?post=116562"},{"taxonomy":"product_cat","embeddable":true,"href":"https:\/\/watchdeluxe.it\/es\/wp-json\/wp\/v2\/product_cat?post=116562"},{"taxonomy":"product_tag","embeddable":true,"href":"https:\/\/watchdeluxe.it\/es\/wp-json\/wp\/v2\/product_tag?post=116562"},{"taxonomy":"berocket_brand","embeddable":true,"href":"https:\/\/watchdeluxe.it\/es\/wp-json\/wp\/v2\/berocket_brand?post=116562"},{"taxonomy":"woo-feed-brand","embeddable":true,"href":"https:\/\/watchdeluxe.it\/es\/wp-json\/wp\/v2\/woo-feed-brand?post=116562"}],"curies":[{"name":"wp","href":"https:\/\/api.w.org\/{rel}","templated":true}]}}