{"id":116502,"date":"2023-03-17T19:00:05","date_gmt":"2023-03-17T18:00:05","guid":{"rendered":"https:\/\/watchdeluxe.it\/prodotto\/breitling-chronomat-automatico-36-ref-a10380101l1a1\/"},"modified":"2023-03-17T19:00:05","modified_gmt":"2023-03-17T18:00:05","slug":"breitling-chronomat-automatico-36-ref-a10380101l1a1","status":"publish","type":"product","link":"https:\/\/watchdeluxe.it\/es\/prodotto\/breitling-chronomat-automatico-36-ref-a10380101l1a1\/","title":{"rendered":"Breitling Chronomat Autom\u00e1tico 36 ref. A10380101L1A1"},"content":{"rendered":"<p><span id=\"watchNotes\" data-mce-fragment=\"1\">A la moda pero elegante, el Chronomat Autom\u00e1tico 36, de inspiraci\u00f3n moderna-retro, es el reloj deportivo-chic vers\u00e1til para cualquier ocasi\u00f3n.  <br data-mce-fragment=\"1\"><br data-mce-fragment=\"1\">Calibre  <br data-mce-fragment=\"1\">Breitling 10 <br data-mce-fragment=\"1\">Movimiento  <br data-mce-fragment=\"1\">Mec\u00e1nica, bobinado autom\u00e1tico  <br data-mce-fragment=\"1\">Reserva de funcionamiento  <br data-mce-fragment=\"1\">aprox. 42 horas  <br data-mce-fragment=\"1\">Material del malet\u00edn  <br data-mce-fragment=\"1\">Acero inoxidable  <br data-mce-fragment=\"1\">Fondocassa  <br data-mce-fragment=\"1\">Atornillado  <br data-mce-fragment=\"1\">Impermeable  <br data-mce-fragment=\"1\">100 metros  <br data-mce-fragment=\"1\">Di\u00e1metro  <br data-mce-fragment=\"1\">36,0 mm  <br data-mce-fragment=\"1\">Espesor  <br data-mce-fragment=\"1\">10,0 mm  <br data-mce-fragment=\"1\">Material de la correa  <br data-mce-fragment=\"1\">Acero inoxidable  <br data-mce-fragment=\"1\">Color de la correa  <br data-mce-fragment=\"1\">Pulsera de metal<\/span><\/p>\n","protected":false},"excerpt":{"rendered":"<p>A la moda pero elegante, el Chronomat Autom\u00e1tico 36, de inspiraci\u00f3n moderna-retro, es el reloj deportivo-chic vers\u00e1til para cualquier ocasi\u00f3n. Calibre Breitling 10 Movimiento Mec\u00e1nica, bobinado autom\u00e1tico Reserva de funcionamiento aprox. 42 horas Material del malet\u00edn Acero inoxidable Fondocassa Atornillado Impermeable 100 metros Di\u00e1metro 36,0 mm Espesor 10,0 mm Material de la correa Acero inoxidable [&hellip;]<\/p>\n","protected":false},"featured_media":116498,"template":"","meta":{"_crdt_document":"","advanced_seo_description":"","jetpack_seo_html_title":"","jetpack_seo_noindex":false},"product_brand":[],"product_cat":[2663],"product_tag":[2683],"berocket_brand":[],"woo-feed-brand":[],"class_list":{"0":"post-116502","1":"product","2":"type-product","3":"status-publish","4":"has-post-thumbnail","6":"product_cat-breitling-es","7":"product_tag-chronomat-es","9":"first","10":"instock","11":"sale","12":"taxable","13":"shipping-taxable","14":"purchasable","15":"product-type-simple"},"bundled_by":[],"bundle_stock_status":"instock","bundle_stock_quantity":1,"bundle_virtual":false,"bundle_layout":"","bundle_add_to_cart_form_location":"","bundle_editable_in_cart":false,"bundle_sold_individually_context":"","bundle_item_grouping":"","bundle_min_size":"","bundle_max_size":"","bundle_price":[],"bundled_items":[],"bundle_sell_ids":[],"group_of_quantity":0,"min_quantity":0,"max_quantity":"","exclude_order_quantity_value_rules":"no","exclude_category_quantity_rules":"no","combine_variations":"no","jetpack_sharing_enabled":true,"jetpack_likes_enabled":true,"_links":{"self":[{"href":"https:\/\/watchdeluxe.it\/es\/wp-json\/wp\/v2\/product\/116502","targetHints":{"allow":["GET"]}}],"collection":[{"href":"https:\/\/watchdeluxe.it\/es\/wp-json\/wp\/v2\/product"}],"about":[{"href":"https:\/\/watchdeluxe.it\/es\/wp-json\/wp\/v2\/types\/product"}],"wp:featuredmedia":[{"embeddable":true,"href":"https:\/\/watchdeluxe.it\/es\/wp-json\/wp\/v2\/media\/116498"}],"wp:attachment":[{"href":"https:\/\/watchdeluxe.it\/es\/wp-json\/wp\/v2\/media?parent=116502"}],"wp:term":[{"taxonomy":"product_brand","embeddable":true,"href":"https:\/\/watchdeluxe.it\/es\/wp-json\/wp\/v2\/product_brand?post=116502"},{"taxonomy":"product_cat","embeddable":true,"href":"https:\/\/watchdeluxe.it\/es\/wp-json\/wp\/v2\/product_cat?post=116502"},{"taxonomy":"product_tag","embeddable":true,"href":"https:\/\/watchdeluxe.it\/es\/wp-json\/wp\/v2\/product_tag?post=116502"},{"taxonomy":"berocket_brand","embeddable":true,"href":"https:\/\/watchdeluxe.it\/es\/wp-json\/wp\/v2\/berocket_brand?post=116502"},{"taxonomy":"woo-feed-brand","embeddable":true,"href":"https:\/\/watchdeluxe.it\/es\/wp-json\/wp\/v2\/woo-feed-brand?post=116502"}],"curies":[{"name":"wp","href":"https:\/\/api.w.org\/{rel}","templated":true}]}}