{"id":116428,"date":"2025-07-14T17:33:51","date_gmt":"2025-07-14T15:33:51","guid":{"rendered":"https:\/\/watchdeluxe.it\/prodotto\/longines-conquest-heritage-azul-ref-l16504922\/"},"modified":"2026-04-10T18:37:27","modified_gmt":"2026-04-10T16:37:27","slug":"longines-conquest-heritage-azul-ref-l16504922","status":"publish","type":"product","link":"https:\/\/watchdeluxe.it\/es\/prodotto\/longines-conquest-heritage-azul-ref-l16504922\/","title":{"rendered":"Longines Conquest heritage azul ref. L16504922"},"content":{"rendered":"<p>Longines Conquest heritage azul ref. L16504922<\/p>\n<p>Forma Redonda<br \/>\nTama\u00f1o 40 MM<br \/>\nMaterial Caja Acero<br \/>\nImpermeabilidad 50 M<\/p>\n<p>Movimiento<\/p>\n<p>Movimiento autom\u00e1tico<\/p>\n<p>Funciones<\/p>\n<p>Complicaci\u00f3n Solo Hora<\/p>\n<p>Marque<\/p>\n<p>Esfera Azul lacada<\/p>\n<p>Pulsera<\/p>\n<p>Correa Alig\u00e1tor<\/p>\n","protected":false},"excerpt":{"rendered":"<p>Longines Conquest heritage azul ref. L16504922 Forma Redonda Tama\u00f1o 40 MM Material Caja Acero Impermeabilidad 50 M Movimiento Movimiento autom\u00e1tico Funciones Complicaci\u00f3n Solo Hora Marque Esfera Azul lacada Pulsera Correa Alig\u00e1tor<\/p>\n","protected":false},"featured_media":172355,"template":"","meta":{"_crdt_document":"","advanced_seo_description":"","jetpack_seo_html_title":"","jetpack_seo_noindex":false},"product_brand":[],"product_cat":[2187],"product_tag":[2416],"berocket_brand":[],"woo-feed-brand":[],"class_list":{"0":"post-116428","1":"product","2":"type-product","3":"status-publish","4":"has-post-thumbnail","6":"product_cat-longines-es","7":"product_tag-conquista","9":"first","10":"instock","11":"sale","12":"taxable","13":"shipping-taxable","14":"purchasable","15":"product-type-simple"},"bundled_by":[],"bundle_stock_status":"instock","bundle_stock_quantity":1,"bundle_virtual":false,"bundle_layout":"","bundle_add_to_cart_form_location":"","bundle_editable_in_cart":false,"bundle_sold_individually_context":"","bundle_item_grouping":"","bundle_min_size":"","bundle_max_size":"","bundle_price":[],"bundled_items":[],"bundle_sell_ids":[],"group_of_quantity":0,"min_quantity":0,"max_quantity":"","exclude_order_quantity_value_rules":"no","exclude_category_quantity_rules":"no","combine_variations":"no","jetpack_sharing_enabled":true,"jetpack_likes_enabled":true,"_links":{"self":[{"href":"https:\/\/watchdeluxe.it\/es\/wp-json\/wp\/v2\/product\/116428","targetHints":{"allow":["GET"]}}],"collection":[{"href":"https:\/\/watchdeluxe.it\/es\/wp-json\/wp\/v2\/product"}],"about":[{"href":"https:\/\/watchdeluxe.it\/es\/wp-json\/wp\/v2\/types\/product"}],"wp:featuredmedia":[{"embeddable":true,"href":"https:\/\/watchdeluxe.it\/es\/wp-json\/wp\/v2\/media\/172355"}],"wp:attachment":[{"href":"https:\/\/watchdeluxe.it\/es\/wp-json\/wp\/v2\/media?parent=116428"}],"wp:term":[{"taxonomy":"product_brand","embeddable":true,"href":"https:\/\/watchdeluxe.it\/es\/wp-json\/wp\/v2\/product_brand?post=116428"},{"taxonomy":"product_cat","embeddable":true,"href":"https:\/\/watchdeluxe.it\/es\/wp-json\/wp\/v2\/product_cat?post=116428"},{"taxonomy":"product_tag","embeddable":true,"href":"https:\/\/watchdeluxe.it\/es\/wp-json\/wp\/v2\/product_tag?post=116428"},{"taxonomy":"berocket_brand","embeddable":true,"href":"https:\/\/watchdeluxe.it\/es\/wp-json\/wp\/v2\/berocket_brand?post=116428"},{"taxonomy":"woo-feed-brand","embeddable":true,"href":"https:\/\/watchdeluxe.it\/es\/wp-json\/wp\/v2\/woo-feed-brand?post=116428"}],"curies":[{"name":"wp","href":"https:\/\/api.w.org\/{rel}","templated":true}]}}