{"id":116293,"date":"2025-07-14T16:21:13","date_gmt":"2025-07-14T14:21:13","guid":{"rendered":"https:\/\/watchdeluxe.it\/prodotto\/longines-conquest-verde-ref-l38304029\/"},"modified":"2025-07-14T16:21:13","modified_gmt":"2025-07-14T14:21:13","slug":"longines-conquest-verde-ref-l38304029","status":"publish","type":"product","link":"https:\/\/watchdeluxe.it\/es\/prodotto\/longines-conquest-verde-ref-l38304029\/","title":{"rendered":"Longines Conquest verde ref. L38304029"},"content":{"rendered":"<p>Longines Conquest verde ref. L38304029<\/p>\n<p>Potencia\/Movimiento: <strong>Mec\u00e1nico<\/strong><br \/>\nTipo de cuerda: <strong>Autom\u00e1tico<\/strong><br \/>\nPantalla: <strong>Anal\u00f3gica<\/strong><br \/>\nFunciones: <strong>S\u00f3lo hora<\/strong><br \/>\nResistente al agua: <strong>10 ATM resistente al agua<\/strong><br \/>\nMaterial de la caja: <strong>Acero<\/strong><br \/>\nColor de la caja: <strong>Acero<\/strong><br \/>\nColor de la esfera:         <strong>Verde<\/strong><br \/>\nMaterial de la correa: <strong>Caucho<\/strong><br \/>\nColor de la correa: <strong>Verde<\/strong><br \/>\nDi\u00e1metro de la caja (mm): <strong>41<\/strong><br \/>\nGrosor de la caja: <strong>11<\/strong><br \/>\nCristal del reloj: <strong>Zafiro<\/strong><br \/>\nFondo del reloj: <strong>Transparente<\/strong><br \/>\nPeso (g):        <strong>113<\/strong><\/p>\n","protected":false},"excerpt":{"rendered":"<p>Longines Conquest verde ref. L38304029 Potencia\/Movimiento: Mec\u00e1nico Tipo de cuerda: Autom\u00e1tico Pantalla: Anal\u00f3gica Funciones: S\u00f3lo hora Resistente al agua: 10 ATM resistente al agua Material de la caja: Acero Color de la caja: Acero Color de la esfera: Verde Material de la correa: Caucho Color de la correa: Verde Di\u00e1metro de la caja (mm): 41 [&hellip;]<\/p>\n","protected":false},"featured_media":116289,"template":"","meta":{"_crdt_document":"","advanced_seo_description":"","jetpack_seo_html_title":"","jetpack_seo_noindex":false,"jetpack_post_was_ever_published":false},"product_brand":[2151],"product_cat":[2187],"product_tag":[2416],"berocket_brand":[],"woo-feed-brand":[],"class_list":{"0":"post-116293","1":"product","2":"type-product","3":"status-publish","4":"has-post-thumbnail","6":"product_brand-longines","7":"product_cat-longines-es","8":"product_tag-conquista","10":"first","11":"instock","12":"sale","13":"taxable","14":"shipping-taxable","15":"purchasable","16":"product-type-simple"},"bundled_by":[],"bundle_stock_status":"instock","bundle_stock_quantity":1,"bundle_virtual":false,"bundle_layout":"","bundle_add_to_cart_form_location":"","bundle_editable_in_cart":false,"bundle_sold_individually_context":"","bundle_item_grouping":"","bundle_min_size":"","bundle_max_size":"","bundle_price":[],"bundled_items":[],"bundle_sell_ids":[],"group_of_quantity":0,"min_quantity":0,"max_quantity":"","exclude_order_quantity_value_rules":"no","exclude_category_quantity_rules":"no","combine_variations":"no","exclude_global_add_ons":[],"addons":[],"jetpack_sharing_enabled":true,"jetpack_likes_enabled":true,"_links":{"self":[{"href":"https:\/\/watchdeluxe.it\/es\/wp-json\/wp\/v2\/product\/116293","targetHints":{"allow":["GET"]}}],"collection":[{"href":"https:\/\/watchdeluxe.it\/es\/wp-json\/wp\/v2\/product"}],"about":[{"href":"https:\/\/watchdeluxe.it\/es\/wp-json\/wp\/v2\/types\/product"}],"wp:featuredmedia":[{"embeddable":true,"href":"https:\/\/watchdeluxe.it\/es\/wp-json\/wp\/v2\/media\/116289"}],"wp:attachment":[{"href":"https:\/\/watchdeluxe.it\/es\/wp-json\/wp\/v2\/media?parent=116293"}],"wp:term":[{"taxonomy":"product_brand","embeddable":true,"href":"https:\/\/watchdeluxe.it\/es\/wp-json\/wp\/v2\/product_brand?post=116293"},{"taxonomy":"product_cat","embeddable":true,"href":"https:\/\/watchdeluxe.it\/es\/wp-json\/wp\/v2\/product_cat?post=116293"},{"taxonomy":"product_tag","embeddable":true,"href":"https:\/\/watchdeluxe.it\/es\/wp-json\/wp\/v2\/product_tag?post=116293"},{"taxonomy":"berocket_brand","embeddable":true,"href":"https:\/\/watchdeluxe.it\/es\/wp-json\/wp\/v2\/berocket_brand?post=116293"},{"taxonomy":"woo-feed-brand","embeddable":true,"href":"https:\/\/watchdeluxe.it\/es\/wp-json\/wp\/v2\/woo-feed-brand?post=116293"}],"curies":[{"name":"wp","href":"https:\/\/api.w.org\/{rel}","templated":true}]}}