{"id":115710,"date":"2025-07-11T10:13:50","date_gmt":"2025-07-11T08:13:50","guid":{"rendered":"https:\/\/watchdeluxe.it\/prodotto\/hamilton-jazzmaster-cronografo-automatico-ref-h32606555\/"},"modified":"2025-07-11T10:13:50","modified_gmt":"2025-07-11T08:13:50","slug":"hamilton-jazzmaster-cronografo-automatico-ref-h32606555","status":"publish","type":"product","link":"https:\/\/watchdeluxe.it\/es\/prodotto\/hamilton-jazzmaster-cronografo-automatico-ref-h32606555\/","title":{"rendered":"Hamilton Jazzmaster cron\u00f3grafo autom\u00e1tico ref. H32606555"},"content":{"rendered":"<p>Hamilton Jazzmaster cron\u00f3grafo autom\u00e1tico ref. H32606555<\/p>\n<div id=\"additional\" class=\"content\" role=\"tabpanel\" data-role=\"content\" aria-labelledby=\"tab-label-additional\" aria-hidden=\"false\">\n<ul class=\"product attribute details row no-margin no-style-ul\">\n<li><span class=\"attribute-label\">Referencia<\/span> <span class=\"attribute-value\">H32606555<\/span><\/li>\n<li><span class=\"attribute-label\">Calibre<\/span> <span class=\"attribute-value\">H-31<\/span><\/li>\n<li><span class=\"attribute-label\">Colecci\u00f3n<\/span> <span class=\"attribute-value\">Jazzmaster<\/span><\/li>\n<li><span class=\"attribute-label\">Movimiento<\/span> <span class=\"attribute-value\">De cuerda autom\u00e1tica<\/span><\/li>\n<li><span class=\"attribute-label\">Funciones del reloj<\/span> <span class=\"attribute-value\">Cron\u00f3grafo, Fecha<\/span><\/li>\n<li><span class=\"attribute-label\">Dimensiones de la caja<\/span> <span class=\"attribute-value\">42 mm<\/span><\/li>\n<li><span class=\"attribute-label\">Espesor (mm)<\/span> <span class=\"attribute-value\">14.83<\/span><\/li>\n<li><span class=\"attribute-label\">Color de la esfera<\/span> <span class=\"attribute-value\">Plata<\/span><\/li>\n<li><span class=\"attribute-label\">Material de la caja<\/span> <span class=\"attribute-value\">Acero<\/span><\/li>\n<li><span class=\"attribute-label\">Vidrio<\/span> <span class=\"attribute-value\">Zafiro<\/span><\/li>\n<li><span class=\"attribute-label\">Anchura del bucle<\/span> <span class=\"attribute-value\">22 mm<\/span><\/li>\n<li><span class=\"attribute-label\">Reserva de marcha<\/span> <span class=\"attribute-value\">60 horas<\/span><\/li>\n<li><span class=\"attribute-label\">Estado<\/span> <span class=\"attribute-value\">Colecci\u00f3n anterior<\/span><\/li>\n<li><span class=\"attribute-label\">Resistencia al agua<\/span> <span class=\"attribute-value\">10 bares (100 m)<\/span><\/li>\n<\/ul>\n<\/div>\n","protected":false},"excerpt":{"rendered":"<p>Hamilton Jazzmaster cron\u00f3grafo autom\u00e1tico ref. H32606555 Referencia H32606555 Calibre H-31 Colecci\u00f3n Jazzmaster Movimiento De cuerda autom\u00e1tica Funciones del reloj Cron\u00f3grafo, Fecha Dimensiones de la caja 42 mm Espesor (mm) 14.83 Color de la esfera Plata Material de la caja Acero Vidrio Zafiro Anchura del bucle 22 mm Reserva de marcha 60 horas Estado Colecci\u00f3n anterior [&hellip;]<\/p>\n","protected":false},"featured_media":115705,"template":"","meta":{"_crdt_document":"","advanced_seo_description":"","jetpack_seo_html_title":"","jetpack_seo_noindex":false},"product_brand":[],"product_cat":[2309],"product_tag":[2601],"berocket_brand":[],"woo-feed-brand":[],"class_list":{"0":"post-115710","1":"product","2":"type-product","3":"status-publish","4":"has-post-thumbnail","6":"product_cat-hamilton-es","7":"product_tag-jazzmaster-es","9":"first","10":"instock","11":"sale","12":"taxable","13":"shipping-taxable","14":"purchasable","15":"product-type-simple"},"bundled_by":[],"bundle_stock_status":"instock","bundle_stock_quantity":1,"bundle_virtual":false,"bundle_layout":"","bundle_add_to_cart_form_location":"","bundle_editable_in_cart":false,"bundle_sold_individually_context":"","bundle_item_grouping":"","bundle_min_size":"","bundle_max_size":"","bundle_price":[],"bundled_items":[],"bundle_sell_ids":[],"group_of_quantity":0,"min_quantity":0,"max_quantity":"","exclude_order_quantity_value_rules":"no","exclude_category_quantity_rules":"no","combine_variations":"no","jetpack_sharing_enabled":true,"jetpack_likes_enabled":true,"_links":{"self":[{"href":"https:\/\/watchdeluxe.it\/es\/wp-json\/wp\/v2\/product\/115710","targetHints":{"allow":["GET"]}}],"collection":[{"href":"https:\/\/watchdeluxe.it\/es\/wp-json\/wp\/v2\/product"}],"about":[{"href":"https:\/\/watchdeluxe.it\/es\/wp-json\/wp\/v2\/types\/product"}],"wp:featuredmedia":[{"embeddable":true,"href":"https:\/\/watchdeluxe.it\/es\/wp-json\/wp\/v2\/media\/115705"}],"wp:attachment":[{"href":"https:\/\/watchdeluxe.it\/es\/wp-json\/wp\/v2\/media?parent=115710"}],"wp:term":[{"taxonomy":"product_brand","embeddable":true,"href":"https:\/\/watchdeluxe.it\/es\/wp-json\/wp\/v2\/product_brand?post=115710"},{"taxonomy":"product_cat","embeddable":true,"href":"https:\/\/watchdeluxe.it\/es\/wp-json\/wp\/v2\/product_cat?post=115710"},{"taxonomy":"product_tag","embeddable":true,"href":"https:\/\/watchdeluxe.it\/es\/wp-json\/wp\/v2\/product_tag?post=115710"},{"taxonomy":"berocket_brand","embeddable":true,"href":"https:\/\/watchdeluxe.it\/es\/wp-json\/wp\/v2\/berocket_brand?post=115710"},{"taxonomy":"woo-feed-brand","embeddable":true,"href":"https:\/\/watchdeluxe.it\/es\/wp-json\/wp\/v2\/woo-feed-brand?post=115710"}],"curies":[{"name":"wp","href":"https:\/\/api.w.org\/{rel}","templated":true}]}}