{"id":114822,"date":"2025-05-08T15:52:40","date_gmt":"2025-05-08T13:52:40","guid":{"rendered":"https:\/\/watchdeluxe.it\/prodotto\/breitling-endurance-pro-negro-ref-x82310e51b1s2\/"},"modified":"2025-05-08T15:52:40","modified_gmt":"2025-05-08T13:52:40","slug":"breitling-endurance-pro-negro-ref-x82310e51b1s2","status":"publish","type":"product","link":"https:\/\/watchdeluxe.it\/es\/prodotto\/breitling-endurance-pro-negro-ref-x82310e51b1s2\/","title":{"rendered":"Breitling Endurance pro negro ref. X82310E51B1S2"},"content":{"rendered":"<p>Breitling Endurance pro negro ref. X82310E51B1S2<\/p>\n<div class=\"sc-59f902fd-0 kSDZnm sc-149e2564-2 ifAoZh\" data-test-id=\"Section\">\n<p class=\"sc-59f902fd-0 kSDZnm sc-99f1fd2f-0 NUQxh sc-149e2564-4 bGnZnz\" data-test-id=\"SectionTitle\">Movimiento<\/p>\n<div class=\"sc-59f902fd-0 kSDZnm sc-32f8a63d-0 iKoONW sc-149e2564-5 hoCRDl\" data-test-id=\"NameValueWrapper-0\">\n<p class=\"sc-59f902fd-0 kSDZnm sc-99f1fd2f-0 NUQxh sc-149e2564-6 kjVhdX\" data-test-id=\"Name-0\">Calibre<\/p>\n<div class=\"sc-59f902fd-0 kSDZnm sc-149e2564-8 juAlza\" data-test-id=\"ValueBox-0\">\n<p class=\"sc-59f902fd-0 kSDZnm sc-99f1fd2f-0 NUQxh sc-149e2564-7 lcGbrO\" data-test-id=\"Value-0\">Breitling 82<\/p>\n<\/div>\n<\/div>\n<div class=\"sc-59f902fd-0 kSDZnm sc-32f8a63d-0 iKoONW sc-149e2564-5 hoCRDl\" data-test-id=\"NameValueWrapper-1\">\n<p class=\"sc-59f902fd-0 kSDZnm sc-99f1fd2f-0 NUQxh sc-149e2564-6 kjVhdX\" data-test-id=\"Name-1\">Movimiento<\/p>\n<div class=\"sc-59f902fd-0 kSDZnm sc-149e2564-8 juAlza\" data-test-id=\"ValueBox-1\">\n<p class=\"sc-59f902fd-0 kSDZnm sc-99f1fd2f-0 NUQxh sc-149e2564-7 lcGbrO\" data-test-id=\"Value-1\">SuperQuartz\u2122 termocompensado<\/p>\n<\/div>\n<\/div>\n<div class=\"sc-59f902fd-0 kSDZnm sc-32f8a63d-0 iKoONW sc-149e2564-5 hoCRDl\" data-test-id=\"NameValueWrapper-2\">\n<p class=\"sc-59f902fd-0 kSDZnm sc-99f1fd2f-0 NUQxh sc-149e2564-6 kjVhdX\" data-test-id=\"Name-2\">Cron\u00f3grafo<\/p>\n<div class=\"sc-59f902fd-0 kSDZnm sc-149e2564-8 juAlza\" data-test-id=\"ValueBox-2\">\n<p class=\"sc-59f902fd-0 kSDZnm sc-99f1fd2f-0 NUQxh sc-149e2564-7 lcGbrO\" data-test-id=\"Value-2\">1\/10 de segundo, 30 minutos<\/p>\n<\/div>\n<\/div>\n<div class=\"sc-59f902fd-0 kSDZnm sc-32f8a63d-0 iKoONW sc-149e2564-5 hoCRDl\" data-test-id=\"NameValueWrapper-3\">\n<p class=\"sc-59f902fd-0 kSDZnm sc-99f1fd2f-0 NUQxh sc-149e2564-6 kjVhdX\" data-test-id=\"Name-3\">Joya<\/p>\n<div class=\"sc-59f902fd-0 kSDZnm sc-149e2564-8 juAlza\" data-test-id=\"ValueBox-3\">\n<p class=\"sc-59f902fd-0 kSDZnm sc-99f1fd2f-0 NUQxh sc-149e2564-7 lcGbrO\" data-test-id=\"Value-3\">4 rub\u00edes<\/p>\n<\/div>\n<\/div>\n<div class=\"sc-59f902fd-0 kSDZnm sc-32f8a63d-0 iKoONW sc-149e2564-5 hoCRDl\" data-test-id=\"NameValueWrapper-4\">\n<p class=\"sc-59f902fd-0 kSDZnm sc-99f1fd2f-0 NUQxh sc-149e2564-6 kjVhdX\" data-test-id=\"Name-4\">Calendario<\/p>\n<div class=\"sc-59f902fd-0 kSDZnm sc-149e2564-8 juAlza\" data-test-id=\"ValueBox-4\">\n<p class=\"sc-59f902fd-0 kSDZnm sc-99f1fd2f-0 NUQxh sc-149e2564-7 lcGbrO\" data-test-id=\"Value-4\">Una ventana en la esfera<\/p>\n<\/div>\n<\/div>\n<\/div>\n<div class=\"sc-59f902fd-0 kSDZnm sc-149e2564-2 ifAoZh\" data-test-id=\"Section\">\n<p class=\"sc-59f902fd-0 kSDZnm sc-99f1fd2f-0 NUQxh sc-149e2564-4 bGnZnz\" data-test-id=\"SectionTitle\">Caso<\/p>\n<div class=\"sc-59f902fd-0 kSDZnm sc-32f8a63d-0 iKoONW sc-149e2564-5 hoCRDl\" data-test-id=\"NameValueWrapper-0\">\n<p class=\"sc-59f902fd-0 kSDZnm sc-99f1fd2f-0 NUQxh sc-149e2564-6 kjVhdX\" data-test-id=\"Name-0\">Material del malet\u00edn<\/p>\n<div class=\"sc-59f902fd-0 kSDZnm sc-149e2564-8 juAlza\" data-test-id=\"ValueBox-0\">\n<p class=\"sc-59f902fd-0 kSDZnm sc-99f1fd2f-0 NUQxh sc-149e2564-7 lcGbrO\" data-test-id=\"Value-0\">Breitlight<\/p>\n<\/div>\n<\/div>\n<div class=\"sc-59f902fd-0 kSDZnm sc-32f8a63d-0 iKoONW sc-149e2564-5 hoCRDl\" data-test-id=\"NameValueWrapper-1\">\n<p class=\"sc-59f902fd-0 kSDZnm sc-99f1fd2f-0 NUQxh sc-149e2564-6 kjVhdX\" data-test-id=\"Name-1\">Caja trasera<\/p>\n<div class=\"sc-59f902fd-0 kSDZnm sc-149e2564-8 juAlza\" data-test-id=\"ValueBox-1\">\n<p class=\"sc-59f902fd-0 kSDZnm sc-99f1fd2f-0 NUQxh sc-149e2564-7 lcGbrO\" data-test-id=\"Value-1\">Tornillo<\/p>\n<\/div>\n<\/div>\n<div class=\"sc-59f902fd-0 kSDZnm sc-32f8a63d-0 iKoONW sc-149e2564-5 hoCRDl\" data-test-id=\"NameValueWrapper-2\">\n<p class=\"sc-59f902fd-0 kSDZnm sc-99f1fd2f-0 NUQxh sc-149e2564-6 kjVhdX\" data-test-id=\"Name-2\">Resistencia al agua<\/p>\n<div class=\"sc-59f902fd-0 kSDZnm sc-149e2564-8 juAlza\" data-test-id=\"ValueBox-2\">\n<p class=\"sc-59f902fd-0 kSDZnm sc-99f1fd2f-0 NUQxh sc-149e2564-7 lcGbrO\" data-test-id=\"Value-2\">10 bares<\/p>\n<\/div>\n<\/div>\n<\/div>\n<div class=\"sc-59f902fd-0 kSDZnm sc-149e2564-2 ifAoZh\" data-test-id=\"Section\">\n<div class=\"sc-59f902fd-0 kSDZnm sc-32f8a63d-0 iKoONW sc-149e2564-5 hoCRDl\" data-test-id=\"NameValueWrapper-3\">\n<p class=\"sc-59f902fd-0 kSDZnm sc-99f1fd2f-0 NUQxh sc-149e2564-6 kjVhdX\" data-test-id=\"Name-3\">Bisel<\/p>\n<div class=\"sc-59f902fd-0 kSDZnm sc-149e2564-8 juAlza\" data-test-id=\"ValueBox-3\">\n<p class=\"sc-59f902fd-0 kSDZnm sc-99f1fd2f-0 NUQxh sc-149e2564-7 lcGbrO\" data-test-id=\"Value-3\">Dos v\u00edas, rosa de los vientos<\/p>\n<\/div>\n<\/div>\n<div class=\"sc-59f902fd-0 kSDZnm sc-32f8a63d-0 iKoONW sc-149e2564-5 hoCRDl\" data-test-id=\"NameValueWrapper-4\">\n<p class=\"sc-59f902fd-0 kSDZnm sc-99f1fd2f-0 NUQxh sc-149e2564-6 kjVhdX\" data-test-id=\"Name-4\">Corona<\/p>\n<div class=\"sc-59f902fd-0 kSDZnm sc-149e2564-8 juAlza\" data-test-id=\"ValueBox-4\">\n<p class=\"sc-59f902fd-0 kSDZnm sc-99f1fd2f-0 NUQxh sc-149e2564-7 lcGbrO\" data-test-id=\"Value-4\">Sin tornillo, dos articulaciones<\/p>\n<\/div>\n<\/div>\n<div class=\"sc-59f902fd-0 kSDZnm sc-32f8a63d-0 iKoONW sc-149e2564-5 hoCRDl\" data-test-id=\"NameValueWrapper-5\">\n<p class=\"sc-59f902fd-0 kSDZnm sc-99f1fd2f-0 NUQxh sc-149e2564-6 kjVhdX\" data-test-id=\"Name-5\">Cristal<\/p>\n<div class=\"sc-59f902fd-0 kSDZnm sc-149e2564-8 juAlza\" data-test-id=\"ValueBox-5\">\n<p class=\"sc-59f902fd-0 kSDZnm sc-99f1fd2f-0 NUQxh sc-149e2564-7 lcGbrO\" data-test-id=\"Value-5\">Zafiro, antirreflejos por ambas caras<\/p>\n<\/div>\n<\/div>\n<\/div>\n<div class=\"sc-59f902fd-0 kSDZnm sc-149e2564-2 ifAoZh\" data-test-id=\"Section\">\n<p class=\"sc-59f902fd-0 kSDZnm sc-99f1fd2f-0 NUQxh sc-149e2564-4 bGnZnz\" data-test-id=\"SectionTitle\">Dimensiones<\/p>\n<div class=\"sc-59f902fd-0 kSDZnm sc-32f8a63d-0 iKoONW sc-149e2564-5 hoCRDl\" data-test-id=\"NameValueWrapper-0\">\n<p class=\"sc-59f902fd-0 kSDZnm sc-99f1fd2f-0 NUQxh sc-149e2564-6 kjVhdX\" data-test-id=\"Name-0\">Peso del producto (aprox.)<\/p>\n<div class=\"sc-59f902fd-0 kSDZnm sc-149e2564-8 juAlza\" data-test-id=\"ValueBox-0\">\n<p class=\"sc-59f902fd-0 kSDZnm sc-99f1fd2f-0 NUQxh sc-149e2564-7 lcGbrO\" data-test-id=\"Value-0\">66.13 g<\/p>\n<\/div>\n<\/div>\n<div class=\"sc-59f902fd-0 kSDZnm sc-32f8a63d-0 iKoONW sc-149e2564-5 hoCRDl\" data-test-id=\"NameValueWrapper-1\">\n<p class=\"sc-59f902fd-0 kSDZnm sc-99f1fd2f-0 NUQxh sc-149e2564-6 kjVhdX\" data-test-id=\"Name-1\">Peso del cabezal del reloj (aprox.)<\/p>\n<div class=\"sc-59f902fd-0 kSDZnm sc-149e2564-8 juAlza\" data-test-id=\"ValueBox-1\">\n<p class=\"sc-59f902fd-0 kSDZnm sc-99f1fd2f-0 NUQxh sc-149e2564-7 lcGbrO\" data-test-id=\"Value-1\">35.5 g<\/p>\n<\/div>\n<\/div>\n<div class=\"sc-59f902fd-0 kSDZnm sc-32f8a63d-0 iKoONW sc-149e2564-5 hoCRDl\" data-test-id=\"NameValueWrapper-2\">\n<p class=\"sc-59f902fd-0 kSDZnm sc-99f1fd2f-0 NUQxh sc-149e2564-6 kjVhdX\" data-test-id=\"Name-2\">Di\u00e1metro<\/p>\n<div class=\"sc-59f902fd-0 kSDZnm sc-149e2564-8 juAlza\" data-test-id=\"ValueBox-2\">\n<p class=\"sc-59f902fd-0 kSDZnm sc-99f1fd2f-0 NUQxh sc-149e2564-7 lcGbrO\" data-test-id=\"Value-2\">44 mm<\/p>\n<\/div>\n<\/div>\n<div class=\"sc-59f902fd-0 kSDZnm sc-32f8a63d-0 iKoONW sc-149e2564-5 hoCRDl\" data-test-id=\"NameValueWrapper-3\">\n<p class=\"sc-59f902fd-0 kSDZnm sc-99f1fd2f-0 NUQxh sc-149e2564-6 kjVhdX\" data-test-id=\"Name-3\">Espesor<\/p>\n<div class=\"sc-59f902fd-0 kSDZnm sc-149e2564-8 juAlza\" data-test-id=\"ValueBox-3\">\n<p class=\"sc-59f902fd-0 kSDZnm sc-99f1fd2f-0 NUQxh sc-149e2564-7 lcGbrO\" data-test-id=\"Value-3\">12,5 mm<\/p>\n<\/div>\n<\/div>\n<div class=\"sc-59f902fd-0 kSDZnm sc-32f8a63d-0 iKoONW sc-149e2564-5 hoCRDl\" data-test-id=\"NameValueWrapper-4\">\n<p class=\"sc-59f902fd-0 kSDZnm sc-99f1fd2f-0 NUQxh sc-149e2564-6 kjVhdX\" data-test-id=\"Name-4\">Altura (punta del bucle superior a punta del bucle inferior)<\/p>\n<div class=\"sc-59f902fd-0 kSDZnm sc-149e2564-8 juAlza\" data-test-id=\"ValueBox-4\">\n<p class=\"sc-59f902fd-0 kSDZnm sc-99f1fd2f-0 NUQxh sc-149e2564-7 lcGbrO\" data-test-id=\"Value-4\">52,49 mm<\/p>\n<\/div>\n<\/div>\n<div class=\"sc-59f902fd-0 kSDZnm sc-32f8a63d-0 iKoONW sc-149e2564-5 hoCRDl\" data-test-id=\"NameValueWrapper-5\">\n<p class=\"sc-59f902fd-0 kSDZnm sc-99f1fd2f-0 NUQxh sc-149e2564-6 kjVhdX\" data-test-id=\"Name-5\">Anchura del bucle (entre bucles)<\/p>\n<div class=\"sc-59f902fd-0 kSDZnm sc-149e2564-8 juAlza\" data-test-id=\"ValueBox-5\">\n<p class=\"sc-59f902fd-0 kSDZnm sc-99f1fd2f-0 NUQxh sc-149e2564-7 lcGbrO\" data-test-id=\"Value-5\">22 mm<\/p>\n<\/div>\n<\/div>\n<\/div>\n<div class=\"sc-59f902fd-0 kSDZnm sc-149e2564-2 ifAoZh\" data-test-id=\"Section\">\n<p class=\"sc-59f902fd-0 kSDZnm sc-99f1fd2f-0 NUQxh sc-149e2564-4 bGnZnz\" data-test-id=\"SectionTitle\">Correa<\/p>\n<div class=\"sc-59f902fd-0 kSDZnm sc-32f8a63d-0 iKoONW sc-149e2564-5 hoCRDl\" data-test-id=\"NameValueWrapper-0\">\n<p class=\"sc-59f902fd-0 kSDZnm sc-99f1fd2f-0 NUQxh sc-149e2564-6 kjVhdX\" data-test-id=\"Name-0\">Material de la correa<\/p>\n<div class=\"sc-59f902fd-0 kSDZnm sc-149e2564-8 juAlza\" data-test-id=\"ValueBox-0\">\n<p class=\"sc-59f902fd-0 kSDZnm sc-99f1fd2f-0 NUQxh sc-149e2564-7 lcGbrO\" data-test-id=\"Value-0\">Goma<\/p>\n<\/div>\n<\/div>\n<div class=\"sc-59f902fd-0 kSDZnm sc-32f8a63d-0 iKoONW sc-149e2564-5 hoCRDl\" data-test-id=\"NameValueWrapper-1\">\n<p class=\"sc-59f902fd-0 kSDZnm sc-99f1fd2f-0 NUQxh sc-149e2564-6 kjVhdX\" data-test-id=\"Name-1\">Color de la correa<\/p>\n<div class=\"sc-59f902fd-0 kSDZnm sc-149e2564-8 juAlza\" data-test-id=\"ValueBox-1\">\n<p class=\"sc-59f902fd-0 kSDZnm sc-99f1fd2f-0 NUQxh sc-149e2564-7 lcGbrO\" data-test-id=\"Value-1\">Negro<\/p>\n<\/div>\n<\/div>\n<div class=\"sc-59f902fd-0 kSDZnm sc-32f8a63d-0 iKoONW sc-149e2564-5 hoCRDl\" data-test-id=\"NameValueWrapper-2\">\n<p class=\"sc-59f902fd-0 kSDZnm sc-99f1fd2f-0 NUQxh sc-149e2564-6 kjVhdX\" data-test-id=\"Name-2\">Tipo de correa<\/p>\n<div class=\"sc-59f902fd-0 kSDZnm sc-149e2564-8 juAlza\" data-test-id=\"ValueBox-2\">\n<p class=\"sc-59f902fd-0 kSDZnm sc-99f1fd2f-0 NUQxh sc-149e2564-7 lcGbrO\" data-test-id=\"Value-2\">Recto<\/p>\n<\/div>\n<\/div>\n<div class=\"sc-59f902fd-0 kSDZnm sc-32f8a63d-0 iKoONW sc-149e2564-5 hoCRDl\" data-test-id=\"NameValueWrapper-3\">\n<p class=\"sc-59f902fd-0 kSDZnm sc-99f1fd2f-0 NUQxh sc-149e2564-6 kjVhdX\" data-test-id=\"Name-3\">Ansa<\/p>\n<div class=\"sc-59f902fd-0 kSDZnm sc-149e2564-8 juAlza\" data-test-id=\"ValueBox-3\">\n<p class=\"sc-59f902fd-0 kSDZnm sc-99f1fd2f-0 NUQxh sc-149e2564-7 lcGbrO\" data-test-id=\"Value-3\">22\/18 mm<\/p>\n<\/div>\n<\/div>\n<div class=\"sc-59f902fd-0 kSDZnm sc-32f8a63d-0 iKoONW sc-149e2564-5 hoCRDl\" data-test-id=\"NameValueWrapper-4\">\n<p class=\"sc-59f902fd-0 kSDZnm sc-99f1fd2f-0 NUQxh sc-149e2564-6 kjVhdX\" data-test-id=\"Name-4\">Material de la hebilla<\/p>\n<div class=\"sc-59f902fd-0 kSDZnm sc-149e2564-8 juAlza\" data-test-id=\"ValueBox-4\">\n<p class=\"sc-59f902fd-0 kSDZnm sc-99f1fd2f-0 NUQxh sc-149e2564-7 lcGbrO\" data-test-id=\"Value-4\">Breitlight<\/p>\n<\/div>\n<\/div>\n<div class=\"sc-59f902fd-0 kSDZnm sc-32f8a63d-0 iKoONW sc-149e2564-5 hoCRDl\" data-test-id=\"NameValueWrapper-5\">\n<p class=\"sc-59f902fd-0 kSDZnm sc-99f1fd2f-0 NUQxh sc-149e2564-6 kjVhdX\" data-test-id=\"Name-5\">Tipo de hebilla<\/p>\n<div class=\"sc-59f902fd-0 kSDZnm sc-149e2564-8 juAlza\" data-test-id=\"ValueBox-5\">\n<p class=\"sc-59f902fd-0 kSDZnm sc-99f1fd2f-0 NUQxh sc-149e2564-7 lcGbrO\" data-test-id=\"Value-5\">P\u00faas<\/p>\n<\/div>\n<\/div>\n<div class=\"sc-59f902fd-0 kSDZnm sc-32f8a63d-0 iKoONW sc-149e2564-5 hoCRDl\" data-test-id=\"NameValueWrapper-6\">\n<p class=\"sc-59f902fd-0 kSDZnm sc-99f1fd2f-0 NUQxh sc-149e2564-6 kjVhdX\" data-test-id=\"Name-6\">Tama\u00f1o de la hebilla<\/p>\n<div class=\"sc-59f902fd-0 kSDZnm sc-149e2564-8 juAlza\" data-test-id=\"ValueBox-6\">\n<p class=\"sc-59f902fd-0 kSDZnm sc-99f1fd2f-0 NUQxh sc-149e2564-7 lcGbrO\" data-test-id=\"Value-6\">18 mm<\/p>\n<\/div>\n<\/div>\n<\/div>\n","protected":false},"excerpt":{"rendered":"<p>Breitling Endurance pro negro ref. X82310E51B1S2 Movimiento Calibre Breitling 82 Movimiento SuperQuartz\u2122 termocompensado Cron\u00f3grafo 1\/10 de segundo, 30 minutos Joya 4 rub\u00edes Calendario Una ventana en la esfera Caso Material del malet\u00edn Breitlight Caja trasera Tornillo Resistencia al agua 10 bares Bisel Dos v\u00edas, rosa de los vientos Corona Sin tornillo, dos articulaciones Cristal Zafiro, [&hellip;]<\/p>\n","protected":false},"featured_media":114821,"template":"","meta":{"_crdt_document":"","advanced_seo_description":"","jetpack_seo_html_title":"","jetpack_seo_noindex":false},"product_brand":[],"product_cat":[2663],"product_tag":[2686],"berocket_brand":[],"woo-feed-brand":[],"class_list":{"0":"post-114822","1":"product","2":"type-product","3":"status-publish","4":"has-post-thumbnail","6":"product_cat-breitling-es","7":"product_tag-resistencia","9":"first","10":"outofstock","11":"sale","12":"taxable","13":"shipping-taxable","14":"purchasable","15":"product-type-simple"},"bundled_by":[],"bundle_stock_status":"outofstock","bundle_stock_quantity":0,"bundle_virtual":false,"bundle_layout":"","bundle_add_to_cart_form_location":"","bundle_editable_in_cart":false,"bundle_sold_individually_context":"","bundle_item_grouping":"","bundle_min_size":"","bundle_max_size":"","bundle_price":[],"bundled_items":[],"bundle_sell_ids":[],"group_of_quantity":0,"min_quantity":0,"max_quantity":"","exclude_order_quantity_value_rules":"no","exclude_category_quantity_rules":"no","combine_variations":"no","jetpack_sharing_enabled":true,"jetpack_likes_enabled":true,"_links":{"self":[{"href":"https:\/\/watchdeluxe.it\/es\/wp-json\/wp\/v2\/product\/114822","targetHints":{"allow":["GET"]}}],"collection":[{"href":"https:\/\/watchdeluxe.it\/es\/wp-json\/wp\/v2\/product"}],"about":[{"href":"https:\/\/watchdeluxe.it\/es\/wp-json\/wp\/v2\/types\/product"}],"wp:featuredmedia":[{"embeddable":true,"href":"https:\/\/watchdeluxe.it\/es\/wp-json\/wp\/v2\/media\/114821"}],"wp:attachment":[{"href":"https:\/\/watchdeluxe.it\/es\/wp-json\/wp\/v2\/media?parent=114822"}],"wp:term":[{"taxonomy":"product_brand","embeddable":true,"href":"https:\/\/watchdeluxe.it\/es\/wp-json\/wp\/v2\/product_brand?post=114822"},{"taxonomy":"product_cat","embeddable":true,"href":"https:\/\/watchdeluxe.it\/es\/wp-json\/wp\/v2\/product_cat?post=114822"},{"taxonomy":"product_tag","embeddable":true,"href":"https:\/\/watchdeluxe.it\/es\/wp-json\/wp\/v2\/product_tag?post=114822"},{"taxonomy":"berocket_brand","embeddable":true,"href":"https:\/\/watchdeluxe.it\/es\/wp-json\/wp\/v2\/berocket_brand?post=114822"},{"taxonomy":"woo-feed-brand","embeddable":true,"href":"https:\/\/watchdeluxe.it\/es\/wp-json\/wp\/v2\/woo-feed-brand?post=114822"}],"curies":[{"name":"wp","href":"https:\/\/api.w.org\/{rel}","templated":true}]}}