{"id":114800,"date":"2025-05-08T15:43:51","date_gmt":"2025-05-08T13:43:51","guid":{"rendered":"https:\/\/watchdeluxe.it\/prodotto\/tag-heuer-carrera-day-date-ref-wda2113-ba0043\/"},"modified":"2025-05-08T15:43:51","modified_gmt":"2025-05-08T13:43:51","slug":"tag-heuer-carrera-day-date-ref-wda2113-ba0043","status":"publish","type":"product","link":"https:\/\/watchdeluxe.it\/es\/prodotto\/tag-heuer-carrera-day-date-ref-wda2113-ba0043\/","title":{"rendered":"Tag Heuer carrera Day-date ref. WDA2113.BA0043"},"content":{"rendered":"<table class=\"table\">\n<tbody>\n<tr>\n<td class=\"table_value\">Tag Heuer<\/td>\n<\/tr>\n<tr>\n<th class=\"table_name\">Referencia<\/th>\n<td class=\"table_value\">WDA2113.BA0043<\/td>\n<\/tr>\n<tr>\n<th class=\"table_name\">Cargando<\/th>\n<td class=\"table_value\">Autom\u00e1tico<\/td>\n<\/tr>\n<tr>\n<th class=\"table_name\">Color de la esfera<\/th>\n<td class=\"table_value\">Plata<\/td>\n<\/tr>\n<tr>\n<th class=\"table_name\">Material de la caja<\/th>\n<td class=\"table_value\">Acero<\/td>\n<\/tr>\n<tr>\n<th class=\"table_name\">Material de la correa<\/th>\n<td class=\"table_value\">Acero<\/td>\n<\/tr>\n<tr>\n<th class=\"table_name\">marca<\/th>\n<td class=\"table_value\">rojo<\/td>\n<\/tr>\n<\/tbody>\n<\/table>\n<table class=\"table\">\n<tbody>\n<tr>\n<th class=\"table_name\" colspan=\"2\">Detalles t\u00e9cnicos<\/th>\n<\/tr>\n<tr>\n<th class=\"table_name\">Di\u00e1metro de la caja<\/th>\n<td class=\"table_value\">41 mm<\/td>\n<\/tr>\n<tr>\n<th class=\"table_name\">Resistencia al agua<\/th>\n<td class=\"table_value\">100 m<\/td>\n<\/tr>\n<\/tbody>\n<\/table>\n","protected":false},"excerpt":{"rendered":"<p>Tag Heuer Referencia WDA2113.BA0043 Cargando Autom\u00e1tico Color de la esfera Plata Material de la caja Acero Material de la correa Acero marca rojo Detalles t\u00e9cnicos Di\u00e1metro de la caja 41 mm Resistencia al agua 100 m<\/p>\n","protected":false},"featured_media":114795,"template":"","meta":{"_crdt_document":"","advanced_seo_description":"","jetpack_seo_html_title":"","jetpack_seo_noindex":false},"product_brand":[2161],"product_cat":[2264],"product_tag":[2375],"berocket_brand":[],"woo-feed-brand":[],"class_list":{"0":"post-114800","1":"product","2":"type-product","3":"status-publish","4":"has-post-thumbnail","6":"product_brand-tag-heuer","7":"product_cat-tag-heuer-es","8":"product_tag-carrera-es","10":"first","11":"instock","12":"sale","13":"taxable","14":"shipping-taxable","15":"purchasable","16":"product-type-simple"},"bundled_by":[],"bundle_stock_status":"instock","bundle_stock_quantity":1,"bundle_virtual":false,"bundle_layout":"","bundle_add_to_cart_form_location":"","bundle_editable_in_cart":false,"bundle_sold_individually_context":"","bundle_item_grouping":"","bundle_min_size":"","bundle_max_size":"","bundle_price":[],"bundled_items":[],"bundle_sell_ids":[],"group_of_quantity":0,"min_quantity":0,"max_quantity":"","exclude_order_quantity_value_rules":"no","exclude_category_quantity_rules":"no","combine_variations":"no","jetpack_sharing_enabled":true,"jetpack_likes_enabled":true,"_links":{"self":[{"href":"https:\/\/watchdeluxe.it\/es\/wp-json\/wp\/v2\/product\/114800","targetHints":{"allow":["GET"]}}],"collection":[{"href":"https:\/\/watchdeluxe.it\/es\/wp-json\/wp\/v2\/product"}],"about":[{"href":"https:\/\/watchdeluxe.it\/es\/wp-json\/wp\/v2\/types\/product"}],"wp:featuredmedia":[{"embeddable":true,"href":"https:\/\/watchdeluxe.it\/es\/wp-json\/wp\/v2\/media\/114795"}],"wp:attachment":[{"href":"https:\/\/watchdeluxe.it\/es\/wp-json\/wp\/v2\/media?parent=114800"}],"wp:term":[{"taxonomy":"product_brand","embeddable":true,"href":"https:\/\/watchdeluxe.it\/es\/wp-json\/wp\/v2\/product_brand?post=114800"},{"taxonomy":"product_cat","embeddable":true,"href":"https:\/\/watchdeluxe.it\/es\/wp-json\/wp\/v2\/product_cat?post=114800"},{"taxonomy":"product_tag","embeddable":true,"href":"https:\/\/watchdeluxe.it\/es\/wp-json\/wp\/v2\/product_tag?post=114800"},{"taxonomy":"berocket_brand","embeddable":true,"href":"https:\/\/watchdeluxe.it\/es\/wp-json\/wp\/v2\/berocket_brand?post=114800"},{"taxonomy":"woo-feed-brand","embeddable":true,"href":"https:\/\/watchdeluxe.it\/es\/wp-json\/wp\/v2\/woo-feed-brand?post=114800"}],"curies":[{"name":"wp","href":"https:\/\/api.w.org\/{rel}","templated":true}]}}