{"id":114750,"date":"2025-05-08T15:29:06","date_gmt":"2025-05-08T13:29:06","guid":{"rendered":"https:\/\/watchdeluxe.it\/prodotto\/tag-heuer-aquaracer-professional-300-dtae-42-mm-ref-wbp5111ft6259\/"},"modified":"2026-04-10T16:49:21","modified_gmt":"2026-04-10T14:49:21","slug":"tag-heuer-aquaracer-professional-300-dtae-42-mm-ref-wbp5111ft6259","status":"publish","type":"product","link":"https:\/\/watchdeluxe.it\/es\/prodotto\/tag-heuer-aquaracer-professional-300-dtae-42-mm-ref-wbp5111ft6259\/","title":{"rendered":"Tag heuer aquaracer 300 ref. WBP5111.FT6259"},"content":{"rendered":"<p>Tag heuer aquaracer 300 ref. WBP5111.FT6259\n<\/p>\n<ul>\n<li><strong>Movimiento:<\/strong> Calibre de manufactura TH31-00 (Certificado COSC)<\/li>\n<li><strong>Reserva de marcha:<\/strong> 80 horas<\/li>\n<li><strong>Caja:<\/strong> Acero inoxidable satinado y pulido de 42 mm<\/li>\n<li><strong>Bisel:<\/strong> Giratorio unidireccional de cer\u00e1mica azul con escala de 60 minutos<\/li>\n<li><strong>Esfera:<\/strong> Azul cepillada con acabado de olas y aguja de segundos naranja<\/li>\n<li><strong>Impermeabilidad:<\/strong> 300 metros (30 ATM)<\/li>\n<li><strong>Correa:<\/strong> Caucho azul con cierre desplegable y sistema de microajuste<\/li>\n<li><strong>Cristal:<\/strong> Cristal de zafiro plano con doble tratamiento antirreflejos<\/li>\n<li><strong>Funciones:<\/strong> Horas, minutos, segundos y fecha a las 6<\/li>\n<li><strong>Visibilidad:<\/strong> \u00cdndices y agujas aplicados con tratamiento Super-LumiNova\u00ae<\/li>\n<\/ul>\n","protected":false},"excerpt":{"rendered":"<p>La encarnaci\u00f3n perfecta del esp\u00edritu de aventura y la precisi\u00f3n suiza, dise\u00f1ado para dominar las profundidades con un movimiento de manufactura certificado COSC.<\/p>\n","protected":false},"featured_media":114734,"template":"","meta":{"_crdt_document":"","advanced_seo_description":"","jetpack_seo_html_title":"","jetpack_seo_noindex":false},"product_brand":[],"product_cat":[2264],"product_tag":[3971],"berocket_brand":[],"woo-feed-brand":[],"class_list":{"0":"post-114750","1":"product","2":"type-product","3":"status-publish","4":"has-post-thumbnail","6":"product_cat-tag-heuer-es","7":"product_tag-aquaracer-es","9":"first","10":"instock","11":"sale","12":"taxable","13":"shipping-taxable","14":"purchasable","15":"product-type-simple"},"bundled_by":[],"bundle_stock_status":"instock","bundle_stock_quantity":1,"bundle_virtual":false,"bundle_layout":"","bundle_add_to_cart_form_location":"","bundle_editable_in_cart":false,"bundle_sold_individually_context":"","bundle_item_grouping":"","bundle_min_size":"","bundle_max_size":"","bundle_price":[],"bundled_items":[],"bundle_sell_ids":[],"group_of_quantity":0,"min_quantity":0,"max_quantity":"","exclude_order_quantity_value_rules":"no","exclude_category_quantity_rules":"no","combine_variations":"no","jetpack_sharing_enabled":true,"jetpack_likes_enabled":true,"_links":{"self":[{"href":"https:\/\/watchdeluxe.it\/es\/wp-json\/wp\/v2\/product\/114750","targetHints":{"allow":["GET"]}}],"collection":[{"href":"https:\/\/watchdeluxe.it\/es\/wp-json\/wp\/v2\/product"}],"about":[{"href":"https:\/\/watchdeluxe.it\/es\/wp-json\/wp\/v2\/types\/product"}],"wp:featuredmedia":[{"embeddable":true,"href":"https:\/\/watchdeluxe.it\/es\/wp-json\/wp\/v2\/media\/114734"}],"wp:attachment":[{"href":"https:\/\/watchdeluxe.it\/es\/wp-json\/wp\/v2\/media?parent=114750"}],"wp:term":[{"taxonomy":"product_brand","embeddable":true,"href":"https:\/\/watchdeluxe.it\/es\/wp-json\/wp\/v2\/product_brand?post=114750"},{"taxonomy":"product_cat","embeddable":true,"href":"https:\/\/watchdeluxe.it\/es\/wp-json\/wp\/v2\/product_cat?post=114750"},{"taxonomy":"product_tag","embeddable":true,"href":"https:\/\/watchdeluxe.it\/es\/wp-json\/wp\/v2\/product_tag?post=114750"},{"taxonomy":"berocket_brand","embeddable":true,"href":"https:\/\/watchdeluxe.it\/es\/wp-json\/wp\/v2\/berocket_brand?post=114750"},{"taxonomy":"woo-feed-brand","embeddable":true,"href":"https:\/\/watchdeluxe.it\/es\/wp-json\/wp\/v2\/woo-feed-brand?post=114750"}],"curies":[{"name":"wp","href":"https:\/\/api.w.org\/{rel}","templated":true}]}}