{"id":114527,"date":"2025-06-19T15:17:40","date_gmt":"2025-06-19T13:17:40","guid":{"rendered":"https:\/\/watchdeluxe.it\/prodotto\/hamilton-jazzmaster-performer-cronografo-42mm-ref-h36646780\/"},"modified":"2025-06-19T15:17:49","modified_gmt":"2025-06-19T13:17:49","slug":"hamilton-jazzmaster-performer-cronografo-42mm-ref-h36646780","status":"publish","type":"product","link":"https:\/\/watchdeluxe.it\/es\/prodotto\/hamilton-jazzmaster-performer-cronografo-42mm-ref-h36646780\/","title":{"rendered":"Hamilton Jazzmaster Performer cron\u00f3grafo 42mm ref. H36646780"},"content":{"rendered":"<p>Hamilton Jazzmaster Performer cron\u00f3grafo 42mm ref. H36646780<\/p>\n<p>Calibre<br \/>\nH-31<br \/>\nColecci\u00f3n<br \/>\nJazzmaster<br \/>\nMovimiento<br \/>\nCarga autom\u00e1tica<br \/>\nDimensiones del malet\u00edn<br \/>\n42 mm<br \/>\nEspesor (mm)<br \/>\n15.22<br \/>\nColor de la esfera<br \/>\nAntracita<br \/>\nMaterial del malet\u00edn<br \/>\nAcero<br \/>\nRevestimiento<br \/>\nPVD negro<br \/>\nVidrio<br \/>\nZafiro<br \/>\nAnchura del bucle<br \/>\n22 mm<br \/>\nReserva de marcha<br \/>\n60 horas<br \/>\nEstado<br \/>\nColecci\u00f3n actual<br \/>\nImpermeable<br \/>\n10 bar (100 m)<br \/>\nAntirreflejos<br \/>\nS\u00ed<br \/>\nParte trasera visible<br \/>\nS\u00ed<br \/>\nCorona roscada<br \/>\nS\u00ed<br \/>\nNivachron<br \/>\nS\u00ed<\/p>\n","protected":false},"excerpt":{"rendered":"<p>Hamilton Jazzmaster Performer cron\u00f3grafo 42mm ref. H36646780 Calibre H-31 Colecci\u00f3n Jazzmaster Movimiento Carga autom\u00e1tica Dimensiones del malet\u00edn 42 mm Espesor (mm) 15.22 Color de la esfera Antracita Material del malet\u00edn Acero Revestimiento PVD negro Vidrio Zafiro Anchura del bucle 22 mm Reserva de marcha 60 horas Estado Colecci\u00f3n actual Impermeable 10 bar (100 m) Antirreflejos [&hellip;]<\/p>\n","protected":false},"featured_media":114523,"template":"","meta":{"_crdt_document":"","advanced_seo_description":"","jetpack_seo_html_title":"","jetpack_seo_noindex":false},"product_brand":[],"product_cat":[2309],"product_tag":[2601],"berocket_brand":[],"woo-feed-brand":[],"class_list":{"0":"post-114527","1":"product","2":"type-product","3":"status-publish","4":"has-post-thumbnail","6":"product_cat-hamilton-es","7":"product_tag-jazzmaster-es","9":"first","10":"instock","11":"sale","12":"taxable","13":"shipping-taxable","14":"purchasable","15":"product-type-simple"},"bundled_by":[],"bundle_stock_status":"instock","bundle_stock_quantity":null,"bundle_virtual":false,"bundle_layout":"","bundle_add_to_cart_form_location":"","bundle_editable_in_cart":false,"bundle_sold_individually_context":"","bundle_item_grouping":"","bundle_min_size":"","bundle_max_size":"","bundle_price":[],"bundled_items":[],"bundle_sell_ids":[],"group_of_quantity":0,"min_quantity":0,"max_quantity":"","exclude_order_quantity_value_rules":"no","exclude_category_quantity_rules":"no","combine_variations":"no","jetpack_sharing_enabled":true,"jetpack_likes_enabled":true,"_links":{"self":[{"href":"https:\/\/watchdeluxe.it\/es\/wp-json\/wp\/v2\/product\/114527","targetHints":{"allow":["GET"]}}],"collection":[{"href":"https:\/\/watchdeluxe.it\/es\/wp-json\/wp\/v2\/product"}],"about":[{"href":"https:\/\/watchdeluxe.it\/es\/wp-json\/wp\/v2\/types\/product"}],"wp:featuredmedia":[{"embeddable":true,"href":"https:\/\/watchdeluxe.it\/es\/wp-json\/wp\/v2\/media\/114523"}],"wp:attachment":[{"href":"https:\/\/watchdeluxe.it\/es\/wp-json\/wp\/v2\/media?parent=114527"}],"wp:term":[{"taxonomy":"product_brand","embeddable":true,"href":"https:\/\/watchdeluxe.it\/es\/wp-json\/wp\/v2\/product_brand?post=114527"},{"taxonomy":"product_cat","embeddable":true,"href":"https:\/\/watchdeluxe.it\/es\/wp-json\/wp\/v2\/product_cat?post=114527"},{"taxonomy":"product_tag","embeddable":true,"href":"https:\/\/watchdeluxe.it\/es\/wp-json\/wp\/v2\/product_tag?post=114527"},{"taxonomy":"berocket_brand","embeddable":true,"href":"https:\/\/watchdeluxe.it\/es\/wp-json\/wp\/v2\/berocket_brand?post=114527"},{"taxonomy":"woo-feed-brand","embeddable":true,"href":"https:\/\/watchdeluxe.it\/es\/wp-json\/wp\/v2\/woo-feed-brand?post=114527"}],"curies":[{"name":"wp","href":"https:\/\/api.w.org\/{rel}","templated":true}]}}