{"id":114488,"date":"2025-05-05T15:25:28","date_gmt":"2025-05-05T13:25:28","guid":{"rendered":"https:\/\/watchdeluxe.it\/prodotto\/glashutte-original-senator-excellence-panorama-date-fase-lunar-ref-1-36-24-05-02-61\/"},"modified":"2026-04-09T16:29:42","modified_gmt":"2026-04-09T14:29:42","slug":"glashutte-original-senator-excellence-panorama-date-fase-lunar-ref-1-36-24-05-02-61","status":"publish","type":"product","link":"https:\/\/watchdeluxe.it\/es\/prodotto\/glashutte-original-senator-excellence-panorama-date-fase-lunar-ref-1-36-24-05-02-61\/","title":{"rendered":"Glashutte original Senator Excellence Panorama Date fases de luna ref. 1-36-24-05-02-61"},"content":{"rendered":"<p>Glashutte original Senator Excellence Panorama Date fases de luna ref. 1-36-24-05-02-61<\/p>\n<div id=\"collapse-4\" class=\"collapse show\" aria-labelledby=\"heading-4\" data-parent=\"#accordion-td\">\n<div class=\"card-body\">\n<div class=\"row\">\n<div class=\"col-12 mb-2\">\n<div class=\"watch__keyfact-value\">Movimiento autom\u00e1tico<\/div>\n<p><span class=\"watch__keyfact-desc desc\">Tipo de movimiento<\/span><\/div>\n<div class=\"col-12 mb-2\">\n<div class=\"watch__keyfact-value\">100 h<\/div>\n<p><span class=\"watch__keyfact-desc desc\">Reserva de marcha<\/span><\/div>\n<div class=\"col-12 mb-2\">\n<div class=\"watch__keyfact-value\">28.800 vph, equivalentes a 4 hz<\/div>\n<p><span class=\"watch__keyfact-desc desc\">Frecuencia<\/span><\/div>\n<div class=\"col-12 mb-2\">\n<div class=\"watch__keyfact-value\">Comentarios<\/div>\n<div class=\"watch__keyfact-desc desc\">\n<ul class=\"ul-tag-list \">\n<li class=\"mb-1\">Plato tres cuartos Glash\u00fctte con decoraci\u00f3n de cintas<\/li>\n<li class=\"mb-1\">Puente del volante grabado a mano<\/li>\n<li class=\"mb-1\">\u00c1ngulos biselados\/pulidos<\/li>\n<li class=\"mb-1\">Piezas de acero pulido<\/li>\n<li class=\"mb-1\">Tornillos azulados<\/li>\n<\/ul>\n<\/div>\n<\/div>\n<\/div>\n<\/div>\n<\/div>\n<div id=\"collapse-0\" class=\"collapse show\" aria-labelledby=\"heading-0\" data-parent=\"#accordion-td\">\n<div class=\"card-body\">\n<div class=\"row\">\n<div class=\"pl-3 mb-3\">\n<div>\n<div id=\"collapse-1\" class=\"collapse show\" aria-labelledby=\"heading-1\" data-parent=\"#accordion-td\">\n<div class=\"card-body\">\n<div class=\"row\">\n<div class=\"col-12 mb-2\">\n<div class=\"watch__keyfact-value\">acero<\/div>\n<p><span class=\"watch__keyfact-desc desc\">Material del malet\u00edn<\/span><\/div>\n<div class=\"col-12 mb-2\">\n<div class=\"watch__keyfact-value\">5 bar<\/div>\n<p><span class=\"watch__keyfact-desc desc\">Bajo el agua<\/span><\/div>\n<div class=\"col-12 mb-2\">\n<div class=\"watch__keyfact-value\">40,00 mm<\/div>\n<p><span class=\"watch__keyfact-desc desc\">Di\u00e1metro de la caja<\/span><\/div>\n<div class=\"col-12 mb-2\">\n<div class=\"watch__keyfact-value\">12,20 mm<\/div>\n<p><span class=\"watch__keyfact-desc desc\">Grosor de la caja<\/span><\/div>\n<\/div>\n<\/div>\n<\/div>\n<\/div>\n<div class=\"watch__keyfact-value\">Funciones<\/div>\n<div class=\"watch__keyfact-desc desc\">\n<ul class=\"ul-tag-list \">\n<li class=\"mb-1\">Horas y minutos<\/li>\n<li class=\"mb-1\">Segundos<\/li>\n<li class=\"mb-1\">Fecha Panor\u00e1mica<\/li>\n<li class=\"mb-1\">Fases lunares<\/li>\n<\/ul>\n<\/div>\n<\/div>\n<\/div>\n<\/div>\n<\/div>\n","protected":false},"excerpt":{"rendered":"<p>Glashutte original Senator Excellence Panorama Date fases de luna ref. 1-36-24-05-02-61 Movimiento autom\u00e1tico Tipo de movimiento 100 h Reserva de marcha 28.800 vph, equivalentes a 4 hz Frecuencia Comentarios Plato tres cuartos Glash\u00fctte con decoraci\u00f3n de cintas Puente del volante grabado a mano \u00c1ngulos biselados\/pulidos Piezas de acero pulido Tornillos azulados acero Material del malet\u00edn [&hellip;]<\/p>\n","protected":false},"featured_media":160907,"template":"","meta":{"_crdt_document":"","advanced_seo_description":"","jetpack_seo_html_title":"","jetpack_seo_noindex":false},"product_brand":[],"product_cat":[3919],"product_tag":[2554],"berocket_brand":[],"woo-feed-brand":[],"class_list":{"0":"post-114488","1":"product","2":"type-product","3":"status-publish","4":"has-post-thumbnail","6":"product_cat-glashutte-original-es","7":"product_tag-senador","9":"first","10":"instock","11":"sale","12":"taxable","13":"shipping-taxable","14":"purchasable","15":"product-type-simple"},"bundled_by":[],"bundle_stock_status":"instock","bundle_stock_quantity":1,"bundle_virtual":false,"bundle_layout":"","bundle_add_to_cart_form_location":"","bundle_editable_in_cart":false,"bundle_sold_individually_context":"","bundle_item_grouping":"","bundle_min_size":"","bundle_max_size":"","bundle_price":[],"bundled_items":[],"bundle_sell_ids":[],"group_of_quantity":0,"min_quantity":0,"max_quantity":"","exclude_order_quantity_value_rules":"no","exclude_category_quantity_rules":"no","combine_variations":"no","exclude_global_add_ons":[],"addons":[],"jetpack_sharing_enabled":true,"jetpack_likes_enabled":true,"_links":{"self":[{"href":"https:\/\/watchdeluxe.it\/es\/wp-json\/wp\/v2\/product\/114488","targetHints":{"allow":["GET"]}}],"collection":[{"href":"https:\/\/watchdeluxe.it\/es\/wp-json\/wp\/v2\/product"}],"about":[{"href":"https:\/\/watchdeluxe.it\/es\/wp-json\/wp\/v2\/types\/product"}],"wp:featuredmedia":[{"embeddable":true,"href":"https:\/\/watchdeluxe.it\/es\/wp-json\/wp\/v2\/media\/160907"}],"wp:attachment":[{"href":"https:\/\/watchdeluxe.it\/es\/wp-json\/wp\/v2\/media?parent=114488"}],"wp:term":[{"taxonomy":"product_brand","embeddable":true,"href":"https:\/\/watchdeluxe.it\/es\/wp-json\/wp\/v2\/product_brand?post=114488"},{"taxonomy":"product_cat","embeddable":true,"href":"https:\/\/watchdeluxe.it\/es\/wp-json\/wp\/v2\/product_cat?post=114488"},{"taxonomy":"product_tag","embeddable":true,"href":"https:\/\/watchdeluxe.it\/es\/wp-json\/wp\/v2\/product_tag?post=114488"},{"taxonomy":"berocket_brand","embeddable":true,"href":"https:\/\/watchdeluxe.it\/es\/wp-json\/wp\/v2\/berocket_brand?post=114488"},{"taxonomy":"woo-feed-brand","embeddable":true,"href":"https:\/\/watchdeluxe.it\/es\/wp-json\/wp\/v2\/woo-feed-brand?post=114488"}],"curies":[{"name":"wp","href":"https:\/\/api.w.org\/{rel}","templated":true}]}}