{"id":114462,"date":"2025-05-05T15:14:04","date_gmt":"2025-05-05T13:14:04","guid":{"rendered":"https:\/\/watchdeluxe.it\/prodotto\/breitling-top-time-b31-ref-ab3113171l1a1\/"},"modified":"2026-04-14T14:03:28","modified_gmt":"2026-04-14T12:03:28","slug":"breitling-top-time-b31-ref-ab3113171l1a1","status":"publish","type":"product","link":"https:\/\/watchdeluxe.it\/es\/prodotto\/breitling-top-time-b31-ref-ab3113171l1a1\/","title":{"rendered":"Breitling top time b31 ref. AB3113171L1A1"},"content":{"rendered":"<p>Breitling Top Time B31 ref. AB3113171L1A1<\/p>\n<div class=\"sc-59f902fd-0 kSDZnm sc-149e2564-2 ifAoZh\" data-test-id=\"Section\">\n<p class=\"sc-59f902fd-0 kSDZnm sc-99f1fd2f-0 NUQxh sc-149e2564-4 bGnZnz\" data-test-id=\"SectionTitle\">\n<div class=\"sc-59f902fd-0 kSDZnm sc-32f8a63d-0 iKoONW sc-149e2564-5 hoCRDl\" data-test-id=\"NameValueWrapper-0\">\n<p class=\"sc-59f902fd-0 kSDZnm sc-99f1fd2f-0 NUQxh sc-149e2564-6 kjVhdX\" data-test-id=\"Name-0\">Calibre Breitling B31 (Fabricaci\u00f3n)<\/p>\n<\/div>\n<div class=\"sc-59f902fd-0 kSDZnm sc-32f8a63d-0 iKoONW sc-149e2564-5 hoCRDl\" data-test-id=\"NameValueWrapper-1\">\n<p class=\"sc-59f902fd-0 kSDZnm sc-99f1fd2f-0 NUQxh sc-149e2564-6 kjVhdX\" data-test-id=\"Name-1\">Movimiento Mec\u00e1nico de cuerda autom\u00e1tica<\/p>\n<\/div>\n<div class=\"sc-59f902fd-0 kSDZnm sc-32f8a63d-0 iKoONW sc-149e2564-5 hoCRDl\" data-test-id=\"NameValueWrapper-2\">\n<p class=\"sc-59f902fd-0 kSDZnm sc-99f1fd2f-0 NUQxh sc-149e2564-6 kjVhdX\" data-test-id=\"Name-2\">Reserva de energ\u00eda Aprox. 78 horas<\/p>\n<\/div>\n<div class=\"sc-59f902fd-0 kSDZnm sc-32f8a63d-0 iKoONW sc-149e2564-5 hoCRDl\" data-test-id=\"NameValueWrapper-3\">\n<p class=\"sc-59f902fd-0 kSDZnm sc-99f1fd2f-0 NUQxh sc-149e2564-6 kjVhdX\" data-test-id=\"Name-3\">Vibraci\u00f3n 28 800 a\/h<\/p>\n<\/div>\n<div class=\"sc-59f902fd-0 kSDZnm sc-32f8a63d-0 iKoONW sc-149e2564-5 hoCRDl\" data-test-id=\"NameValueWrapper-4\">\n<p class=\"sc-59f902fd-0 kSDZnm sc-99f1fd2f-0 NUQxh sc-149e2564-6 kjVhdX\" data-test-id=\"Name-4\">Calendario Una ventana en la esfera<\/p>\n<\/div>\n<\/div>\n<div class=\"sc-59f902fd-0 kSDZnm sc-149e2564-2 ifAoZh\" data-test-id=\"Section\">\n<p class=\"sc-59f902fd-0 kSDZnm sc-99f1fd2f-0 NUQxh sc-149e2564-4 bGnZnz\" data-test-id=\"SectionTitle\">\n<div class=\"sc-59f902fd-0 kSDZnm sc-32f8a63d-0 iKoONW sc-149e2564-5 hoCRDl\" data-test-id=\"NameValueWrapper-0\">\n<p class=\"sc-59f902fd-0 kSDZnm sc-99f1fd2f-0 NUQxh sc-149e2564-6 kjVhdX\" data-test-id=\"Name-0\">Material de la caja Acero inoxidable<\/p>\n<\/div>\n<div class=\"sc-59f902fd-0 kSDZnm sc-32f8a63d-0 iKoONW sc-149e2564-5 hoCRDl\" data-test-id=\"NameValueWrapper-1\">\n<p class=\"sc-59f902fd-0 kSDZnm sc-99f1fd2f-0 NUQxh sc-149e2564-6 kjVhdX\" data-test-id=\"Name-1\">Parte trasera atornillada (cristal de zafiro)<\/p>\n<\/div>\n<div class=\"sc-59f902fd-0 kSDZnm sc-32f8a63d-0 iKoONW sc-149e2564-5 hoCRDl\" data-test-id=\"NameValueWrapper-2\">\n<p class=\"sc-59f902fd-0 kSDZnm sc-99f1fd2f-0 NUQxh sc-149e2564-6 kjVhdX\" data-test-id=\"Name-2\">Resistencia al agua 10 bares<\/p>\n<\/div>\n<\/div>\n<div class=\"sc-59f902fd-0 kSDZnm sc-149e2564-2 ifAoZh\" data-test-id=\"Section\">\n<div class=\"sc-59f902fd-0 kSDZnm sc-32f8a63d-0 iKoONW sc-149e2564-5 hoCRDl\" data-test-id=\"NameValueWrapper-3\">\n<p class=\"sc-59f902fd-0 kSDZnm sc-99f1fd2f-0 NUQxh sc-149e2564-6 kjVhdX\" data-test-id=\"Name-3\">Bisel fijo<\/p>\n<\/div>\n<div class=\"sc-59f902fd-0 kSDZnm sc-32f8a63d-0 iKoONW sc-149e2564-5 hoCRDl\" data-test-id=\"NameValueWrapper-4\">\n<p class=\"sc-59f902fd-0 kSDZnm sc-99f1fd2f-0 NUQxh sc-149e2564-6 kjVhdX\" data-test-id=\"Name-4\">Corona no atornillada, dos articulaciones<\/p>\n<\/div>\n<div class=\"sc-59f902fd-0 kSDZnm sc-32f8a63d-0 iKoONW sc-149e2564-5 hoCRDl\" data-test-id=\"NameValueWrapper-5\">\n<p class=\"sc-59f902fd-0 kSDZnm sc-99f1fd2f-0 NUQxh sc-149e2564-6 kjVhdX\" data-test-id=\"Name-5\">Cristal de zafiro convexo, antirreflejos por ambas caras<\/p>\n<\/div>\n<\/div>\n<div class=\"sc-59f902fd-0 kSDZnm sc-149e2564-2 ifAoZh\" data-test-id=\"Section\">\n<p class=\"sc-59f902fd-0 kSDZnm sc-99f1fd2f-0 NUQxh sc-149e2564-4 bGnZnz\" data-test-id=\"SectionTitle\">Dimensiones Peso del producto (aprox.)<\/p>\n<div class=\"sc-59f902fd-0 kSDZnm sc-32f8a63d-0 iKoONW sc-149e2564-5 hoCRDl\" data-test-id=\"NameValueWrapper-0\">\n<div class=\"sc-59f902fd-0 kSDZnm sc-149e2564-8 juAlza\" data-test-id=\"ValueBox-0\">\n<p class=\"sc-59f902fd-0 kSDZnm sc-99f1fd2f-0 NUQxh sc-149e2564-7 lcGbrO\" data-test-id=\"Value-0\">123,8 g Peso de la caja del reloj (aprox.)<\/p>\n<\/div>\n<\/div>\n<div class=\"sc-59f902fd-0 kSDZnm sc-32f8a63d-0 iKoONW sc-149e2564-5 hoCRDl\" data-test-id=\"NameValueWrapper-1\">\n<div class=\"sc-59f902fd-0 kSDZnm sc-149e2564-8 juAlza\" data-test-id=\"ValueBox-1\">\n<p class=\"sc-59f902fd-0 kSDZnm sc-99f1fd2f-0 NUQxh sc-149e2564-7 lcGbrO\" data-test-id=\"Value-1\">54 g Di\u00e1metro 38 mm<\/p>\n<\/div>\n<\/div>\n<div class=\"sc-59f902fd-0 kSDZnm sc-32f8a63d-0 iKoONW sc-149e2564-5 hoCRDl\" data-test-id=\"NameValueWrapper-3\">\n<p class=\"sc-59f902fd-0 kSDZnm sc-99f1fd2f-0 NUQxh sc-149e2564-6 kjVhdX\" data-test-id=\"Name-3\">Ancho entre asas<\/p>\n<div class=\"sc-59f902fd-0 kSDZnm sc-149e2564-8 juAlza\" data-test-id=\"ValueBox-3\">\n<p class=\"sc-59f902fd-0 kSDZnm sc-99f1fd2f-0 NUQxh sc-149e2564-7 lcGbrO\" data-test-id=\"Value-3\">20,05 mm Correa<\/p>\n<\/div>\n<\/div>\n<\/div>\n<div class=\"sc-59f902fd-0 kSDZnm sc-149e2564-2 ifAoZh\" data-test-id=\"Section\">\n<div class=\"sc-59f902fd-0 kSDZnm sc-32f8a63d-0 iKoONW sc-149e2564-5 hoCRDl\" data-test-id=\"NameValueWrapper-0\">\n<p class=\"sc-59f902fd-0 kSDZnm sc-99f1fd2f-0 NUQxh sc-149e2564-6 kjVhdX\" data-test-id=\"Name-0\">Material de la correa<\/p>\n<div class=\"sc-59f902fd-0 kSDZnm sc-149e2564-8 juAlza\" data-test-id=\"ValueBox-0\">\n<p class=\"sc-59f902fd-0 kSDZnm sc-99f1fd2f-0 NUQxh sc-149e2564-7 lcGbrO\" data-test-id=\"Value-0\">Acero inoxidable<\/p>\n<\/div>\n<\/div>\n<div class=\"sc-59f902fd-0 kSDZnm sc-32f8a63d-0 iKoONW sc-149e2564-5 hoCRDl\" data-test-id=\"NameValueWrapper-1\">\n<p class=\"sc-59f902fd-0 kSDZnm sc-99f1fd2f-0 NUQxh sc-149e2564-6 kjVhdX\" data-test-id=\"Name-1\">Color de la correa<\/p>\n<div class=\"sc-59f902fd-0 kSDZnm sc-149e2564-8 juAlza\" data-test-id=\"ValueBox-1\">\n<p class=\"sc-59f902fd-0 kSDZnm sc-99f1fd2f-0 NUQxh sc-149e2564-7 lcGbrO\" data-test-id=\"Value-1\">Brazalete de metal<\/p>\n<\/div>\n<\/div>\n<div class=\"sc-59f902fd-0 kSDZnm sc-32f8a63d-0 iKoONW sc-149e2564-5 hoCRDl\" data-test-id=\"NameValueWrapper-2\">\n<p class=\"sc-59f902fd-0 kSDZnm sc-99f1fd2f-0 NUQxh sc-149e2564-6 kjVhdX\" data-test-id=\"Name-2\">Tipo de correa<\/p>\n<div class=\"sc-59f902fd-0 kSDZnm sc-149e2564-8 juAlza\" data-test-id=\"ValueBox-2\">\n<p class=\"sc-59f902fd-0 kSDZnm sc-99f1fd2f-0 NUQxh sc-149e2564-7 lcGbrO\" data-test-id=\"Value-2\">Recto<\/p>\n<\/div>\n<\/div>\n<div class=\"sc-59f902fd-0 kSDZnm sc-32f8a63d-0 iKoONW sc-149e2564-5 hoCRDl\" data-test-id=\"NameValueWrapper-3\">\n<p class=\"sc-59f902fd-0 kSDZnm sc-99f1fd2f-0 NUQxh sc-149e2564-6 kjVhdX\" data-test-id=\"Name-3\">Asa<\/p>\n<div class=\"sc-59f902fd-0 kSDZnm sc-149e2564-8 juAlza\" data-test-id=\"ValueBox-3\">\n<p class=\"sc-59f902fd-0 kSDZnm sc-99f1fd2f-0 NUQxh sc-149e2564-7 lcGbrO\" data-test-id=\"Value-3\">20 mm<\/p>\n<\/div>\n<\/div>\n<\/div>\n","protected":false},"excerpt":{"rendered":"<p>Breitling Top Time B31 ref. AB3113171L1A1 Calibre Breitling B31 (Fabricaci\u00f3n) Movimiento Mec\u00e1nico de cuerda autom\u00e1tica Reserva de energ\u00eda Aprox. 78 horas Vibraci\u00f3n 28 800 a\/h Calendario Una ventana en la esfera Material de la caja Acero inoxidable Parte trasera atornillada (cristal de zafiro) Resistencia al agua 10 bares Bisel fijo Corona no atornillada, dos articulaciones [&hellip;]<\/p>\n","protected":false},"featured_media":174671,"template":"","meta":{"_crdt_document":"","advanced_seo_description":"","jetpack_seo_html_title":"","jetpack_seo_noindex":false},"product_brand":[],"product_cat":[2663],"product_tag":[3707],"berocket_brand":[],"woo-feed-brand":[],"class_list":{"0":"post-114462","1":"product","2":"type-product","3":"status-publish","4":"has-post-thumbnail","6":"product_cat-breitling-es","7":"product_tag-tiempo-top0","9":"first","10":"instock","11":"sale","12":"taxable","13":"shipping-taxable","14":"purchasable","15":"product-type-simple"},"bundled_by":[],"bundle_stock_status":"instock","bundle_stock_quantity":1,"bundle_virtual":false,"bundle_layout":"","bundle_add_to_cart_form_location":"","bundle_editable_in_cart":false,"bundle_sold_individually_context":"","bundle_item_grouping":"","bundle_min_size":"","bundle_max_size":"","bundle_price":[],"bundled_items":[],"bundle_sell_ids":[],"group_of_quantity":0,"min_quantity":0,"max_quantity":"","exclude_order_quantity_value_rules":"no","exclude_category_quantity_rules":"no","combine_variations":"no","jetpack_sharing_enabled":true,"jetpack_likes_enabled":true,"_links":{"self":[{"href":"https:\/\/watchdeluxe.it\/es\/wp-json\/wp\/v2\/product\/114462","targetHints":{"allow":["GET"]}}],"collection":[{"href":"https:\/\/watchdeluxe.it\/es\/wp-json\/wp\/v2\/product"}],"about":[{"href":"https:\/\/watchdeluxe.it\/es\/wp-json\/wp\/v2\/types\/product"}],"wp:featuredmedia":[{"embeddable":true,"href":"https:\/\/watchdeluxe.it\/es\/wp-json\/wp\/v2\/media\/174671"}],"wp:attachment":[{"href":"https:\/\/watchdeluxe.it\/es\/wp-json\/wp\/v2\/media?parent=114462"}],"wp:term":[{"taxonomy":"product_brand","embeddable":true,"href":"https:\/\/watchdeluxe.it\/es\/wp-json\/wp\/v2\/product_brand?post=114462"},{"taxonomy":"product_cat","embeddable":true,"href":"https:\/\/watchdeluxe.it\/es\/wp-json\/wp\/v2\/product_cat?post=114462"},{"taxonomy":"product_tag","embeddable":true,"href":"https:\/\/watchdeluxe.it\/es\/wp-json\/wp\/v2\/product_tag?post=114462"},{"taxonomy":"berocket_brand","embeddable":true,"href":"https:\/\/watchdeluxe.it\/es\/wp-json\/wp\/v2\/berocket_brand?post=114462"},{"taxonomy":"woo-feed-brand","embeddable":true,"href":"https:\/\/watchdeluxe.it\/es\/wp-json\/wp\/v2\/woo-feed-brand?post=114462"}],"curies":[{"name":"wp","href":"https:\/\/api.w.org\/{rel}","templated":true}]}}