{"id":114389,"date":"2023-10-16T15:29:34","date_gmt":"2023-10-16T13:29:34","guid":{"rendered":"https:\/\/watchdeluxe.it\/prodotto\/tarjetero-montblanc-meisterstuck-3-bolsillos-ref-131697\/"},"modified":"2026-01-22T10:12:47","modified_gmt":"2026-01-22T09:12:47","slug":"tarjetero-montblanc-meisterstuck-3-bolsillos-ref-131697","status":"publish","type":"product","link":"https:\/\/watchdeluxe.it\/es\/prodotto\/tarjetero-montblanc-meisterstuck-3-bolsillos-ref-131697\/","title":{"rendered":"Tarjetero Montblanc Meisterstuck 3 bolsillos ref. 131697"},"content":{"rendered":"<p>Tarjetero Montblanc Meisterstuck 3 bolsillos ref. 131697<\/p>\n<p><strong>Tarjetero Montblanc<\/strong> <strong>Meisterstuck<\/strong> de piel de becerro azul tinta con 3 bolsillos para tarjetas de cr\u00e9dito y emblema Montblanc en la parte delantera.<\/p>\n<p>La cartera se entrega con un <strong>estuche Montblanc<\/strong> y una <strong>garant\u00eda de 2 a\u00f1os<\/strong> a partir de la fecha de compra.<\/p>\n","protected":false},"excerpt":{"rendered":"<p>Tarjetero Montblanc Meisterstuck 3 bolsillos ref. 131697 Tarjetero Montblanc Meisterstuck de piel de becerro azul tinta con 3 bolsillos para tarjetas de cr\u00e9dito y emblema Montblanc en la parte delantera. La cartera se entrega con un estuche Montblanc y una garant\u00eda de 2 a\u00f1os a partir de la fecha de compra.<\/p>\n","protected":false},"featured_media":84790,"template":"","meta":{"_crdt_document":"","advanced_seo_description":"","jetpack_seo_html_title":"","jetpack_seo_noindex":false},"product_brand":[],"product_cat":[2244],"product_tag":[4669],"berocket_brand":[],"woo-feed-brand":[],"class_list":{"0":"post-114389","1":"product","2":"type-product","3":"status-publish","4":"has-post-thumbnail","6":"product_cat-montblanc-en","7":"product_tag-cardholder","9":"first","10":"instock","11":"sale","12":"taxable","13":"shipping-taxable","14":"purchasable","15":"product-type-simple"},"bundled_by":[],"bundle_stock_status":"instock","bundle_stock_quantity":1,"bundle_virtual":false,"bundle_layout":"","bundle_add_to_cart_form_location":"","bundle_editable_in_cart":false,"bundle_sold_individually_context":"","bundle_item_grouping":"","bundle_min_size":"","bundle_max_size":"","bundle_price":[],"bundled_items":[],"bundle_sell_ids":[],"group_of_quantity":0,"min_quantity":0,"max_quantity":"","exclude_order_quantity_value_rules":"no","exclude_category_quantity_rules":"no","combine_variations":"no","jetpack_sharing_enabled":true,"jetpack_likes_enabled":true,"_links":{"self":[{"href":"https:\/\/watchdeluxe.it\/es\/wp-json\/wp\/v2\/product\/114389","targetHints":{"allow":["GET"]}}],"collection":[{"href":"https:\/\/watchdeluxe.it\/es\/wp-json\/wp\/v2\/product"}],"about":[{"href":"https:\/\/watchdeluxe.it\/es\/wp-json\/wp\/v2\/types\/product"}],"wp:featuredmedia":[{"embeddable":true,"href":"https:\/\/watchdeluxe.it\/es\/wp-json\/wp\/v2\/media\/84790"}],"wp:attachment":[{"href":"https:\/\/watchdeluxe.it\/es\/wp-json\/wp\/v2\/media?parent=114389"}],"wp:term":[{"taxonomy":"product_brand","embeddable":true,"href":"https:\/\/watchdeluxe.it\/es\/wp-json\/wp\/v2\/product_brand?post=114389"},{"taxonomy":"product_cat","embeddable":true,"href":"https:\/\/watchdeluxe.it\/es\/wp-json\/wp\/v2\/product_cat?post=114389"},{"taxonomy":"product_tag","embeddable":true,"href":"https:\/\/watchdeluxe.it\/es\/wp-json\/wp\/v2\/product_tag?post=114389"},{"taxonomy":"berocket_brand","embeddable":true,"href":"https:\/\/watchdeluxe.it\/es\/wp-json\/wp\/v2\/berocket_brand?post=114389"},{"taxonomy":"woo-feed-brand","embeddable":true,"href":"https:\/\/watchdeluxe.it\/es\/wp-json\/wp\/v2\/woo-feed-brand?post=114389"}],"curies":[{"name":"wp","href":"https:\/\/api.w.org\/{rel}","templated":true}]}}