{"id":113316,"date":"2025-02-18T15:35:28","date_gmt":"2025-02-18T14:35:28","guid":{"rendered":"https:\/\/watchdeluxe.it\/prodotto\/grand-seiko-heritage-hi-beat-36000-ref-sbgh349g\/"},"modified":"2026-05-08T17:19:58","modified_gmt":"2026-05-08T15:19:58","slug":"grand-seiko-heritage-hi-beat-36000-ref-sbgh349g","status":"publish","type":"product","link":"https:\/\/watchdeluxe.it\/es\/prodotto\/grand-seiko-heritage-hi-beat-36000-ref-sbgh349g\/","title":{"rendered":"Grand Seiko Heritage Hi-Beat 36000 ref. SBGH349G"},"content":{"rendered":"<p>Grand Seiko Heritage Hi-Beat 36000 ref. SBGH349G<\/p>\n<div id=\"collapse_movimento\" class=\"panel-collapse collapse show row\" aria-labelledby=\"accordion_movimento\" data-parent=\"#accordion\">\n<div class=\"col-6\">\n<div class=\"panel-body\">Estanqueidad 10 bar<\/div>\n<\/div>\n<div class=\"col-6\">\n<div class=\"panel-body\">Precisi\u00f3n &#8211; de 3 a + 5 segundos al d\u00eda<\/div>\n<\/div>\n<div class=\"col-6\">\n<div class=\"panel-body\">Movimiento autom\u00e1tico<\/div>\n<div>\n<div id=\"collapse_cassalunettavetro\" class=\"panel-collapse row collapse show\" aria-labelledby=\"accordion_cassalunettavetro\" data-parent=\"#accordion\">\n<div class=\"col-6\">\n<div class=\"panel-body\">Casatitanio de alta intensidad<\/div>\n<\/div>\n<div class=\"col-6\">\n<div class=\"panel-body\">Cristal de zafiro<\/div>\n<\/div>\n<div class=\"col-6\">\n<div class=\"panel-body\">Espesor 12,95 mm<\/div>\n<\/div>\n<div class=\"col-6\">\n<div class=\"panel-body\">Bucles de reloj 20<\/div>\n<div>\n<div id=\"collapse_bracciale\" class=\"panel-collapse row collapse show\" aria-labelledby=\"accordion_bracciale\" data-parent=\"#accordion\">\n<div class=\"col-6\">\n<div class=\"panel-body\">Brazalete de titanio de alta intensidad<\/div>\n<div>esfera azul<\/div>\n<div>fecha<\/div>\n<\/div>\n<div class=\"col-6\">\n<div class=\"panel-body\"><\/div>\n<\/div>\n<\/div>\n<\/div>\n<\/div>\n<\/div>\n<\/div>\n<\/div>\n<\/div>\n","protected":false},"excerpt":{"rendered":"<p>Grand Seiko Heritage Hi-Beat 36000 ref. SBGH349G Estanqueidad 10 bar Precisi\u00f3n &#8211; de 3 a + 5 segundos al d\u00eda Movimiento autom\u00e1tico Casatitanio de alta intensidad Cristal de zafiro Espesor 12,95 mm Bucles de reloj 20 Brazalete de titanio de alta intensidad esfera azul fecha<\/p>\n","protected":false},"featured_media":113308,"template":"","meta":{"_crdt_document":"","advanced_seo_description":"","jetpack_seo_html_title":"","jetpack_seo_noindex":false},"product_brand":[],"product_cat":[3911],"product_tag":[2461],"berocket_brand":[],"woo-feed-brand":[],"class_list":{"0":"post-113316","1":"product","2":"type-product","3":"status-publish","4":"has-post-thumbnail","6":"product_cat-grand-seiko-es","7":"product_tag-patrimonio","9":"first","10":"instock","11":"sale","12":"taxable","13":"shipping-taxable","14":"purchasable","15":"product-type-simple"},"bundled_by":[],"bundle_stock_status":"instock","bundle_stock_quantity":1,"bundle_virtual":false,"bundle_layout":"","bundle_add_to_cart_form_location":"","bundle_editable_in_cart":false,"bundle_sold_individually_context":"","bundle_item_grouping":"","bundle_min_size":"","bundle_max_size":"","bundle_price":[],"bundled_items":[],"bundle_sell_ids":[],"group_of_quantity":0,"min_quantity":0,"max_quantity":"","exclude_order_quantity_value_rules":"no","exclude_category_quantity_rules":"no","combine_variations":"no","jetpack_sharing_enabled":true,"jetpack_likes_enabled":true,"_links":{"self":[{"href":"https:\/\/watchdeluxe.it\/es\/wp-json\/wp\/v2\/product\/113316","targetHints":{"allow":["GET"]}}],"collection":[{"href":"https:\/\/watchdeluxe.it\/es\/wp-json\/wp\/v2\/product"}],"about":[{"href":"https:\/\/watchdeluxe.it\/es\/wp-json\/wp\/v2\/types\/product"}],"wp:featuredmedia":[{"embeddable":true,"href":"https:\/\/watchdeluxe.it\/es\/wp-json\/wp\/v2\/media\/113308"}],"wp:attachment":[{"href":"https:\/\/watchdeluxe.it\/es\/wp-json\/wp\/v2\/media?parent=113316"}],"wp:term":[{"taxonomy":"product_brand","embeddable":true,"href":"https:\/\/watchdeluxe.it\/es\/wp-json\/wp\/v2\/product_brand?post=113316"},{"taxonomy":"product_cat","embeddable":true,"href":"https:\/\/watchdeluxe.it\/es\/wp-json\/wp\/v2\/product_cat?post=113316"},{"taxonomy":"product_tag","embeddable":true,"href":"https:\/\/watchdeluxe.it\/es\/wp-json\/wp\/v2\/product_tag?post=113316"},{"taxonomy":"berocket_brand","embeddable":true,"href":"https:\/\/watchdeluxe.it\/es\/wp-json\/wp\/v2\/berocket_brand?post=113316"},{"taxonomy":"woo-feed-brand","embeddable":true,"href":"https:\/\/watchdeluxe.it\/es\/wp-json\/wp\/v2\/woo-feed-brand?post=113316"}],"curies":[{"name":"wp","href":"https:\/\/api.w.org\/{rel}","templated":true}]}}