{"id":113281,"date":"2025-02-17T11:34:00","date_gmt":"2025-02-17T10:34:00","guid":{"rendered":"https:\/\/watchdeluxe.it\/prodotto\/iwc-portugues-7-dias-de-reserva-ref-iw501705\/"},"modified":"2025-02-17T11:34:00","modified_gmt":"2025-02-17T10:34:00","slug":"iwc-portugues-7-dias-de-reserva-ref-iw501705","status":"publish","type":"product","link":"https:\/\/watchdeluxe.it\/es\/prodotto\/iwc-portugues-7-dias-de-reserva-ref-iw501705\/","title":{"rendered":"Iwc Portugu\u00e9s 7 d\u00edas de reserva ref. IW501705"},"content":{"rendered":"<p>Iwc Portugu\u00e9s 7 d\u00edas de reserva ref. IW501705<\/p>\n<p><span class=\"iwc-product-specs-item__label\">Calibre <\/span> <span class=\"iwc-product-specs-item__value\"> 52011 Calibre <\/span><\/p>\n<div id=\"case-section-details\" class=\"iwc-product-specs__tab-content iwc-case-section expanded\" data-toggle-id=\"case-section-details\">\n<ul class=\"iwc-product-specs-details expanded\" role=\"list\" data-toggle-id=\"case-section-details\">\n<li class=\"iwc-product-specs-item\" role=\"listitem\"> <span class=\"iwc-product-specs-item__label\"> Caja <\/span> <span class=\"iwc-product-specs-item__value\"> Caja de acero <\/span> <\/li>\n<li class=\"iwc-product-specs-item\" role=\"listitem\"> <span class=\"iwc-product-specs-item__label\"> Di\u00e1metro <\/span> <span class=\"iwc-product-specs-item__value\"> 42.4 <\/span> <span class=\"iwc-unit-small\"> mm <\/span> <\/li>\n<li class=\"iwc-product-specs-item\" role=\"listitem\"> <span class=\"iwc-product-specs-item__label\"> Espesor <\/span> <span class=\"iwc-product-specs-item__value\"> 12.9 <\/span> <span class=\"iwc-unit-small\"> mm <\/span> <\/li>\n<li class=\"iwc-product-specs-item\" role=\"listitem\"> <span class=\"iwc-product-specs-item__label\"> Fondo <\/span> <span class=\"iwc-product-specs-item__value\"> Fondo de cristal de zafiro transparente <\/span> <\/li>\n<li class=\"iwc-product-specs-item\"> <span class=\"iwc-product-specs-item__label\"> Resistencia al agua <\/span> <span class=\"iwc-product-specs-item__value\"> 5,0 bar <\/span> <\/li>\n<\/ul>\n<\/div>\n<div id=\"features-section-details\" class=\"iwc-product-specs__tab-content iwc-features-section expanded\" data-toggle-id=\"features-section-details\">\n<ul class=\"iwc-product-specs-details expanded\" role=\"list\" data-toggle-id=\"features-section-details\">\n<li class=\"iwc-product-specs-item\" role=\"listitem\">Segundero peque\u00f1o con dispositivo de parada<\/li>\n<li class=\"iwc-product-specs-item\" role=\"listitem\">Rotor con medall\u00f3n de oro de 18 quilates<\/li>\n<li class=\"iwc-product-specs-item\" role=\"listitem\">Sistema de carga autom\u00e1tica Pellaton<\/li>\n<li class=\"iwc-product-specs-item\" role=\"listitem\">Fechador<\/li>\n<li class=\"iwc-product-specs-item\" role=\"listitem\">Indicaci\u00f3n de reserva de marcha<\/li>\n<li class=\"iwc-product-specs-item\" role=\"listitem\">Reserva de marcha de 7 d\u00edas<\/li>\n<li class=\"iwc-product-specs-item\" role=\"listitem\">Cristales de zafiro de doble caja. Revestimiento antirreflejos en ambas caras <\/li>\n<\/ul>\n<\/div>\n<div class=\"iwc-pdp-v3-product-info__list-wrapper\">\n<ul class=\"iwc-pdp-v3-product-info__list\">\n<li class=\"iwc-pdp-v3-product-info__list-item\">Cuadrante Duna<\/li>\n<li class=\"iwc-pdp-v3-product-info__list-item\">Correa de piel de cocodrilo negra Ancho de la correa 22,0 mm<\/li>\n<\/ul>\n<\/div>\n","protected":false},"excerpt":{"rendered":"<p>Iwc Portugu\u00e9s 7 d\u00edas de reserva ref. IW501705 Calibre 52011 Calibre Caja Caja de acero Di\u00e1metro 42.4 mm Espesor 12.9 mm Fondo Fondo de cristal de zafiro transparente Resistencia al agua 5,0 bar Segundero peque\u00f1o con dispositivo de parada Rotor con medall\u00f3n de oro de 18 quilates Sistema de carga autom\u00e1tica Pellaton Fechador Indicaci\u00f3n de [&hellip;]<\/p>\n","protected":false},"featured_media":113280,"template":"","meta":{"_crdt_document":"","advanced_seo_description":"","jetpack_seo_html_title":"","jetpack_seo_noindex":false},"product_brand":[],"product_cat":[2237],"product_tag":[2891],"berocket_brand":[],"woo-feed-brand":[],"class_list":{"0":"post-113281","1":"product","2":"type-product","3":"status-publish","4":"has-post-thumbnail","6":"product_cat-cbi","7":"product_tag-portugues","9":"first","10":"instock","11":"sale","12":"taxable","13":"shipping-taxable","14":"purchasable","15":"product-type-simple"},"bundled_by":[],"bundle_stock_status":"instock","bundle_stock_quantity":1,"bundle_virtual":false,"bundle_layout":"","bundle_add_to_cart_form_location":"","bundle_editable_in_cart":false,"bundle_sold_individually_context":"","bundle_item_grouping":"","bundle_min_size":"","bundle_max_size":"","bundle_price":[],"bundled_items":[],"bundle_sell_ids":[],"group_of_quantity":0,"min_quantity":0,"max_quantity":"","exclude_order_quantity_value_rules":"no","exclude_category_quantity_rules":"no","combine_variations":"no","exclude_global_add_ons":[],"addons":[],"jetpack_sharing_enabled":true,"jetpack_likes_enabled":true,"_links":{"self":[{"href":"https:\/\/watchdeluxe.it\/es\/wp-json\/wp\/v2\/product\/113281","targetHints":{"allow":["GET"]}}],"collection":[{"href":"https:\/\/watchdeluxe.it\/es\/wp-json\/wp\/v2\/product"}],"about":[{"href":"https:\/\/watchdeluxe.it\/es\/wp-json\/wp\/v2\/types\/product"}],"wp:featuredmedia":[{"embeddable":true,"href":"https:\/\/watchdeluxe.it\/es\/wp-json\/wp\/v2\/media\/113280"}],"wp:attachment":[{"href":"https:\/\/watchdeluxe.it\/es\/wp-json\/wp\/v2\/media?parent=113281"}],"wp:term":[{"taxonomy":"product_brand","embeddable":true,"href":"https:\/\/watchdeluxe.it\/es\/wp-json\/wp\/v2\/product_brand?post=113281"},{"taxonomy":"product_cat","embeddable":true,"href":"https:\/\/watchdeluxe.it\/es\/wp-json\/wp\/v2\/product_cat?post=113281"},{"taxonomy":"product_tag","embeddable":true,"href":"https:\/\/watchdeluxe.it\/es\/wp-json\/wp\/v2\/product_tag?post=113281"},{"taxonomy":"berocket_brand","embeddable":true,"href":"https:\/\/watchdeluxe.it\/es\/wp-json\/wp\/v2\/berocket_brand?post=113281"},{"taxonomy":"woo-feed-brand","embeddable":true,"href":"https:\/\/watchdeluxe.it\/es\/wp-json\/wp\/v2\/woo-feed-brand?post=113281"}],"curies":[{"name":"wp","href":"https:\/\/api.w.org\/{rel}","templated":true}]}}