{"id":112749,"date":"2025-01-27T14:45:50","date_gmt":"2025-01-27T13:45:50","guid":{"rendered":"https:\/\/watchdeluxe.it\/prodotto\/tag-heuer-aquaracer-profesional-300-ref-wbp5111-ba0013\/"},"modified":"2026-04-10T16:51:02","modified_gmt":"2026-04-10T14:51:02","slug":"tag-heuer-aquaracer-profesional-300-ref-wbp5111-ba0013","status":"publish","type":"product","link":"https:\/\/watchdeluxe.it\/es\/prodotto\/tag-heuer-aquaracer-profesional-300-ref-wbp5111-ba0013\/","title":{"rendered":"Tag Heuer Aquaracer Professional 300 ref. WBP5111.BA0013"},"content":{"rendered":"<p>Tag Heuer Aquaracer Professional 300 ref. WBP5111.BA0013<\/p>\n<div class=\"col-12 col-lg-4\">\n<p> <span class=\"spec-title text-uppercase\"> Tama\u00f1o <\/span> <span class=\"spec-value\"> 42 mm <\/span> <\/p>\n<\/div>\n<div class=\"col-12 col-lg-4\">\n<p> <span class=\"spec-title text-uppercase\"> Espesor <\/span> <span class=\"spec-value\"> 12 mm <\/span> <\/p>\n<\/div>\n<div class=\"col-12 col-lg-4\">\n<p> <span class=\"spec-title text-uppercase\"> Distancia entre orejetas <\/span> <span class=\"spec-value\"> 21 mm <\/span> <\/p>\n<\/div>\n<div class=\"col-12 col-lg-4\">\n<p> <span class=\"spec-title text-uppercase\"> Resistencia al agua <\/span> <span class=\"spec-value\"> 300 m <\/span> <\/p>\n<\/div>\n<div class=\"col-12 col-lg-4\">\n<p> <span class=\"spec-title text-uppercase\"> Cuerpo de la caja <\/span> <span class=\"spec-value\"> Acero Acabado satinado\/pulido <\/span> <\/p>\n<\/div>\n<div class=\"col-12 col-lg-4\">\n<p> <span class=\"spec-title text-uppercase\"> Bisel <\/span> <span class=\"spec-value\"> Bisel giratorio Cer\u00e1mica <\/span> <\/p>\n<\/div>\n<div class=\"col-12 col-lg-4\">\n<p> <span class=\"spec-title text-uppercase\"> Corona <\/span> <span class=\"spec-value\"> A rosca Acero <\/span> <\/p>\n<\/div>\n<div class=\"col-12 col-lg-4\">\n<p> <span class=\"spec-title text-uppercase\"> Volver <\/span> <span class=\"spec-value\"> Liso &#8211; Acero <\/span> <\/p>\n<div class=\"col-12 col-lg-4\">\n<p> <span class=\"spec-title text-uppercase\"> Calibre <\/span> <span class=\"spec-value\"> TH31-00 COSC <\/span> <\/p>\n<\/div>\n<div class=\"col-12 col-lg-4\">\n<p> <span class=\"spec-title text-uppercase\"> Movimiento <\/span> <span class=\"spec-value\"> Autom\u00e1tico <\/span> <\/p>\n<\/div>\n<div class=\"col-12 col-lg-4\">\n<p> <span class=\"spec-title text-uppercase\"> Reserva de marcha (horas) <\/span> <span class=\"spec-value\"> 80 <\/span> <\/p>\n<\/div>\n<div class=\"col-12 col-lg-4\">\n<p> <span class=\"spec-title text-uppercase\"> Frecuencia del balanc\u00edn <\/span> <span class=\"spec-value\"> 28800 (4Hz) <\/span> <\/p>\n<\/div>\n<\/div>\n","protected":false},"excerpt":{"rendered":"<p>Tag Heuer Aquaracer Professional 300 ref. WBP5111.BA0013 Tama\u00f1o 42 mm Espesor 12 mm Distancia entre orejetas 21 mm Resistencia al agua 300 m Cuerpo de la caja Acero Acabado satinado\/pulido Bisel Bisel giratorio Cer\u00e1mica Corona A rosca Acero Volver Liso &#8211; Acero Calibre TH31-00 COSC Movimiento Autom\u00e1tico Reserva de marcha (horas) 80 Frecuencia del balanc\u00edn [&hellip;]<\/p>\n","protected":false},"featured_media":112742,"template":"","meta":{"_crdt_document":"","advanced_seo_description":"","jetpack_seo_html_title":"","jetpack_seo_noindex":false},"product_brand":[],"product_cat":[2264],"product_tag":[3971],"berocket_brand":[],"woo-feed-brand":[],"class_list":{"0":"post-112749","1":"product","2":"type-product","3":"status-publish","4":"has-post-thumbnail","6":"product_cat-tag-heuer-es","7":"product_tag-aquaracer-es","9":"first","10":"instock","11":"sale","12":"taxable","13":"shipping-taxable","14":"purchasable","15":"product-type-simple"},"bundled_by":[],"bundle_stock_status":"instock","bundle_stock_quantity":1,"bundle_virtual":false,"bundle_layout":"","bundle_add_to_cart_form_location":"","bundle_editable_in_cart":false,"bundle_sold_individually_context":"","bundle_item_grouping":"","bundle_min_size":"","bundle_max_size":"","bundle_price":[],"bundled_items":[],"bundle_sell_ids":[],"group_of_quantity":0,"min_quantity":0,"max_quantity":"","exclude_order_quantity_value_rules":"no","exclude_category_quantity_rules":"no","combine_variations":"no","jetpack_sharing_enabled":true,"jetpack_likes_enabled":true,"_links":{"self":[{"href":"https:\/\/watchdeluxe.it\/es\/wp-json\/wp\/v2\/product\/112749","targetHints":{"allow":["GET"]}}],"collection":[{"href":"https:\/\/watchdeluxe.it\/es\/wp-json\/wp\/v2\/product"}],"about":[{"href":"https:\/\/watchdeluxe.it\/es\/wp-json\/wp\/v2\/types\/product"}],"wp:featuredmedia":[{"embeddable":true,"href":"https:\/\/watchdeluxe.it\/es\/wp-json\/wp\/v2\/media\/112742"}],"wp:attachment":[{"href":"https:\/\/watchdeluxe.it\/es\/wp-json\/wp\/v2\/media?parent=112749"}],"wp:term":[{"taxonomy":"product_brand","embeddable":true,"href":"https:\/\/watchdeluxe.it\/es\/wp-json\/wp\/v2\/product_brand?post=112749"},{"taxonomy":"product_cat","embeddable":true,"href":"https:\/\/watchdeluxe.it\/es\/wp-json\/wp\/v2\/product_cat?post=112749"},{"taxonomy":"product_tag","embeddable":true,"href":"https:\/\/watchdeluxe.it\/es\/wp-json\/wp\/v2\/product_tag?post=112749"},{"taxonomy":"berocket_brand","embeddable":true,"href":"https:\/\/watchdeluxe.it\/es\/wp-json\/wp\/v2\/berocket_brand?post=112749"},{"taxonomy":"woo-feed-brand","embeddable":true,"href":"https:\/\/watchdeluxe.it\/es\/wp-json\/wp\/v2\/woo-feed-brand?post=112749"}],"curies":[{"name":"wp","href":"https:\/\/api.w.org\/{rel}","templated":true}]}}