{"id":112491,"date":"2025-01-17T15:27:00","date_gmt":"2025-01-17T14:27:00","guid":{"rendered":"https:\/\/watchdeluxe.it\/prodotto\/breitling-avenger-42-mision-nocturna-ref-s17328101b1x1\/"},"modified":"2025-01-17T15:27:00","modified_gmt":"2025-01-17T14:27:00","slug":"breitling-avenger-42-mision-nocturna-ref-s17328101b1x1","status":"publish","type":"product","link":"https:\/\/watchdeluxe.it\/es\/prodotto\/breitling-avenger-42-mision-nocturna-ref-s17328101b1x1\/","title":{"rendered":"Breitling Avenger 42 misi\u00f3n nocturna ref. S17328101B1X1"},"content":{"rendered":"<p>Breitling Avenger 42 misi\u00f3n nocturna ref. S17328101B1X1<\/p>\n<div class=\"sc-59f902fd-0 kSDZnm sc-149e2564-2 ifAoZh\" data-test-id=\"Section\">\n<p class=\"sc-59f902fd-0 kSDZnm sc-99f1fd2f-0 NUQxh sc-149e2564-4 bGnZnz\" data-test-id=\"SectionTitle\">Movimiento<\/p>\n<div class=\"sc-59f902fd-0 kSDZnm sc-32f8a63d-0 iKoONW sc-149e2564-5 hoCRDl\" data-test-id=\"NameValueWrapper-0\">\n<p class=\"sc-59f902fd-0 kSDZnm sc-99f1fd2f-0 NUQxh sc-149e2564-6 kjVhdX\" data-test-id=\"Name-0\">Calibre<\/p>\n<div class=\"sc-59f902fd-0 kSDZnm sc-149e2564-8 juAlza\" data-test-id=\"ValueBox-0\">\n<p class=\"sc-59f902fd-0 kSDZnm sc-99f1fd2f-0 NUQxh sc-149e2564-7 lcGbrO\" data-test-id=\"Value-0\">Breitling 17<\/p>\n<\/div>\n<\/div>\n<div class=\"sc-59f902fd-0 kSDZnm sc-32f8a63d-0 iKoONW sc-149e2564-5 hoCRDl\" data-test-id=\"NameValueWrapper-1\">\n<p class=\"sc-59f902fd-0 kSDZnm sc-99f1fd2f-0 NUQxh sc-149e2564-6 kjVhdX\" data-test-id=\"Name-1\">Movimiento<\/p>\n<div class=\"sc-59f902fd-0 kSDZnm sc-149e2564-8 juAlza\" data-test-id=\"ValueBox-1\">\n<p class=\"sc-59f902fd-0 kSDZnm sc-99f1fd2f-0 NUQxh sc-149e2564-7 lcGbrO\" data-test-id=\"Value-1\">Mec\u00e1nica, bobinado autom\u00e1tico<\/p>\n<\/div>\n<\/div>\n<div class=\"sc-59f902fd-0 kSDZnm sc-32f8a63d-0 iKoONW sc-149e2564-5 hoCRDl\" data-test-id=\"NameValueWrapper-2\">\n<p class=\"sc-59f902fd-0 kSDZnm sc-99f1fd2f-0 NUQxh sc-149e2564-6 kjVhdX\" data-test-id=\"Name-2\">Reserva de marcha<\/p>\n<div class=\"sc-59f902fd-0 kSDZnm sc-149e2564-8 juAlza\" data-test-id=\"ValueBox-2\">\n<p class=\"sc-59f902fd-0 kSDZnm sc-99f1fd2f-0 NUQxh sc-149e2564-7 lcGbrO\" data-test-id=\"Value-2\">Aprox. 38 horas<\/p>\n<\/div>\n<\/div>\n<div class=\"sc-59f902fd-0 kSDZnm sc-32f8a63d-0 iKoONW sc-149e2564-5 hoCRDl\" data-test-id=\"NameValueWrapper-3\">\n<p class=\"sc-59f902fd-0 kSDZnm sc-99f1fd2f-0 NUQxh sc-149e2564-6 kjVhdX\" data-test-id=\"Name-3\">Vibraci\u00f3n<\/p>\n<div class=\"sc-59f902fd-0 kSDZnm sc-149e2564-8 juAlza\" data-test-id=\"ValueBox-3\">\n<p class=\"sc-59f902fd-0 kSDZnm sc-99f1fd2f-0 NUQxh sc-149e2564-7 lcGbrO\" data-test-id=\"Value-3\">28 800 a\/h<\/p>\n<\/div>\n<\/div>\n<div class=\"sc-59f902fd-0 kSDZnm sc-32f8a63d-0 iKoONW sc-149e2564-5 hoCRDl\" data-test-id=\"NameValueWrapper-4\">\n<p class=\"sc-59f902fd-0 kSDZnm sc-99f1fd2f-0 NUQxh sc-149e2564-6 kjVhdX\" data-test-id=\"Name-4\">Joya<\/p>\n<div class=\"sc-59f902fd-0 kSDZnm sc-149e2564-8 juAlza\" data-test-id=\"ValueBox-4\">\n<p class=\"sc-59f902fd-0 kSDZnm sc-99f1fd2f-0 NUQxh sc-149e2564-7 lcGbrO\" data-test-id=\"Value-4\">25 rub\u00edes<\/p>\n<\/div>\n<\/div>\n<div class=\"sc-59f902fd-0 kSDZnm sc-32f8a63d-0 iKoONW sc-149e2564-5 hoCRDl\" data-test-id=\"NameValueWrapper-5\">\n<p class=\"sc-59f902fd-0 kSDZnm sc-99f1fd2f-0 NUQxh sc-149e2564-6 kjVhdX\" data-test-id=\"Name-5\">Calendario<\/p>\n<div class=\"sc-59f902fd-0 kSDZnm sc-149e2564-8 juAlza\" data-test-id=\"ValueBox-5\">\n<p class=\"sc-59f902fd-0 kSDZnm sc-99f1fd2f-0 NUQxh sc-149e2564-7 lcGbrO\" data-test-id=\"Value-5\">Una ventana en la esfera<\/p>\n<\/div>\n<\/div>\n<\/div>\n<div class=\"sc-59f902fd-0 kSDZnm sc-149e2564-2 ifAoZh\" data-test-id=\"Section\">\n<p class=\"sc-59f902fd-0 kSDZnm sc-99f1fd2f-0 NUQxh sc-149e2564-4 bGnZnz\" data-test-id=\"SectionTitle\">Caso<\/p>\n<div class=\"sc-59f902fd-0 kSDZnm sc-32f8a63d-0 iKoONW sc-149e2564-5 hoCRDl\" data-test-id=\"NameValueWrapper-0\">\n<p class=\"sc-59f902fd-0 kSDZnm sc-99f1fd2f-0 NUQxh sc-149e2564-6 kjVhdX\" data-test-id=\"Name-0\">Material del malet\u00edn<\/p>\n<div class=\"sc-59f902fd-0 kSDZnm sc-149e2564-8 juAlza\" data-test-id=\"ValueBox-0\">\n<p class=\"sc-59f902fd-0 kSDZnm sc-99f1fd2f-0 NUQxh sc-149e2564-7 lcGbrO\" data-test-id=\"Value-0\">Cer\u00e1mica<\/p>\n<\/div>\n<\/div>\n<div class=\"sc-59f902fd-0 kSDZnm sc-32f8a63d-0 iKoONW sc-149e2564-5 hoCRDl\" data-test-id=\"NameValueWrapper-1\">\n<p class=\"sc-59f902fd-0 kSDZnm sc-99f1fd2f-0 NUQxh sc-149e2564-6 kjVhdX\" data-test-id=\"Name-1\">Caja trasera<\/p>\n<div class=\"sc-59f902fd-0 kSDZnm sc-149e2564-8 juAlza\" data-test-id=\"ValueBox-1\">\n<p class=\"sc-59f902fd-0 kSDZnm sc-99f1fd2f-0 NUQxh sc-149e2564-7 lcGbrO\" data-test-id=\"Value-1\">Tornillo<\/p>\n<\/div>\n<\/div>\n<div class=\"sc-59f902fd-0 kSDZnm sc-32f8a63d-0 iKoONW sc-149e2564-5 hoCRDl\" data-test-id=\"NameValueWrapper-2\">\n<p class=\"sc-59f902fd-0 kSDZnm sc-99f1fd2f-0 NUQxh sc-149e2564-6 kjVhdX\" data-test-id=\"Name-2\">Resistencia al agua<\/p>\n<div class=\"sc-59f902fd-0 kSDZnm sc-149e2564-8 juAlza\" data-test-id=\"ValueBox-2\">\n<p class=\"sc-59f902fd-0 kSDZnm sc-99f1fd2f-0 NUQxh sc-149e2564-7 lcGbrO\" data-test-id=\"Value-2\">300 metros<\/p>\n<\/div>\n<\/div>\n<\/div>\n<div class=\"sc-59f902fd-0 kSDZnm sc-149e2564-2 ifAoZh\" data-test-id=\"Section\">\n<div class=\"sc-59f902fd-0 kSDZnm sc-32f8a63d-0 iKoONW sc-149e2564-5 hoCRDl\" data-test-id=\"NameValueWrapper-3\">\n<p class=\"sc-59f902fd-0 kSDZnm sc-99f1fd2f-0 NUQxh sc-149e2564-6 kjVhdX\" data-test-id=\"Name-3\">Bisel<\/p>\n<div class=\"sc-59f902fd-0 kSDZnm sc-149e2564-8 juAlza\" data-test-id=\"ValueBox-3\">\n<p class=\"sc-59f902fd-0 kSDZnm sc-99f1fd2f-0 NUQxh sc-149e2564-7 lcGbrO\" data-test-id=\"Value-3\">Unidireccional con tope<\/p>\n<\/div>\n<\/div>\n<div class=\"sc-59f902fd-0 kSDZnm sc-32f8a63d-0 iKoONW sc-149e2564-5 hoCRDl\" data-test-id=\"NameValueWrapper-4\">\n<p class=\"sc-59f902fd-0 kSDZnm sc-99f1fd2f-0 NUQxh sc-149e2564-6 kjVhdX\" data-test-id=\"Name-4\">Corona<\/p>\n<div class=\"sc-59f902fd-0 kSDZnm sc-149e2564-8 juAlza\" data-test-id=\"ValueBox-4\">\n<p class=\"sc-59f902fd-0 kSDZnm sc-99f1fd2f-0 NUQxh sc-149e2564-7 lcGbrO\" data-test-id=\"Value-4\">Tornillo, dos juntas<\/p>\n<\/div>\n<\/div>\n<div class=\"sc-59f902fd-0 kSDZnm sc-32f8a63d-0 iKoONW sc-149e2564-5 hoCRDl\" data-test-id=\"NameValueWrapper-5\">\n<p class=\"sc-59f902fd-0 kSDZnm sc-99f1fd2f-0 NUQxh sc-149e2564-6 kjVhdX\" data-test-id=\"Name-5\">Cristal<\/p>\n<div class=\"sc-59f902fd-0 kSDZnm sc-149e2564-8 juAlza\" data-test-id=\"ValueBox-5\">\n<p class=\"sc-59f902fd-0 kSDZnm sc-99f1fd2f-0 NUQxh sc-149e2564-7 lcGbrO\" data-test-id=\"Value-5\">Zafiro convexo, antirreflejos por ambas caras<\/p>\n<\/div>\n<\/div>\n<\/div>\n<div class=\"sc-59f902fd-0 kSDZnm sc-149e2564-2 ifAoZh\" data-test-id=\"Section\">\n<p class=\"sc-59f902fd-0 kSDZnm sc-99f1fd2f-0 NUQxh sc-149e2564-4 bGnZnz\" data-test-id=\"SectionTitle\">Dimensiones<\/p>\n<div class=\"sc-59f902fd-0 kSDZnm sc-32f8a63d-0 iKoONW sc-149e2564-5 hoCRDl\" data-test-id=\"NameValueWrapper-0\">\n<p class=\"sc-59f902fd-0 kSDZnm sc-99f1fd2f-0 NUQxh sc-149e2564-6 kjVhdX\" data-test-id=\"Name-0\">Peso del producto (aprox.)<\/p>\n<div class=\"sc-59f902fd-0 kSDZnm sc-149e2564-8 juAlza\" data-test-id=\"ValueBox-0\">\n<p class=\"sc-59f902fd-0 kSDZnm sc-99f1fd2f-0 NUQxh sc-149e2564-7 lcGbrO\" data-test-id=\"Value-0\">90.57 g<\/p>\n<\/div>\n<\/div>\n<div class=\"sc-59f902fd-0 kSDZnm sc-32f8a63d-0 iKoONW sc-149e2564-5 hoCRDl\" data-test-id=\"NameValueWrapper-1\">\n<p class=\"sc-59f902fd-0 kSDZnm sc-99f1fd2f-0 NUQxh sc-149e2564-6 kjVhdX\" data-test-id=\"Name-1\">Peso del cabezal del reloj (aprox.)<\/p>\n<div class=\"sc-59f902fd-0 kSDZnm sc-149e2564-8 juAlza\" data-test-id=\"ValueBox-1\">\n<p class=\"sc-59f902fd-0 kSDZnm sc-99f1fd2f-0 NUQxh sc-149e2564-7 lcGbrO\" data-test-id=\"Value-1\">71 g<\/p>\n<\/div>\n<\/div>\n<div class=\"sc-59f902fd-0 kSDZnm sc-32f8a63d-0 iKoONW sc-149e2564-5 hoCRDl\" data-test-id=\"NameValueWrapper-2\">\n<p class=\"sc-59f902fd-0 kSDZnm sc-99f1fd2f-0 NUQxh sc-149e2564-6 kjVhdX\" data-test-id=\"Name-2\">Di\u00e1metro<\/p>\n<div class=\"sc-59f902fd-0 kSDZnm sc-149e2564-8 juAlza\" data-test-id=\"ValueBox-2\">\n<p class=\"sc-59f902fd-0 kSDZnm sc-99f1fd2f-0 NUQxh sc-149e2564-7 lcGbrO\" data-test-id=\"Value-2\">42 mm<\/p>\n<\/div>\n<\/div>\n<div class=\"sc-59f902fd-0 kSDZnm sc-32f8a63d-0 iKoONW sc-149e2564-5 hoCRDl\" data-test-id=\"NameValueWrapper-3\">\n<p class=\"sc-59f902fd-0 kSDZnm sc-99f1fd2f-0 NUQxh sc-149e2564-6 kjVhdX\" data-test-id=\"Name-3\">Espesor<\/p>\n<div class=\"sc-59f902fd-0 kSDZnm sc-149e2564-8 juAlza\" data-test-id=\"ValueBox-3\">\n<p class=\"sc-59f902fd-0 kSDZnm sc-99f1fd2f-0 NUQxh sc-149e2564-7 lcGbrO\" data-test-id=\"Value-3\">12,25 mm<\/p>\n<\/div>\n<\/div>\n<div class=\"sc-59f902fd-0 kSDZnm sc-32f8a63d-0 iKoONW sc-149e2564-5 hoCRDl\" data-test-id=\"NameValueWrapper-4\">\n<p class=\"sc-59f902fd-0 kSDZnm sc-99f1fd2f-0 NUQxh sc-149e2564-6 kjVhdX\" data-test-id=\"Name-4\">Altura (punta del bucle superior a punta del bucle inferior)<\/p>\n<div class=\"sc-59f902fd-0 kSDZnm sc-149e2564-8 juAlza\" data-test-id=\"ValueBox-4\">\n<p class=\"sc-59f902fd-0 kSDZnm sc-99f1fd2f-0 NUQxh sc-149e2564-7 lcGbrO\" data-test-id=\"Value-4\">51,21 mm<\/p>\n<\/div>\n<\/div>\n<div class=\"sc-59f902fd-0 kSDZnm sc-32f8a63d-0 iKoONW sc-149e2564-5 hoCRDl\" data-test-id=\"NameValueWrapper-5\">\n<p class=\"sc-59f902fd-0 kSDZnm sc-99f1fd2f-0 NUQxh sc-149e2564-6 kjVhdX\" data-test-id=\"Name-5\">Anchura del bucle (entre bucles)<\/p>\n<div class=\"sc-59f902fd-0 kSDZnm sc-149e2564-8 juAlza\" data-test-id=\"ValueBox-5\">\n<p class=\"sc-59f902fd-0 kSDZnm sc-99f1fd2f-0 NUQxh sc-149e2564-7 lcGbrO\" data-test-id=\"Value-5\">22 mm<\/p>\n<\/div>\n<\/div>\n<\/div>\n<div class=\"sc-59f902fd-0 kSDZnm sc-149e2564-2 ifAoZh\" data-test-id=\"Section\">\n<p class=\"sc-59f902fd-0 kSDZnm sc-99f1fd2f-0 NUQxh sc-149e2564-4 bGnZnz\" data-test-id=\"SectionTitle\">Correa<\/p>\n<div class=\"sc-59f902fd-0 kSDZnm sc-32f8a63d-0 iKoONW sc-149e2564-5 hoCRDl\" data-test-id=\"NameValueWrapper-0\">\n<p class=\"sc-59f902fd-0 kSDZnm sc-99f1fd2f-0 NUQxh sc-149e2564-6 kjVhdX\" data-test-id=\"Name-0\">Material de la correa<\/p>\n<div class=\"sc-59f902fd-0 kSDZnm sc-149e2564-8 juAlza\" data-test-id=\"ValueBox-0\">\n<p class=\"sc-59f902fd-0 kSDZnm sc-99f1fd2f-0 NUQxh sc-149e2564-7 lcGbrO\" data-test-id=\"Value-0\">Piel de becerro<\/p>\n<\/div>\n<\/div>\n<div class=\"sc-59f902fd-0 kSDZnm sc-32f8a63d-0 iKoONW sc-149e2564-5 hoCRDl\" data-test-id=\"NameValueWrapper-1\">\n<p class=\"sc-59f902fd-0 kSDZnm sc-99f1fd2f-0 NUQxh sc-149e2564-6 kjVhdX\" data-test-id=\"Name-1\">Color de la correa<\/p>\n<div class=\"sc-59f902fd-0 kSDZnm sc-149e2564-8 juAlza\" data-test-id=\"ValueBox-1\">\n<p class=\"sc-59f902fd-0 kSDZnm sc-99f1fd2f-0 NUQxh sc-149e2564-7 lcGbrO\" data-test-id=\"Value-1\">Antracita<\/p>\n<\/div>\n<\/div>\n<div class=\"sc-59f902fd-0 kSDZnm sc-32f8a63d-0 iKoONW sc-149e2564-5 hoCRDl\" data-test-id=\"NameValueWrapper-2\">\n<p class=\"sc-59f902fd-0 kSDZnm sc-99f1fd2f-0 NUQxh sc-149e2564-6 kjVhdX\" data-test-id=\"Name-2\">Tipo de correa<\/p>\n<div class=\"sc-59f902fd-0 kSDZnm sc-149e2564-8 juAlza\" data-test-id=\"ValueBox-2\">\n<p class=\"sc-59f902fd-0 kSDZnm sc-99f1fd2f-0 NUQxh sc-149e2564-7 lcGbrO\" data-test-id=\"Value-2\">Recto<\/p>\n<\/div>\n<\/div>\n<div class=\"sc-59f902fd-0 kSDZnm sc-32f8a63d-0 iKoONW sc-149e2564-5 hoCRDl\" data-test-id=\"NameValueWrapper-3\">\n<p class=\"sc-59f902fd-0 kSDZnm sc-99f1fd2f-0 NUQxh sc-149e2564-6 kjVhdX\" data-test-id=\"Name-3\">Ansa<\/p>\n<div class=\"sc-59f902fd-0 kSDZnm sc-149e2564-8 juAlza\" data-test-id=\"ValueBox-3\">\n<p class=\"sc-59f902fd-0 kSDZnm sc-99f1fd2f-0 NUQxh sc-149e2564-7 lcGbrO\" data-test-id=\"Value-3\">22\/20 mm<\/p>\n<\/div>\n<\/div>\n<div class=\"sc-59f902fd-0 kSDZnm sc-32f8a63d-0 iKoONW sc-149e2564-5 hoCRDl\" data-test-id=\"NameValueWrapper-4\">\n<p class=\"sc-59f902fd-0 kSDZnm sc-99f1fd2f-0 NUQxh sc-149e2564-6 kjVhdX\" data-test-id=\"Name-4\">Material de la hebilla<\/p>\n<div class=\"sc-59f902fd-0 kSDZnm sc-149e2564-8 juAlza\" data-test-id=\"ValueBox-4\">\n<p class=\"sc-59f902fd-0 kSDZnm sc-99f1fd2f-0 NUQxh sc-149e2564-7 lcGbrO\" data-test-id=\"Value-4\">Titanio<\/p>\n<\/div>\n<\/div>\n<div class=\"sc-59f902fd-0 kSDZnm sc-32f8a63d-0 iKoONW sc-149e2564-5 hoCRDl\" data-test-id=\"NameValueWrapper-5\">\n<p class=\"sc-59f902fd-0 kSDZnm sc-99f1fd2f-0 NUQxh sc-149e2564-6 kjVhdX\" data-test-id=\"Name-5\">Tipo de hebilla<\/p>\n<div class=\"sc-59f902fd-0 kSDZnm sc-149e2564-8 juAlza\" data-test-id=\"ValueBox-5\">\n<p class=\"sc-59f902fd-0 kSDZnm sc-99f1fd2f-0 NUQxh sc-149e2564-7 lcGbrO\" data-test-id=\"Value-5\">Plegable<\/p>\n<\/div>\n<\/div>\n<div class=\"sc-59f902fd-0 kSDZnm sc-32f8a63d-0 iKoONW sc-149e2564-5 hoCRDl\" data-test-id=\"NameValueWrapper-6\">\n<p class=\"sc-59f902fd-0 kSDZnm sc-99f1fd2f-0 NUQxh sc-149e2564-6 kjVhdX\" data-test-id=\"Name-6\">Tama\u00f1o de la hebilla<\/p>\n<div class=\"sc-59f902fd-0 kSDZnm sc-149e2564-8 juAlza\" data-test-id=\"ValueBox-6\">\n<p class=\"sc-59f902fd-0 kSDZnm sc-99f1fd2f-0 NUQxh sc-149e2564-7 lcGbrO\" data-test-id=\"Value-6\">20 mm<\/p>\n<\/div>\n<\/div>\n<\/div>\n","protected":false},"excerpt":{"rendered":"<p>Breitling Avenger 42 misi\u00f3n nocturna ref. S17328101B1X1 Movimiento Calibre Breitling 17 Movimiento Mec\u00e1nica, bobinado autom\u00e1tico Reserva de marcha Aprox. 38 horas Vibraci\u00f3n 28 800 a\/h Joya 25 rub\u00edes Calendario Una ventana en la esfera Caso Material del malet\u00edn Cer\u00e1mica Caja trasera Tornillo Resistencia al agua 300 metros Bisel Unidireccional con tope Corona Tornillo, dos juntas [&hellip;]<\/p>\n","protected":false},"featured_media":112490,"template":"","meta":{"_crdt_document":"","advanced_seo_description":"","jetpack_seo_html_title":"","jetpack_seo_noindex":false},"product_brand":[],"product_cat":[2663],"product_tag":[2684],"berocket_brand":[],"woo-feed-brand":[],"class_list":{"0":"post-112491","1":"product","2":"type-product","3":"status-publish","4":"has-post-thumbnail","6":"product_cat-breitling-es","7":"product_tag-vengador","9":"first","10":"instock","11":"sale","12":"taxable","13":"shipping-taxable","14":"purchasable","15":"product-type-simple"},"bundled_by":[],"bundle_stock_status":"instock","bundle_stock_quantity":1,"bundle_virtual":false,"bundle_layout":"","bundle_add_to_cart_form_location":"","bundle_editable_in_cart":false,"bundle_sold_individually_context":"","bundle_item_grouping":"","bundle_min_size":"","bundle_max_size":"","bundle_price":[],"bundled_items":[],"bundle_sell_ids":[],"group_of_quantity":0,"min_quantity":0,"max_quantity":"","exclude_order_quantity_value_rules":"no","exclude_category_quantity_rules":"no","combine_variations":"no","jetpack_sharing_enabled":true,"jetpack_likes_enabled":true,"_links":{"self":[{"href":"https:\/\/watchdeluxe.it\/es\/wp-json\/wp\/v2\/product\/112491","targetHints":{"allow":["GET"]}}],"collection":[{"href":"https:\/\/watchdeluxe.it\/es\/wp-json\/wp\/v2\/product"}],"about":[{"href":"https:\/\/watchdeluxe.it\/es\/wp-json\/wp\/v2\/types\/product"}],"wp:featuredmedia":[{"embeddable":true,"href":"https:\/\/watchdeluxe.it\/es\/wp-json\/wp\/v2\/media\/112490"}],"wp:attachment":[{"href":"https:\/\/watchdeluxe.it\/es\/wp-json\/wp\/v2\/media?parent=112491"}],"wp:term":[{"taxonomy":"product_brand","embeddable":true,"href":"https:\/\/watchdeluxe.it\/es\/wp-json\/wp\/v2\/product_brand?post=112491"},{"taxonomy":"product_cat","embeddable":true,"href":"https:\/\/watchdeluxe.it\/es\/wp-json\/wp\/v2\/product_cat?post=112491"},{"taxonomy":"product_tag","embeddable":true,"href":"https:\/\/watchdeluxe.it\/es\/wp-json\/wp\/v2\/product_tag?post=112491"},{"taxonomy":"berocket_brand","embeddable":true,"href":"https:\/\/watchdeluxe.it\/es\/wp-json\/wp\/v2\/berocket_brand?post=112491"},{"taxonomy":"woo-feed-brand","embeddable":true,"href":"https:\/\/watchdeluxe.it\/es\/wp-json\/wp\/v2\/woo-feed-brand?post=112491"}],"curies":[{"name":"wp","href":"https:\/\/api.w.org\/{rel}","templated":true}]}}