{"id":111829,"date":"2024-12-05T17:23:01","date_gmt":"2024-12-05T16:23:01","guid":{"rendered":"https:\/\/watchdeluxe.it\/prodotto\/llavero-montblanc-4810-en-forma-de-diamante-ref-198821\/"},"modified":"2024-12-05T17:23:01","modified_gmt":"2024-12-05T16:23:01","slug":"llavero-montblanc-4810-en-forma-de-diamante-ref-198821","status":"publish","type":"product","link":"https:\/\/watchdeluxe.it\/es\/prodotto\/llavero-montblanc-4810-en-forma-de-diamante-ref-198821\/","title":{"rendered":"Llavero Montblanc 4810 en forma de diamante ref. 198821"},"content":{"rendered":"<p>Llavero Montblanc 4810 Forma de Diamante Ref. 198821 El Llavero Montblanc 4810 Forma de Diamante Ref. 198821 est\u00e1 fabricado en elegante piel de color gris c\u00e1lido con un estampado en relieve inspirado en la naturaleza. Con una anilla desmontable, este llavero no s\u00f3lo es elegante, sino tambi\u00e9n funcional para organizar tus llaves de forma ordenada y pr\u00e1ctica.<\/p>\n","protected":false},"excerpt":{"rendered":"<p>Llavero Montblanc 4810 Forma de Diamante Ref. 198821 El Llavero Montblanc 4810 Forma de Diamante Ref. 198821 est\u00e1 fabricado en elegante piel de color gris c\u00e1lido con un estampado en relieve inspirado en la naturaleza. Con una anilla desmontable, este llavero no s\u00f3lo es elegante, sino tambi\u00e9n funcional para organizar tus llaves de forma ordenada [&hellip;]<\/p>\n","protected":false},"featured_media":111827,"template":"","meta":{"_crdt_document":"","advanced_seo_description":"","jetpack_seo_html_title":"","jetpack_seo_noindex":false},"product_brand":[1907],"product_cat":[2247],"product_tag":[1545],"berocket_brand":[],"woo-feed-brand":[],"class_list":{"0":"post-111829","1":"product","2":"type-product","3":"status-publish","4":"has-post-thumbnail","6":"product_brand-montblanc","7":"product_cat-montblanc-es","8":"product_tag-portachiavi","10":"first","11":"instock","12":"sale","13":"taxable","14":"shipping-taxable","15":"purchasable","16":"product-type-simple"},"bundled_by":[],"bundle_stock_status":"instock","bundle_stock_quantity":1,"bundle_virtual":false,"bundle_layout":"","bundle_add_to_cart_form_location":"","bundle_editable_in_cart":false,"bundle_sold_individually_context":"","bundle_item_grouping":"","bundle_min_size":"","bundle_max_size":"","bundle_price":[],"bundled_items":[],"bundle_sell_ids":[],"group_of_quantity":0,"min_quantity":0,"max_quantity":"","exclude_order_quantity_value_rules":"no","exclude_category_quantity_rules":"no","combine_variations":"no","jetpack_sharing_enabled":true,"jetpack_likes_enabled":true,"_links":{"self":[{"href":"https:\/\/watchdeluxe.it\/es\/wp-json\/wp\/v2\/product\/111829","targetHints":{"allow":["GET"]}}],"collection":[{"href":"https:\/\/watchdeluxe.it\/es\/wp-json\/wp\/v2\/product"}],"about":[{"href":"https:\/\/watchdeluxe.it\/es\/wp-json\/wp\/v2\/types\/product"}],"wp:featuredmedia":[{"embeddable":true,"href":"https:\/\/watchdeluxe.it\/es\/wp-json\/wp\/v2\/media\/111827"}],"wp:attachment":[{"href":"https:\/\/watchdeluxe.it\/es\/wp-json\/wp\/v2\/media?parent=111829"}],"wp:term":[{"taxonomy":"product_brand","embeddable":true,"href":"https:\/\/watchdeluxe.it\/es\/wp-json\/wp\/v2\/product_brand?post=111829"},{"taxonomy":"product_cat","embeddable":true,"href":"https:\/\/watchdeluxe.it\/es\/wp-json\/wp\/v2\/product_cat?post=111829"},{"taxonomy":"product_tag","embeddable":true,"href":"https:\/\/watchdeluxe.it\/es\/wp-json\/wp\/v2\/product_tag?post=111829"},{"taxonomy":"berocket_brand","embeddable":true,"href":"https:\/\/watchdeluxe.it\/es\/wp-json\/wp\/v2\/berocket_brand?post=111829"},{"taxonomy":"woo-feed-brand","embeddable":true,"href":"https:\/\/watchdeluxe.it\/es\/wp-json\/wp\/v2\/woo-feed-brand?post=111829"}],"curies":[{"name":"wp","href":"https:\/\/api.w.org\/{rel}","templated":true}]}}