{"id":111607,"date":"2023-03-17T19:02:58","date_gmt":"2023-03-17T18:02:58","guid":{"rendered":"https:\/\/watchdeluxe.it\/prodotto\/hublot-classic-fusion-automatico-42mm-542-cm-1171-rx\/"},"modified":"2026-01-20T14:47:55","modified_gmt":"2026-01-20T13:47:55","slug":"hublot-classic-fusion-automatico-42mm-542-cm-1171-rx","status":"publish","type":"product","link":"https:\/\/watchdeluxe.it\/es\/prodotto\/hublot-classic-fusion-automatico-42mm-542-cm-1171-rx\/","title":{"rendered":"Hublot Classic Fusion Autom\u00e1tico 42mm 542.CM.1171.RX"},"content":{"rendered":"<p><span id=\"watchNotes\" data-mce-fragment=\"1\"><br data-mce-fragment=\"1\"> <br data-mce-fragment=\"1\"> <br data-mce-fragment=\"1\"> <br data-mce-fragment=\"1\"> <br data-mce-fragment=\"1\"> <br data-mce-fragment=\"1\"> <br data-mce-fragment=\"1\"> <br data-mce-fragment=\"1\"> <br data-mce-fragment=\"1\"> <br data-mce-fragment=\"1\">Marca Hublot L\u00ednea CLASSIC FUSION Modelo CLASSIC FUSION Complicaci\u00f3n HORA SOLO Movimiento AUTOM\u00c1TICO FECHA FECHA Forma REDONDA Tama\u00f1o 42 MM Material Cer\u00e1mica Negra Correa CAUCCI\u00d9 Resistencia al agua 50 M<\/span><\/p>\n","protected":false},"excerpt":{"rendered":"<p>Marca Hublot L\u00ednea CLASSIC FUSION Modelo CLASSIC FUSION Complicaci\u00f3n HORA SOLO Movimiento AUTOM\u00c1TICO FECHA FECHA Forma REDONDA Tama\u00f1o 42 MM Material Cer\u00e1mica Negra Correa CAUCCI\u00d9 Resistencia al agua 50 M<\/p>\n","protected":false},"featured_media":150697,"template":"","meta":{"_crdt_document":"","advanced_seo_description":"","jetpack_seo_html_title":"","jetpack_seo_noindex":false},"product_brand":[],"product_cat":[2225],"product_tag":[2232],"berocket_brand":[],"woo-feed-brand":[],"class_list":{"0":"post-111607","1":"product","2":"type-product","3":"status-publish","4":"has-post-thumbnail","6":"product_cat-hublot-es","7":"product_tag-fusion-clasica","9":"first","10":"instock","11":"sale","12":"taxable","13":"shipping-taxable","14":"purchasable","15":"product-type-simple"},"bundled_by":[],"bundle_stock_status":"instock","bundle_stock_quantity":1,"bundle_virtual":false,"bundle_layout":"","bundle_add_to_cart_form_location":"","bundle_editable_in_cart":false,"bundle_sold_individually_context":"","bundle_item_grouping":"","bundle_min_size":"","bundle_max_size":"","bundle_price":[],"bundled_items":[],"bundle_sell_ids":[],"group_of_quantity":0,"min_quantity":0,"max_quantity":"","exclude_order_quantity_value_rules":"no","exclude_category_quantity_rules":"no","combine_variations":"no","exclude_global_add_ons":[],"addons":[],"jetpack_sharing_enabled":true,"jetpack_likes_enabled":true,"_links":{"self":[{"href":"https:\/\/watchdeluxe.it\/es\/wp-json\/wp\/v2\/product\/111607","targetHints":{"allow":["GET"]}}],"collection":[{"href":"https:\/\/watchdeluxe.it\/es\/wp-json\/wp\/v2\/product"}],"about":[{"href":"https:\/\/watchdeluxe.it\/es\/wp-json\/wp\/v2\/types\/product"}],"wp:featuredmedia":[{"embeddable":true,"href":"https:\/\/watchdeluxe.it\/es\/wp-json\/wp\/v2\/media\/150697"}],"wp:attachment":[{"href":"https:\/\/watchdeluxe.it\/es\/wp-json\/wp\/v2\/media?parent=111607"}],"wp:term":[{"taxonomy":"product_brand","embeddable":true,"href":"https:\/\/watchdeluxe.it\/es\/wp-json\/wp\/v2\/product_brand?post=111607"},{"taxonomy":"product_cat","embeddable":true,"href":"https:\/\/watchdeluxe.it\/es\/wp-json\/wp\/v2\/product_cat?post=111607"},{"taxonomy":"product_tag","embeddable":true,"href":"https:\/\/watchdeluxe.it\/es\/wp-json\/wp\/v2\/product_tag?post=111607"},{"taxonomy":"berocket_brand","embeddable":true,"href":"https:\/\/watchdeluxe.it\/es\/wp-json\/wp\/v2\/berocket_brand?post=111607"},{"taxonomy":"woo-feed-brand","embeddable":true,"href":"https:\/\/watchdeluxe.it\/es\/wp-json\/wp\/v2\/woo-feed-brand?post=111607"}],"curies":[{"name":"wp","href":"https:\/\/api.w.org\/{rel}","templated":true}]}}