{"id":111502,"date":"2024-11-27T18:05:26","date_gmt":"2024-11-27T17:05:26","guid":{"rendered":"https:\/\/watchdeluxe.it\/prodotto\/omega-speedmaster-moonwatch-profesional-310-20-42-50-99-001\/"},"modified":"2024-11-27T18:05:26","modified_gmt":"2024-11-27T17:05:26","slug":"omega-speedmaster-moonwatch-profesional-310-20-42-50-99-001","status":"publish","type":"product","link":"https:\/\/watchdeluxe.it\/es\/prodotto\/omega-speedmaster-moonwatch-profesional-310-20-42-50-99-001\/","title":{"rendered":"Omega Speedmaster Moonwatch Profesional 310.20.42.50.99.001"},"content":{"rendered":"<p>Omega Speedmaster Moonwatch Profesional 310.20.42.50.99.001<\/p>\n<p><strong>Movimiento:<\/strong><br \/>\n<strong>Calibre:<\/strong> Omega 3861<br \/>\n<strong>Carga:<\/strong> Manual<br \/>\n<strong>Reserva de marcha:<\/strong> 50 horas <strong>Frecuencia: <\/strong>3hz <strong>Certificaci\u00f3n:<\/strong> Co-Axial Master Chronometer<\/p>\n<p><strong>Caso<\/strong>:<br \/>\n<strong>Material:<\/strong> Acero &#8211; Oro Sedna <strong>Di\u00e1metro:<\/strong> 42,00 mm <strong>Grosor:<\/strong> 13,20 mm<\/p>\n<p><strong>Cristal: cristal de<\/strong> zafiro convexo resistente a los ara\u00f1azos con tratamiento antirreflejos en ambas caras<br \/>\n<strong>Resistencia al agua:<\/strong> 5 bares \/ 50 m<\/p>\n<p><strong>Marca<\/strong>:<br \/>\n<strong>Color: <\/strong>rosa<\/p>\n<p><strong>Correa<\/strong>:<br \/>\n<strong>Color:<\/strong> Oro &#8211; Gris <strong>Material:<\/strong> Acero &#8211; Oro Sedna <strong>Cierre:<\/strong> Hebilla desplegable<\/p>\n","protected":false},"excerpt":{"rendered":"<p>Omega Speedmaster Moonwatch Profesional 310.20.42.50.99.001 Movimiento: Calibre: Omega 3861 Carga: Manual Reserva de marcha: 50 horas Frecuencia: 3hz Certificaci\u00f3n: Co-Axial Master Chronometer Caso: Material: Acero &#8211; Oro Sedna Di\u00e1metro: 42,00 mm Grosor: 13,20 mm Cristal: cristal de zafiro convexo resistente a los ara\u00f1azos con tratamiento antirreflejos en ambas caras Resistencia al agua: 5 bares \/ [&hellip;]<\/p>\n","protected":false},"featured_media":111501,"template":"","meta":{"_crdt_document":"","advanced_seo_description":"","jetpack_seo_html_title":"","jetpack_seo_noindex":false},"product_brand":[2155],"product_cat":[2276],"product_tag":[2297],"berocket_brand":[],"woo-feed-brand":[],"class_list":{"0":"post-111502","1":"product","2":"type-product","3":"status-publish","4":"has-post-thumbnail","6":"product_brand-omega","7":"product_cat-omega-es","8":"product_tag-speedmaster-es","10":"first","11":"instock","12":"sale","13":"taxable","14":"shipping-taxable","15":"purchasable","16":"product-type-simple"},"bundled_by":[],"bundle_stock_status":"instock","bundle_stock_quantity":1,"bundle_virtual":false,"bundle_layout":"","bundle_add_to_cart_form_location":"","bundle_editable_in_cart":false,"bundle_sold_individually_context":"","bundle_item_grouping":"","bundle_min_size":"","bundle_max_size":"","bundle_price":[],"bundled_items":[],"bundle_sell_ids":[],"group_of_quantity":0,"min_quantity":0,"max_quantity":"","exclude_order_quantity_value_rules":"no","exclude_category_quantity_rules":"no","combine_variations":"no","jetpack_sharing_enabled":true,"jetpack_likes_enabled":true,"_links":{"self":[{"href":"https:\/\/watchdeluxe.it\/es\/wp-json\/wp\/v2\/product\/111502","targetHints":{"allow":["GET"]}}],"collection":[{"href":"https:\/\/watchdeluxe.it\/es\/wp-json\/wp\/v2\/product"}],"about":[{"href":"https:\/\/watchdeluxe.it\/es\/wp-json\/wp\/v2\/types\/product"}],"wp:featuredmedia":[{"embeddable":true,"href":"https:\/\/watchdeluxe.it\/es\/wp-json\/wp\/v2\/media\/111501"}],"wp:attachment":[{"href":"https:\/\/watchdeluxe.it\/es\/wp-json\/wp\/v2\/media?parent=111502"}],"wp:term":[{"taxonomy":"product_brand","embeddable":true,"href":"https:\/\/watchdeluxe.it\/es\/wp-json\/wp\/v2\/product_brand?post=111502"},{"taxonomy":"product_cat","embeddable":true,"href":"https:\/\/watchdeluxe.it\/es\/wp-json\/wp\/v2\/product_cat?post=111502"},{"taxonomy":"product_tag","embeddable":true,"href":"https:\/\/watchdeluxe.it\/es\/wp-json\/wp\/v2\/product_tag?post=111502"},{"taxonomy":"berocket_brand","embeddable":true,"href":"https:\/\/watchdeluxe.it\/es\/wp-json\/wp\/v2\/berocket_brand?post=111502"},{"taxonomy":"woo-feed-brand","embeddable":true,"href":"https:\/\/watchdeluxe.it\/es\/wp-json\/wp\/v2\/woo-feed-brand?post=111502"}],"curies":[{"name":"wp","href":"https:\/\/api.w.org\/{rel}","templated":true}]}}