{"id":111322,"date":"2025-10-24T10:18:27","date_gmt":"2025-10-24T08:18:27","guid":{"rendered":"https:\/\/watchdeluxe.it\/prodotto\/tag-heuer-carrera-cronografo-seafarer-x-hodinkee-ref-cbs2014-ft6293\/"},"modified":"2026-01-19T10:47:18","modified_gmt":"2026-01-19T09:47:18","slug":"tag-heuer-carrera-cronografo-seafarer-x-hodinkee-ref-cbs2014-ft6293","status":"publish","type":"product","link":"https:\/\/watchdeluxe.it\/es\/prodotto\/tag-heuer-carrera-cronografo-seafarer-x-hodinkee-ref-cbs2014-ft6293\/","title":{"rendered":"Tag Heuer Carrera cron\u00f3grafo Seafarer x Hodinkee ref. CBS2014.FT6293"},"content":{"rendered":"<p>Tag Heuer Carrera cron\u00f3grafo Seafarer x Hodinkee ref. CBS2014.FT6293<\/p>\n<p>Edici\u00f3n limitada<\/p>\n<div class=\"col-12 col-lg-4\">\n<p> <span class=\"spec-title text-uppercase\"> Calibre <\/span> <span class=\"spec-value\"> TH20-13 <\/span> <\/p>\n<\/div>\n<div class=\"col-12 col-lg-4\">\n<p> <span class=\"spec-title text-uppercase\"> Movimiento <\/span> <span class=\"spec-value\"> Autom\u00e1tico <\/span> <\/p>\n<\/div>\n<div class=\"col-12 col-lg-4\">\n<p> <span class=\"spec-title text-uppercase\"> Movimiento de fabricaci\u00f3n <\/span> <span class=\"spec-value\"> S\u00ed <\/span> <\/p>\n<\/div>\n<div class=\"col-12 col-lg-4\">\n<p> <span class=\"spec-title text-uppercase\"> Reserva de marcha (horas) <\/span> <span class=\"spec-value\"> 80 <\/span> <\/p>\n<\/div>\n<div class=\"col-12 col-lg-4\">\n<p> <span class=\"spec-title text-uppercase\"> Frecuencia del balanc\u00edn <\/span> <span class=\"spec-value\"> 28&#8217;800 (4 Hz) <\/span> <\/p>\n<\/div>\n<div class=\"col-12 col-lg-4\">\n<p> <span class=\"spec-title text-uppercase\"> Funciones <\/span> <span class=\"spec-value\"> Horas, minutos, segundos, cron\u00f3grafo: 1\/4 de segundo, contador de 30 minutos, indicador de nivel de marea <\/span> <\/p>\n<div class=\"col-12 col-lg-4\">\n<p> <span class=\"spec-title text-uppercase\"> Tama\u00f1o <\/span> <span class=\"spec-value\"> 42 mm <\/span> <\/p>\n<\/div>\n<div class=\"col-12 col-lg-4\">\n<p> <span class=\"spec-title text-uppercase\"> Resistencia al agua <\/span> <span class=\"spec-value\"> 100 m <\/span> <\/p>\n<\/div>\n<div class=\"col-12 col-lg-4\">\n<p> <span class=\"spec-title text-uppercase\"> Cuerpo de la caja <\/span> <span class=\"spec-value\"> Acero Acabado satinado\/pulido <\/span> <\/p>\n<\/div>\n<div class=\"col-12 col-lg-4\">\n<p> <span class=\"spec-title text-uppercase\"> Corona <\/span> <span class=\"spec-value\"> Acero <\/span> <\/p>\n<\/div>\n<div class=\"col-12 col-lg-4\">\n<p> <span class=\"spec-title text-uppercase\"> Volver <\/span> <span class=\"spec-value\"> Cristal de zafiro &#8211; Acero <\/span> <\/p>\n<div class=\"col-12 col-lg-4\">\n<p> <span class=\"spec-title text-uppercase\"> Material de la correa <\/span> <span class=\"spec-value\"> Caucho <\/span> <\/p>\n<\/div>\n<div class=\"col-12 col-lg-4\">\n<p> <span class=\"spec-title text-uppercase\"> Color <\/span> <span class=\"spec-value\"> Negro <\/span> <\/p>\n<\/div>\n<div class=\"col-12 col-lg-4\">\n<p> <span class=\"spec-title text-uppercase\"> Acabados <\/span> <span class=\"spec-value\"> Patr\u00f3n sobre tela <\/span> <\/p>\n<\/div>\n<div class=\"col-12 col-lg-4\">\n<p> <span class=\"spec-title text-uppercase\"> Hebilla <\/span> <span class=\"spec-value\"> Hebilla plegable con pulsadores &#8211; Acabado satinado\/pulido Acero <\/span> <\/p>\n<\/div>\n<\/div>\n<\/div>\n","protected":false},"excerpt":{"rendered":"<p>Tag Heuer Carrera cron\u00f3grafo Seafarer x Hodinkee ref. CBS2014.FT6293 Edici\u00f3n limitada Calibre TH20-13 Movimiento Autom\u00e1tico Movimiento de fabricaci\u00f3n S\u00ed Reserva de marcha (horas) 80 Frecuencia del balanc\u00edn 28&#8217;800 (4 Hz) Funciones Horas, minutos, segundos, cron\u00f3grafo: 1\/4 de segundo, contador de 30 minutos, indicador de nivel de marea Tama\u00f1o 42 mm Resistencia al agua 100 m [&hellip;]<\/p>\n","protected":false},"featured_media":111321,"template":"","meta":{"_crdt_document":"","advanced_seo_description":"","jetpack_seo_html_title":"","jetpack_seo_noindex":false},"product_brand":[2161],"product_cat":[1920],"product_tag":[3738],"berocket_brand":[],"woo-feed-brand":[],"class_list":{"0":"post-111322","1":"product","2":"type-product","3":"status-publish","4":"has-post-thumbnail","6":"product_brand-tag-heuer","7":"product_cat-tag-heuer","8":"product_tag-carrera-2","10":"first","11":"instock","12":"sale","13":"taxable","14":"shipping-taxable","15":"purchasable","16":"product-type-simple"},"bundled_by":[],"bundle_stock_status":"instock","bundle_stock_quantity":1,"bundle_virtual":false,"bundle_layout":"","bundle_add_to_cart_form_location":"","bundle_editable_in_cart":false,"bundle_sold_individually_context":"","bundle_item_grouping":"","bundle_min_size":"","bundle_max_size":"","bundle_price":[],"bundled_items":[],"bundle_sell_ids":[],"group_of_quantity":0,"min_quantity":0,"max_quantity":"","exclude_order_quantity_value_rules":"no","exclude_category_quantity_rules":"no","combine_variations":"no","jetpack_sharing_enabled":true,"jetpack_likes_enabled":true,"_links":{"self":[{"href":"https:\/\/watchdeluxe.it\/es\/wp-json\/wp\/v2\/product\/111322","targetHints":{"allow":["GET"]}}],"collection":[{"href":"https:\/\/watchdeluxe.it\/es\/wp-json\/wp\/v2\/product"}],"about":[{"href":"https:\/\/watchdeluxe.it\/es\/wp-json\/wp\/v2\/types\/product"}],"wp:featuredmedia":[{"embeddable":true,"href":"https:\/\/watchdeluxe.it\/es\/wp-json\/wp\/v2\/media\/111321"}],"wp:attachment":[{"href":"https:\/\/watchdeluxe.it\/es\/wp-json\/wp\/v2\/media?parent=111322"}],"wp:term":[{"taxonomy":"product_brand","embeddable":true,"href":"https:\/\/watchdeluxe.it\/es\/wp-json\/wp\/v2\/product_brand?post=111322"},{"taxonomy":"product_cat","embeddable":true,"href":"https:\/\/watchdeluxe.it\/es\/wp-json\/wp\/v2\/product_cat?post=111322"},{"taxonomy":"product_tag","embeddable":true,"href":"https:\/\/watchdeluxe.it\/es\/wp-json\/wp\/v2\/product_tag?post=111322"},{"taxonomy":"berocket_brand","embeddable":true,"href":"https:\/\/watchdeluxe.it\/es\/wp-json\/wp\/v2\/berocket_brand?post=111322"},{"taxonomy":"woo-feed-brand","embeddable":true,"href":"https:\/\/watchdeluxe.it\/es\/wp-json\/wp\/v2\/woo-feed-brand?post=111322"}],"curies":[{"name":"wp","href":"https:\/\/api.w.org\/{rel}","templated":true}]}}