{"id":111275,"date":"2024-11-27T15:30:25","date_gmt":"2024-11-27T14:30:25","guid":{"rendered":"https:\/\/watchdeluxe.it\/prodotto\/omega-constellation-28-mm-meteorito-ref-131-15-28-60-99-001\/"},"modified":"2024-11-27T15:30:25","modified_gmt":"2024-11-27T14:30:25","slug":"omega-constellation-28-mm-meteorito-ref-131-15-28-60-99-001","status":"publish","type":"product","link":"https:\/\/watchdeluxe.it\/es\/prodotto\/omega-constellation-28-mm-meteorito-ref-131-15-28-60-99-001\/","title":{"rendered":"Omega Constellation 28 mm meteorito ref. 131.15.28.60.99.001"},"content":{"rendered":"<p>Omega Constellation 28 mm meteorito ref. 131.15.28.60.99.001 Distancia entre asas 17,5 mm De asa a asa 30,5 mm Grosor 8,5 mm Di\u00e1metro 28 mm<\/p>\n<p>Caja de acero<\/p>\n<p>Color de la esfera Lavanda<\/p>\n<p>Cristal de zafiro<\/p>\n<p>C\u00fapula resistente a los ara\u00f1azos con revestimiento antirreflejos en ambas caras Resistencia al agua3 bares (30 metros \/ 100 pies) Peso total del producto (aprox.) 81 gCalibreOmega 4061Tipo de movimiento Cuarzo<\/p>\n","protected":false},"excerpt":{"rendered":"<p>Omega Constellation 28 mm meteorito ref. 131.15.28.60.99.001 Distancia entre asas 17,5 mm De asa a asa 30,5 mm Grosor 8,5 mm Di\u00e1metro 28 mm Caja de acero Color de la esfera Lavanda Cristal de zafiro C\u00fapula resistente a los ara\u00f1azos con revestimiento antirreflejos en ambas caras Resistencia al agua3 bares (30 metros \/ 100 pies) [&hellip;]<\/p>\n","protected":false},"featured_media":111285,"template":"","meta":{"_crdt_document":"","advanced_seo_description":"","jetpack_seo_html_title":"","jetpack_seo_noindex":false},"product_brand":[2155],"product_cat":[2276],"product_tag":[2974],"berocket_brand":[],"woo-feed-brand":[],"class_list":{"0":"post-111275","1":"product","2":"type-product","3":"status-publish","4":"has-post-thumbnail","6":"product_brand-omega","7":"product_cat-omega-es","8":"product_tag-constelacion","10":"first","11":"instock","12":"sale","13":"taxable","14":"shipping-taxable","15":"purchasable","16":"product-type-simple"},"bundled_by":[],"bundle_stock_status":"instock","bundle_stock_quantity":1,"bundle_virtual":false,"bundle_layout":"","bundle_add_to_cart_form_location":"","bundle_editable_in_cart":false,"bundle_sold_individually_context":"","bundle_item_grouping":"","bundle_min_size":"","bundle_max_size":"","bundle_price":[],"bundled_items":[],"bundle_sell_ids":[],"group_of_quantity":0,"min_quantity":0,"max_quantity":"","exclude_order_quantity_value_rules":"no","exclude_category_quantity_rules":"no","combine_variations":"no","jetpack_sharing_enabled":true,"jetpack_likes_enabled":true,"_links":{"self":[{"href":"https:\/\/watchdeluxe.it\/es\/wp-json\/wp\/v2\/product\/111275","targetHints":{"allow":["GET"]}}],"collection":[{"href":"https:\/\/watchdeluxe.it\/es\/wp-json\/wp\/v2\/product"}],"about":[{"href":"https:\/\/watchdeluxe.it\/es\/wp-json\/wp\/v2\/types\/product"}],"wp:featuredmedia":[{"embeddable":true,"href":"https:\/\/watchdeluxe.it\/es\/wp-json\/wp\/v2\/media\/111285"}],"wp:attachment":[{"href":"https:\/\/watchdeluxe.it\/es\/wp-json\/wp\/v2\/media?parent=111275"}],"wp:term":[{"taxonomy":"product_brand","embeddable":true,"href":"https:\/\/watchdeluxe.it\/es\/wp-json\/wp\/v2\/product_brand?post=111275"},{"taxonomy":"product_cat","embeddable":true,"href":"https:\/\/watchdeluxe.it\/es\/wp-json\/wp\/v2\/product_cat?post=111275"},{"taxonomy":"product_tag","embeddable":true,"href":"https:\/\/watchdeluxe.it\/es\/wp-json\/wp\/v2\/product_tag?post=111275"},{"taxonomy":"berocket_brand","embeddable":true,"href":"https:\/\/watchdeluxe.it\/es\/wp-json\/wp\/v2\/berocket_brand?post=111275"},{"taxonomy":"woo-feed-brand","embeddable":true,"href":"https:\/\/watchdeluxe.it\/es\/wp-json\/wp\/v2\/woo-feed-brand?post=111275"}],"curies":[{"name":"wp","href":"https:\/\/api.w.org\/{rel}","templated":true}]}}