{"id":111235,"date":"2024-11-26T16:51:10","date_gmt":"2024-11-26T15:51:10","guid":{"rendered":"https:\/\/watchdeluxe.it\/prodotto\/omega-seamaster-planet-ocean-600m-cronografo-ref-215-32-46-51-01-004\/"},"modified":"2024-11-26T16:51:10","modified_gmt":"2024-11-26T15:51:10","slug":"omega-seamaster-planet-ocean-600m-cronografo-ref-215-32-46-51-01-004","status":"publish","type":"product","link":"https:\/\/watchdeluxe.it\/es\/prodotto\/omega-seamaster-planet-ocean-600m-cronografo-ref-215-32-46-51-01-004\/","title":{"rendered":"Omega Seamaster Planet Ocean 600M cron\u00f3grafo ref. 215.32.46.51.01.004"},"content":{"rendered":"<p>Cron\u00f3grafo Planet Ocean 600M ref. 215.32.46.51.01.004<\/p>\n<p><b>Movimiento:<\/b> autom\u00e1tico<br \/>\n<b>Reserva de marcha:<\/b> 60 horas<br \/>\n<b>Esfera:<\/b> Gris<br \/>\n<b>Indicadores:<\/b> n\u00fameros ar\u00e1bigos e \u00edndices<br \/>\n<b>Caja:<\/b> Acero<br \/>\n<b>Tama\u00f1o:<\/b> 45,5 mm <b>Brazalete\/Correa:<\/b> Caucho gris <b>Resistencia al agua:<\/b> 60 bares<\/p>\n<p><b>Cristal:<\/b> cristal de zafiro resistente a los ara\u00f1azos con revestimiento antirreflectante multicapa en ambas caras<\/p>\n","protected":false},"excerpt":{"rendered":"<p>Cron\u00f3grafo Planet Ocean 600M ref. 215.32.46.51.01.004 Movimiento: autom\u00e1tico Reserva de marcha: 60 horas Esfera: Gris Indicadores: n\u00fameros ar\u00e1bigos e \u00edndices Caja: Acero Tama\u00f1o: 45,5 mm Brazalete\/Correa: Caucho gris Resistencia al agua: 60 bares Cristal: cristal de zafiro resistente a los ara\u00f1azos con revestimiento antirreflectante multicapa en ambas caras<\/p>\n","protected":false},"featured_media":111229,"template":"","meta":{"_crdt_document":"","advanced_seo_description":"","jetpack_seo_html_title":"","jetpack_seo_noindex":false},"product_brand":[2155],"product_cat":[2276],"product_tag":[3988],"berocket_brand":[],"woo-feed-brand":[],"class_list":{"0":"post-111235","1":"product","2":"type-product","3":"status-publish","4":"has-post-thumbnail","6":"product_brand-omega","7":"product_cat-omega-es","8":"product_tag-planeta-oceano","10":"first","11":"instock","12":"sale","13":"taxable","14":"shipping-taxable","15":"purchasable","16":"product-type-simple"},"bundled_by":[],"bundle_stock_status":"instock","bundle_stock_quantity":1,"bundle_virtual":false,"bundle_layout":"","bundle_add_to_cart_form_location":"","bundle_editable_in_cart":false,"bundle_sold_individually_context":"","bundle_item_grouping":"","bundle_min_size":"","bundle_max_size":"","bundle_price":[],"bundled_items":[],"bundle_sell_ids":[],"group_of_quantity":0,"min_quantity":0,"max_quantity":"","exclude_order_quantity_value_rules":"no","exclude_category_quantity_rules":"no","combine_variations":"no","jetpack_sharing_enabled":true,"jetpack_likes_enabled":true,"_links":{"self":[{"href":"https:\/\/watchdeluxe.it\/es\/wp-json\/wp\/v2\/product\/111235","targetHints":{"allow":["GET"]}}],"collection":[{"href":"https:\/\/watchdeluxe.it\/es\/wp-json\/wp\/v2\/product"}],"about":[{"href":"https:\/\/watchdeluxe.it\/es\/wp-json\/wp\/v2\/types\/product"}],"wp:featuredmedia":[{"embeddable":true,"href":"https:\/\/watchdeluxe.it\/es\/wp-json\/wp\/v2\/media\/111229"}],"wp:attachment":[{"href":"https:\/\/watchdeluxe.it\/es\/wp-json\/wp\/v2\/media?parent=111235"}],"wp:term":[{"taxonomy":"product_brand","embeddable":true,"href":"https:\/\/watchdeluxe.it\/es\/wp-json\/wp\/v2\/product_brand?post=111235"},{"taxonomy":"product_cat","embeddable":true,"href":"https:\/\/watchdeluxe.it\/es\/wp-json\/wp\/v2\/product_cat?post=111235"},{"taxonomy":"product_tag","embeddable":true,"href":"https:\/\/watchdeluxe.it\/es\/wp-json\/wp\/v2\/product_tag?post=111235"},{"taxonomy":"berocket_brand","embeddable":true,"href":"https:\/\/watchdeluxe.it\/es\/wp-json\/wp\/v2\/berocket_brand?post=111235"},{"taxonomy":"woo-feed-brand","embeddable":true,"href":"https:\/\/watchdeluxe.it\/es\/wp-json\/wp\/v2\/woo-feed-brand?post=111235"}],"curies":[{"name":"wp","href":"https:\/\/api.w.org\/{rel}","templated":true}]}}