{"id":111055,"date":"2024-11-26T16:04:38","date_gmt":"2024-11-26T15:04:38","guid":{"rendered":"https:\/\/watchdeluxe.it\/prodotto\/nomos-tangente-38-date-pastell-ref-179-s21\/"},"modified":"2026-04-17T10:15:40","modified_gmt":"2026-04-17T08:15:40","slug":"nomos-tangente-38-date-pastell-ref-179-s21","status":"publish","type":"product","link":"https:\/\/watchdeluxe.it\/es\/prodotto\/nomos-tangente-38-date-pastell-ref-179-s21\/","title":{"rendered":"Nomos Tangente 38 Date Pastell ref. 179.s21"},"content":{"rendered":"<p>Nomos Tangente 38 Date Pastell ref. 179.s21<\/p>\n<div class=\"list-couple\">\n<div class=\"specs-list\">\n<dl>\n<dt>Caja<\/dt>\n<dd>\nacero inoxidable, fondo de cristal de zafiro bipartito<\/dd>\n<\/dl>\n<dl>\n<dt>Vidrio<\/dt>\n<dd>cristal de zafiro<\/dd>\n<\/dl>\n<dl>\n<dt>Carga<\/dt>\n<dd>manual<\/dd>\n<\/dl>\n<dl>\n<dt>Dimensiones<\/dt>\n<dd>\n<p>Di\u00e1metro <span class=\"size-property\"> 37,5 mm <\/span> Grosor<span class=\"size-property\"> 6,8 mm <\/span> Tama\u00f1o del bucle exterior<span class=\"size-property\"> 47,7 mm <\/span><\/dd>\n<\/dl>\n<dl>\n<dt>Resistencia al agua<\/dt>\n<dd>3 atm (a prueba de salpicaduras)<\/dd>\n<\/dl>\n<\/div>\n<div class=\"specs-list\">\n<dl>\n<dt>Marque<\/dt>\n<dd>\n<p>anillo de minutos rosa coral, anillo exterior coral, indicador de fecha beige claro de la segundina a las 6, fondo de la fecha blanco plateado<\/dd>\n<\/dl>\n<dl>\n<dt>Manecillas<\/dt>\n<dd>rodiadas<\/dd>\n<\/dl>\n<dl>\n<dt>correa<\/dt>\n<dd>\ngris claro, tejido, correa de tela resistente al agua<span class=\"size-property\"> anchura de la <\/span><span class=\"size-property\"> leng\u00fceta 19 mm <\/span><\/dd>\n<\/dl>\n<dl>\n<dt>EDICI\u00d3N LIMITADA CON GRABADO<\/dt>\n<dd>Edici\u00f3n Limitada Tangente &#8211; 175 A\u00f1os de Relojer\u00eda Glash\u00fctte Pastell 1\/175<\/dd>\n<\/dl>\n<\/div>\n<\/div>\n","protected":false},"excerpt":{"rendered":"<p>Nomos Tangente 38 Date Pastell ref. 179.s21 Caja acero inoxidable, fondo de cristal de zafiro bipartito Vidrio cristal de zafiro Carga manual Dimensiones Di\u00e1metro 37,5 mm Grosor 6,8 mm Tama\u00f1o del bucle exterior 47,7 mm Resistencia al agua 3 atm (a prueba de salpicaduras) Marque anillo de minutos rosa coral, anillo exterior coral, indicador de [&hellip;]<\/p>\n","protected":false},"featured_media":111049,"template":"","meta":{"_crdt_document":"","advanced_seo_description":"","jetpack_seo_html_title":"","jetpack_seo_noindex":false},"product_brand":[],"product_cat":[2360],"product_tag":[2424],"berocket_brand":[],"woo-feed-brand":[],"class_list":{"0":"post-111055","1":"product","2":"type-product","3":"status-publish","4":"has-post-thumbnail","6":"product_cat-nomos-glashutte-es","7":"product_tag-tangente-es","9":"first","10":"instock","11":"sale","12":"taxable","13":"shipping-taxable","14":"purchasable","15":"product-type-simple"},"bundled_by":[],"bundle_stock_status":"instock","bundle_stock_quantity":1,"bundle_virtual":false,"bundle_layout":"","bundle_add_to_cart_form_location":"","bundle_editable_in_cart":false,"bundle_sold_individually_context":"","bundle_item_grouping":"","bundle_min_size":"","bundle_max_size":"","bundle_price":[],"bundled_items":[],"bundle_sell_ids":[],"group_of_quantity":0,"min_quantity":0,"max_quantity":"","exclude_order_quantity_value_rules":"no","exclude_category_quantity_rules":"no","combine_variations":"no","jetpack_sharing_enabled":true,"jetpack_likes_enabled":true,"_links":{"self":[{"href":"https:\/\/watchdeluxe.it\/es\/wp-json\/wp\/v2\/product\/111055","targetHints":{"allow":["GET"]}}],"collection":[{"href":"https:\/\/watchdeluxe.it\/es\/wp-json\/wp\/v2\/product"}],"about":[{"href":"https:\/\/watchdeluxe.it\/es\/wp-json\/wp\/v2\/types\/product"}],"wp:featuredmedia":[{"embeddable":true,"href":"https:\/\/watchdeluxe.it\/es\/wp-json\/wp\/v2\/media\/111049"}],"wp:attachment":[{"href":"https:\/\/watchdeluxe.it\/es\/wp-json\/wp\/v2\/media?parent=111055"}],"wp:term":[{"taxonomy":"product_brand","embeddable":true,"href":"https:\/\/watchdeluxe.it\/es\/wp-json\/wp\/v2\/product_brand?post=111055"},{"taxonomy":"product_cat","embeddable":true,"href":"https:\/\/watchdeluxe.it\/es\/wp-json\/wp\/v2\/product_cat?post=111055"},{"taxonomy":"product_tag","embeddable":true,"href":"https:\/\/watchdeluxe.it\/es\/wp-json\/wp\/v2\/product_tag?post=111055"},{"taxonomy":"berocket_brand","embeddable":true,"href":"https:\/\/watchdeluxe.it\/es\/wp-json\/wp\/v2\/berocket_brand?post=111055"},{"taxonomy":"woo-feed-brand","embeddable":true,"href":"https:\/\/watchdeluxe.it\/es\/wp-json\/wp\/v2\/woo-feed-brand?post=111055"}],"curies":[{"name":"wp","href":"https:\/\/api.w.org\/{rel}","templated":true}]}}