{"id":110779,"date":"2024-11-26T10:52:14","date_gmt":"2024-11-26T09:52:14","guid":{"rendered":"https:\/\/watchdeluxe.it\/prodotto\/cronografo-de-piloto-iwc-top-gun-woodland-ref-iw389106\/"},"modified":"2024-11-26T10:52:14","modified_gmt":"2024-11-26T09:52:14","slug":"cronografo-de-piloto-iwc-top-gun-woodland-ref-iw389106","status":"publish","type":"product","link":"https:\/\/watchdeluxe.it\/es\/prodotto\/cronografo-de-piloto-iwc-top-gun-woodland-ref-iw389106\/","title":{"rendered":"Cron\u00f3grafo de piloto IWC Top Gun &#8216;Woodland&#8217; ref. IW389106"},"content":{"rendered":"<p>Cron\u00f3grafo de piloto IWC Top Gun &#8216;Woodland&#8217; ref. IW389106 Producci\u00f3n anual limitada a 1000 piezas<\/p>\n<p><b>Movimiento:<\/b> autom\u00e1tico<br \/>\n<b>Reserva de marcha:<\/b> 46 horas<br \/>\n<b>Esfera:<\/b> Verde<br \/>\n<b>Indicadores:<\/b> N\u00fameros ar\u00e1bigos <b>Caja:<\/b> Cer\u00e1mica <b>Tama\u00f1o:<\/b> 44,5 mm <b>Brazalete\/Correa:<\/b> Caucho verde <b>Estanqueidad:<\/b> 6 bares<\/p>\n<p><b>Cristal:<\/b> zafiro abombado antirreflejos de doble cara<\/p>\n<p>&nbsp;<\/p>\n","protected":false},"excerpt":{"rendered":"<p>Cron\u00f3grafo de piloto IWC Top Gun &#8216;Woodland&#8217; ref. IW389106 Producci\u00f3n anual limitada a 1000 piezas Movimiento: autom\u00e1tico Reserva de marcha: 46 horas Esfera: Verde Indicadores: N\u00fameros ar\u00e1bigos Caja: Cer\u00e1mica Tama\u00f1o: 44,5 mm Brazalete\/Correa: Caucho verde Estanqueidad: 6 bares Cristal: zafiro abombado antirreflejos de doble cara &nbsp;<\/p>\n","protected":false},"featured_media":110777,"template":"","meta":{"_crdt_document":"","advanced_seo_description":"","jetpack_seo_html_title":"","jetpack_seo_noindex":false},"product_brand":[],"product_cat":[2237],"product_tag":[3959],"berocket_brand":[],"woo-feed-brand":[],"class_list":{"0":"post-110779","1":"product","2":"type-product","3":"status-publish","4":"has-post-thumbnail","6":"product_cat-cbi","7":"product_tag-piloto","9":"first","10":"instock","11":"sale","12":"taxable","13":"shipping-taxable","14":"purchasable","15":"product-type-simple"},"bundled_by":[],"bundle_stock_status":"instock","bundle_stock_quantity":1,"bundle_virtual":false,"bundle_layout":"","bundle_add_to_cart_form_location":"","bundle_editable_in_cart":false,"bundle_sold_individually_context":"","bundle_item_grouping":"","bundle_min_size":"","bundle_max_size":"","bundle_price":[],"bundled_items":[],"bundle_sell_ids":[],"group_of_quantity":0,"min_quantity":0,"max_quantity":"","exclude_order_quantity_value_rules":"no","exclude_category_quantity_rules":"no","combine_variations":"no","jetpack_sharing_enabled":true,"jetpack_likes_enabled":true,"_links":{"self":[{"href":"https:\/\/watchdeluxe.it\/es\/wp-json\/wp\/v2\/product\/110779","targetHints":{"allow":["GET"]}}],"collection":[{"href":"https:\/\/watchdeluxe.it\/es\/wp-json\/wp\/v2\/product"}],"about":[{"href":"https:\/\/watchdeluxe.it\/es\/wp-json\/wp\/v2\/types\/product"}],"wp:featuredmedia":[{"embeddable":true,"href":"https:\/\/watchdeluxe.it\/es\/wp-json\/wp\/v2\/media\/110777"}],"wp:attachment":[{"href":"https:\/\/watchdeluxe.it\/es\/wp-json\/wp\/v2\/media?parent=110779"}],"wp:term":[{"taxonomy":"product_brand","embeddable":true,"href":"https:\/\/watchdeluxe.it\/es\/wp-json\/wp\/v2\/product_brand?post=110779"},{"taxonomy":"product_cat","embeddable":true,"href":"https:\/\/watchdeluxe.it\/es\/wp-json\/wp\/v2\/product_cat?post=110779"},{"taxonomy":"product_tag","embeddable":true,"href":"https:\/\/watchdeluxe.it\/es\/wp-json\/wp\/v2\/product_tag?post=110779"},{"taxonomy":"berocket_brand","embeddable":true,"href":"https:\/\/watchdeluxe.it\/es\/wp-json\/wp\/v2\/berocket_brand?post=110779"},{"taxonomy":"woo-feed-brand","embeddable":true,"href":"https:\/\/watchdeluxe.it\/es\/wp-json\/wp\/v2\/woo-feed-brand?post=110779"}],"curies":[{"name":"wp","href":"https:\/\/api.w.org\/{rel}","templated":true}]}}