{"id":110481,"date":"2024-11-25T11:58:14","date_gmt":"2024-11-25T10:58:14","guid":{"rendered":"https:\/\/watchdeluxe.it\/prodotto\/bolso-montblanc-soft-compact-ref-198742\/"},"modified":"2024-11-25T11:58:14","modified_gmt":"2024-11-25T10:58:14","slug":"bolso-montblanc-soft-compact-ref-198742","status":"publish","type":"product","link":"https:\/\/watchdeluxe.it\/es\/prodotto\/bolso-montblanc-soft-compact-ref-198742\/","title":{"rendered":"Bolso Montblanc Soft Compact ref. 198742"},"content":{"rendered":"<p>Bolso Montblanc Soft Compact ref. 198742<\/p>\n<p><span class=\"value\">Esta moderna bandolera de la serie Soft muestra la extraordinaria artesan\u00eda de Montblanc con su suave piel negra y su innovador dise\u00f1o, que se completa con bolsillos externos para acceder f\u00e1cilmente a lo esencial. Cada detalle, desde las costuras hasta los deslizadores, est\u00e1 dise\u00f1ado para reflejar la forma de un plum\u00edn, el coraz\u00f3n de la herencia y la esencia de Montblanc. <\/span><\/p>\n<ul class=\"mt-16 grid grid-cols-[repeat(2,1fr)] gap-x-10 gap-y-20 sm:mt-33 sm:grid-cols-[repeat(auto-fill,minmax(20%,_1fr))] sm:gap-y-30\">\n<li class=\"\"><span class=\" font-serif text-body-12 leading-[1] sm:text-captions-14 block\">Material<\/span><span class=\" text-body-12 font-medium sm:text-captions-14\">Piel de becerro<\/span><\/li>\n<li class=\"\"><span class=\" font-serif text-body-12 leading-[1] sm:text-captions-14 block\">COLOR<\/span><span class=\" text-body-12 font-medium sm:text-captions-14\">Negro<\/span><\/li>\n<li class=\"\"><span class=\" font-serif text-body-12 leading-[1] sm:text-captions-14 block\">Dimensiones<\/span><span class=\" text-body-12 font-medium sm:text-captions-14\">170 x 60 x H 270 MM<\/span><\/li>\n<\/ul>\n","protected":false},"excerpt":{"rendered":"<p>Bolso Montblanc Soft Compact ref. 198742 Esta moderna bandolera de la serie Soft muestra la extraordinaria artesan\u00eda de Montblanc con su suave piel negra y su innovador dise\u00f1o, que se completa con bolsillos externos para acceder f\u00e1cilmente a lo esencial. Cada detalle, desde las costuras hasta los deslizadores, est\u00e1 dise\u00f1ado para reflejar la forma de [&hellip;]<\/p>\n","protected":false},"featured_media":110478,"template":"","meta":{"_crdt_document":"","advanced_seo_description":"","jetpack_seo_html_title":"","jetpack_seo_noindex":false},"product_brand":[],"product_cat":[2247],"product_tag":[2400],"berocket_brand":[],"woo-feed-brand":[],"class_list":{"0":"post-110481","1":"product","2":"type-product","3":"status-publish","4":"has-post-thumbnail","6":"product_cat-montblanc-es","7":"product_tag-bolsas","9":"first","10":"instock","11":"sale","12":"taxable","13":"shipping-taxable","14":"purchasable","15":"product-type-simple"},"bundled_by":[],"bundle_stock_status":"instock","bundle_stock_quantity":1,"bundle_virtual":false,"bundle_layout":"","bundle_add_to_cart_form_location":"","bundle_editable_in_cart":false,"bundle_sold_individually_context":"","bundle_item_grouping":"","bundle_min_size":"","bundle_max_size":"","bundle_price":[],"bundled_items":[],"bundle_sell_ids":[],"group_of_quantity":0,"min_quantity":0,"max_quantity":"","exclude_order_quantity_value_rules":"no","exclude_category_quantity_rules":"no","combine_variations":"no","jetpack_sharing_enabled":true,"jetpack_likes_enabled":true,"_links":{"self":[{"href":"https:\/\/watchdeluxe.it\/es\/wp-json\/wp\/v2\/product\/110481","targetHints":{"allow":["GET"]}}],"collection":[{"href":"https:\/\/watchdeluxe.it\/es\/wp-json\/wp\/v2\/product"}],"about":[{"href":"https:\/\/watchdeluxe.it\/es\/wp-json\/wp\/v2\/types\/product"}],"wp:featuredmedia":[{"embeddable":true,"href":"https:\/\/watchdeluxe.it\/es\/wp-json\/wp\/v2\/media\/110478"}],"wp:attachment":[{"href":"https:\/\/watchdeluxe.it\/es\/wp-json\/wp\/v2\/media?parent=110481"}],"wp:term":[{"taxonomy":"product_brand","embeddable":true,"href":"https:\/\/watchdeluxe.it\/es\/wp-json\/wp\/v2\/product_brand?post=110481"},{"taxonomy":"product_cat","embeddable":true,"href":"https:\/\/watchdeluxe.it\/es\/wp-json\/wp\/v2\/product_cat?post=110481"},{"taxonomy":"product_tag","embeddable":true,"href":"https:\/\/watchdeluxe.it\/es\/wp-json\/wp\/v2\/product_tag?post=110481"},{"taxonomy":"berocket_brand","embeddable":true,"href":"https:\/\/watchdeluxe.it\/es\/wp-json\/wp\/v2\/berocket_brand?post=110481"},{"taxonomy":"woo-feed-brand","embeddable":true,"href":"https:\/\/watchdeluxe.it\/es\/wp-json\/wp\/v2\/woo-feed-brand?post=110481"}],"curies":[{"name":"wp","href":"https:\/\/api.w.org\/{rel}","templated":true}]}}