{"id":110258,"date":"2024-11-14T14:59:38","date_gmt":"2024-11-14T13:59:38","guid":{"rendered":"https:\/\/watchdeluxe.it\/prodotto\/chanel-j12-33mm-con-diamantes-ref-h10473\/"},"modified":"2024-11-14T14:59:38","modified_gmt":"2024-11-14T13:59:38","slug":"chanel-j12-33mm-con-diamantes-ref-h10473","status":"publish","type":"product","link":"https:\/\/watchdeluxe.it\/es\/prodotto\/chanel-j12-33mm-con-diamantes-ref-h10473\/","title":{"rendered":"Chanel J12 33mm con diamantes ref. H10473"},"content":{"rendered":"<p>Chanel J12 33mm con diamantes ref. H10473<\/p>\n<ul>\n<li class=\"characteristic-listing\">\n<p class=\"watch-listing-heading\" role=\"heading\" aria-level=\"3\" data-test=\"lblProductTitle_BySKU\">Caso<\/p>\n<p class=\"watch-listing-desc\">Cer\u00e1mica blanca de alta resistencia y caja de acero<\/p>\n<\/li>\n<li class=\"characteristic-listing\">\n<p class=\"watch-listing-heading\" role=\"heading\" aria-level=\"3\" data-test=\"lblProductTitle_BySKU\">Correa<\/p>\n<p class=\"watch-listing-desc\">Brazalete de cer\u00e1mica blanca de alta resistencia y triple cierre desplegable de acero<\/p>\n<\/li>\n<li class=\"characteristic-listing\">\n<p class=\"watch-listing-heading\" role=\"heading\" aria-level=\"3\" data-test=\"lblProductTitle_BySKU\">Movimiento<\/p>\n<p class=\"watch-listing-desc\">\n<p>Calibre 12.2 Movimiento mec\u00e1nico autom\u00e1tico \u2248 50H<\/p>\n<\/li>\n<li class=\"characteristic-listing\" tabindex=\"  -1\">\n<p class=\"watch-listing-heading\" role=\"heading\" aria-level=\"3\" data-test=\"lblProductTitle_BySKU\">Marque<\/p>\n<p class=\"watch-listing-desc\">Esfera lacada en blanco con 12 \u00edndices de diamantes (~0,06 ct)<\/p>\n<\/li>\n<li class=\"characteristic-listing\">\n<p class=\"watch-listing-heading\" role=\"heading\" aria-level=\"3\" data-test=\"lblProductTitle_BySKU\">Bisel<\/p>\n<p class=\"watch-listing-desc\">Bisel fijo de acero engastado con 46 diamantes talla brillante (~1,21 ct)<\/p>\n<\/li>\n<li class=\"characteristic-listing\">\n<p class=\"watch-listing-heading\" role=\"heading\" aria-level=\"3\" data-test=\"lblProductTitle_BySKU\">Impermeable<\/p>\n<p class=\"watch-listing-desc\">50 m<\/p>\n<\/li>\n<li class=\"characteristic-listing\">\n<p class=\"watch-listing-heading\" role=\"heading\" aria-level=\"3\" data-test=\"lblProductTitle_BySKU\">Corona<\/p>\n<p class=\"watch-listing-desc\">Corona atornillada de acero con cabuj\u00f3n de cer\u00e1mica blanca de alta resistencia<\/p>\n<\/li>\n<li class=\"characteristic-listing\">\n<p class=\"watch-listing-heading\" role=\"heading\" aria-level=\"3\" data-test=\"lblProductTitle_BySKU\">Funciones<\/p>\n<p class=\"watch-listing-desc\">Horas, minutos, segundos<\/p>\n<\/li>\n<li class=\"characteristic-listing\">\n<p class=\"watch-listing-heading\" role=\"heading\" aria-level=\"3\" data-test=\"lblProductTitle_BySKU\">Dimensiones<\/p>\n<p class=\"watch-listing-desc\">33 x 12,94 mm<\/p>\n<\/li>\n<\/ul>\n","protected":false},"excerpt":{"rendered":"<p>Chanel J12 33mm con diamantes ref. H10473 Caso Cer\u00e1mica blanca de alta resistencia y caja de acero Correa Brazalete de cer\u00e1mica blanca de alta resistencia y triple cierre desplegable de acero Movimiento Calibre 12.2 Movimiento mec\u00e1nico autom\u00e1tico \u2248 50H Marque Esfera lacada en blanco con 12 \u00edndices de diamantes (~0,06 ct) Bisel Bisel fijo de [&hellip;]<\/p>\n","protected":false},"featured_media":110255,"template":"","meta":{"_crdt_document":"","advanced_seo_description":"","jetpack_seo_html_title":"","jetpack_seo_noindex":false},"product_brand":[2145],"product_cat":[2343],"product_tag":[2344],"berocket_brand":[],"woo-feed-brand":[],"class_list":{"0":"post-110258","1":"product","2":"type-product","3":"status-publish","4":"has-post-thumbnail","6":"product_brand-chanel","7":"product_cat-chanel-es","8":"product_tag-j12-es","10":"first","11":"instock","12":"sale","13":"taxable","14":"shipping-taxable","15":"purchasable","16":"product-type-simple"},"bundled_by":[],"bundle_stock_status":"instock","bundle_stock_quantity":1,"bundle_virtual":false,"bundle_layout":"","bundle_add_to_cart_form_location":"","bundle_editable_in_cart":false,"bundle_sold_individually_context":"","bundle_item_grouping":"","bundle_min_size":"","bundle_max_size":"","bundle_price":[],"bundled_items":[],"bundle_sell_ids":[],"group_of_quantity":0,"min_quantity":0,"max_quantity":"","exclude_order_quantity_value_rules":"no","exclude_category_quantity_rules":"no","combine_variations":"no","exclude_global_add_ons":[],"addons":[],"jetpack_sharing_enabled":true,"jetpack_likes_enabled":true,"_links":{"self":[{"href":"https:\/\/watchdeluxe.it\/es\/wp-json\/wp\/v2\/product\/110258","targetHints":{"allow":["GET"]}}],"collection":[{"href":"https:\/\/watchdeluxe.it\/es\/wp-json\/wp\/v2\/product"}],"about":[{"href":"https:\/\/watchdeluxe.it\/es\/wp-json\/wp\/v2\/types\/product"}],"wp:featuredmedia":[{"embeddable":true,"href":"https:\/\/watchdeluxe.it\/es\/wp-json\/wp\/v2\/media\/110255"}],"wp:attachment":[{"href":"https:\/\/watchdeluxe.it\/es\/wp-json\/wp\/v2\/media?parent=110258"}],"wp:term":[{"taxonomy":"product_brand","embeddable":true,"href":"https:\/\/watchdeluxe.it\/es\/wp-json\/wp\/v2\/product_brand?post=110258"},{"taxonomy":"product_cat","embeddable":true,"href":"https:\/\/watchdeluxe.it\/es\/wp-json\/wp\/v2\/product_cat?post=110258"},{"taxonomy":"product_tag","embeddable":true,"href":"https:\/\/watchdeluxe.it\/es\/wp-json\/wp\/v2\/product_tag?post=110258"},{"taxonomy":"berocket_brand","embeddable":true,"href":"https:\/\/watchdeluxe.it\/es\/wp-json\/wp\/v2\/berocket_brand?post=110258"},{"taxonomy":"woo-feed-brand","embeddable":true,"href":"https:\/\/watchdeluxe.it\/es\/wp-json\/wp\/v2\/woo-feed-brand?post=110258"}],"curies":[{"name":"wp","href":"https:\/\/api.w.org\/{rel}","templated":true}]}}