{"id":110012,"date":"2024-11-11T15:42:26","date_gmt":"2024-11-11T14:42:26","guid":{"rendered":"https:\/\/watchdeluxe.it\/prodotto\/longines-flagship-heritage-fases-lunares-ref-l38215532\/"},"modified":"2024-11-11T15:42:26","modified_gmt":"2024-11-11T14:42:26","slug":"longines-flagship-heritage-fases-lunares-ref-l38215532","status":"publish","type":"product","link":"https:\/\/watchdeluxe.it\/es\/prodotto\/longines-flagship-heritage-fases-lunares-ref-l38215532\/","title":{"rendered":"Longines Flagship Heritage fases lunares ref. L38215532"},"content":{"rendered":"<p>Longines Flagship Heritage fases lunares ref. L38215532<\/p>\n<p>EFECTIVO<br \/>\nForma: Redonda<br \/>\nMaterial: Acero inoxidable<br \/>\nCristal de zafiro resistente a los ara\u00f1azos con revestimiento antirreflejos multicapa en ambas caras<br \/>\nEspalda atornillada<\/p>\n<p>Dimensiones: \u00d8 38,50 mm Distancia entre leng\u00fcetas: 19 mm De leng\u00fceta a leng\u00fceta: 46,30 mm Grosor: 12,40 mm Estanco hasta 3 bares Peso: 73,2 g.<\/p>\n<p>DIAL Y MANOS<br \/>\nColor de la esfera: Rayo de sol antracita C\u00edrculo horario: Marcadores horarios aplicados<\/p>\n<p>Manos rosas<br \/>\nCaracter\u00edsticas: Super-LumiNova\u00ae suiza<br \/>\nMOVIMIENTO Y FUNCIONES<br \/>\nTipo de movimiento: Autom\u00e1tico<br \/>\nFunci\u00f3n<br \/>\nHoras, minutos, segundos, indicador de fase lunar e indicaci\u00f3n de fecha mediante una manecilla peque\u00f1a a las 6<br \/>\nCalibre: L899<br \/>\nDescripci\u00f3n del movimiento<br \/>\nMovimiento mec\u00e1nico autom\u00e1tico con una frecuencia de 25.200 alternancias por hora y una reserva de marcha de aproximadamente 72 horas, espiral de silicio monocristalino<br \/>\nFunci\u00f3n especial: Fases lunares<br \/>\nCINTUR\u00d3N<br \/>\nMaterial: correa de cocodrilo<br \/>\nColor: Gris<br \/>\nHebilla: Con hebilla<\/p>\n","protected":false},"excerpt":{"rendered":"<p>Longines Flagship Heritage fases lunares ref. L38215532 EFECTIVO Forma: Redonda Material: Acero inoxidable Cristal de zafiro resistente a los ara\u00f1azos con revestimiento antirreflejos multicapa en ambas caras Espalda atornillada Dimensiones: \u00d8 38,50 mm Distancia entre leng\u00fcetas: 19 mm De leng\u00fceta a leng\u00fceta: 46,30 mm Grosor: 12,40 mm Estanco hasta 3 bares Peso: 73,2 g. DIAL [&hellip;]<\/p>\n","protected":false},"featured_media":110011,"template":"","meta":{"_crdt_document":"","advanced_seo_description":"","jetpack_seo_html_title":"","jetpack_seo_noindex":false},"product_brand":[2151],"product_cat":[2187],"product_tag":[3072],"berocket_brand":[],"woo-feed-brand":[],"class_list":{"0":"post-110012","1":"product","2":"type-product","3":"status-publish","4":"has-post-thumbnail","6":"product_brand-longines","7":"product_cat-longines-es","8":"product_tag-buque-insignia","10":"first","11":"instock","12":"sale","13":"taxable","14":"shipping-taxable","15":"purchasable","16":"product-type-simple"},"bundled_by":[],"bundle_stock_status":"instock","bundle_stock_quantity":1,"bundle_virtual":false,"bundle_layout":"","bundle_add_to_cart_form_location":"","bundle_editable_in_cart":false,"bundle_sold_individually_context":"","bundle_item_grouping":"","bundle_min_size":"","bundle_max_size":"","bundle_price":[],"bundled_items":[],"bundle_sell_ids":[],"group_of_quantity":0,"min_quantity":0,"max_quantity":"","exclude_order_quantity_value_rules":"no","exclude_category_quantity_rules":"no","combine_variations":"no","jetpack_sharing_enabled":true,"jetpack_likes_enabled":true,"_links":{"self":[{"href":"https:\/\/watchdeluxe.it\/es\/wp-json\/wp\/v2\/product\/110012","targetHints":{"allow":["GET"]}}],"collection":[{"href":"https:\/\/watchdeluxe.it\/es\/wp-json\/wp\/v2\/product"}],"about":[{"href":"https:\/\/watchdeluxe.it\/es\/wp-json\/wp\/v2\/types\/product"}],"wp:featuredmedia":[{"embeddable":true,"href":"https:\/\/watchdeluxe.it\/es\/wp-json\/wp\/v2\/media\/110011"}],"wp:attachment":[{"href":"https:\/\/watchdeluxe.it\/es\/wp-json\/wp\/v2\/media?parent=110012"}],"wp:term":[{"taxonomy":"product_brand","embeddable":true,"href":"https:\/\/watchdeluxe.it\/es\/wp-json\/wp\/v2\/product_brand?post=110012"},{"taxonomy":"product_cat","embeddable":true,"href":"https:\/\/watchdeluxe.it\/es\/wp-json\/wp\/v2\/product_cat?post=110012"},{"taxonomy":"product_tag","embeddable":true,"href":"https:\/\/watchdeluxe.it\/es\/wp-json\/wp\/v2\/product_tag?post=110012"},{"taxonomy":"berocket_brand","embeddable":true,"href":"https:\/\/watchdeluxe.it\/es\/wp-json\/wp\/v2\/berocket_brand?post=110012"},{"taxonomy":"woo-feed-brand","embeddable":true,"href":"https:\/\/watchdeluxe.it\/es\/wp-json\/wp\/v2\/woo-feed-brand?post=110012"}],"curies":[{"name":"wp","href":"https:\/\/api.w.org\/{rel}","templated":true}]}}