{"id":109538,"date":"2025-04-10T17:20:20","date_gmt":"2025-04-10T15:20:20","guid":{"rendered":"https:\/\/watchdeluxe.it\/prodotto\/hublot-classic-fusion-33-mm-ref-581-nx-7170-rx\/"},"modified":"2026-01-20T15:11:23","modified_gmt":"2026-01-20T14:11:23","slug":"hublot-classic-fusion-33-mm-ref-581-nx-7170-rx","status":"publish","type":"product","link":"https:\/\/watchdeluxe.it\/es\/prodotto\/hublot-classic-fusion-33-mm-ref-581-nx-7170-rx\/","title":{"rendered":"Hublot Classic fusi\u00f3n 33 mm ref. 581.NX.7170.RX"},"content":{"rendered":"<p>Hublot Classic fusi\u00f3n 33 mm ref. 581.NX.7170.RX<\/p>\n<div class=\"row\">\n<div class=\"col-5 col-lg-4\">Colecci\u00f3n CLASSIC FUSION<\/div>\n<\/div>\n<div class=\"row\">\n<div class=\"col-5 col-lg-4\">Tipo S\u00f3lo tiempo<\/div>\n<\/div>\n<div class=\"row\">\n<div class=\"col-5 col-lg-4\">Movimiento de cuarzo<\/div>\n<\/div>\n<div class=\"row\">\n<div class=\"col-5 col-lg-4\">Dimensiones de la caja \u00d8 33 MM<\/div>\n<\/div>\n<div class=\"row\">\n<div class=\"col-5 col-lg-4\">Material Titanio<\/div>\n<\/div>\n<div class=\"row\">\n<div class=\"col-5 col-lg-4\">Correa de caucho<\/div>\n<\/div>\n<div class=\"row\">\n<div class=\"col-5 col-lg-4\">Resistencia al agua 5 ATM<\/div>\n<\/div>\n<div class=\"row\">\n<div class=\"col-5 col-lg-4\">Esfera azul<\/div>\n<\/div>\n<div class=\"row\">\n<div class=\"col-5 col-lg-4\">Cristal de zafiro<\/div>\n<\/div>\n<div class=\"row\">\n<div class=\"col-5 col-lg-4\">Cierre del Despliegue<\/div>\n<\/div>\n<div class=\"row\">\n<div class=\"col-7 col-lg-8\"><\/div>\n<\/div>\n","protected":false},"excerpt":{"rendered":"<p>Hublot Classic fusi\u00f3n 33 mm ref. 581.NX.7170.RX Colecci\u00f3n CLASSIC FUSION Tipo S\u00f3lo tiempo Movimiento de cuarzo Dimensiones de la caja \u00d8 33 MM Material Titanio Correa de caucho Resistencia al agua 5 ATM Esfera azul Cristal de zafiro Cierre del Despliegue<\/p>\n","protected":false},"featured_media":109536,"template":"","meta":{"_crdt_document":"","advanced_seo_description":"","jetpack_seo_html_title":"","jetpack_seo_noindex":false},"product_brand":[2149],"product_cat":[2225],"product_tag":[2232],"berocket_brand":[],"woo-feed-brand":[],"class_list":{"0":"post-109538","1":"product","2":"type-product","3":"status-publish","4":"has-post-thumbnail","6":"product_brand-hublot","7":"product_cat-hublot-es","8":"product_tag-fusion-clasica","10":"first","11":"instock","12":"sale","13":"taxable","14":"shipping-taxable","15":"purchasable","16":"product-type-simple"},"bundled_by":[],"bundle_stock_status":"instock","bundle_stock_quantity":1,"bundle_virtual":false,"bundle_layout":"","bundle_add_to_cart_form_location":"","bundle_editable_in_cart":false,"bundle_sold_individually_context":"","bundle_item_grouping":"","bundle_min_size":"","bundle_max_size":"","bundle_price":[],"bundled_items":[],"bundle_sell_ids":[],"group_of_quantity":0,"min_quantity":0,"max_quantity":"","exclude_order_quantity_value_rules":"no","exclude_category_quantity_rules":"no","combine_variations":"no","exclude_global_add_ons":[],"addons":[],"jetpack_sharing_enabled":true,"jetpack_likes_enabled":true,"_links":{"self":[{"href":"https:\/\/watchdeluxe.it\/es\/wp-json\/wp\/v2\/product\/109538","targetHints":{"allow":["GET"]}}],"collection":[{"href":"https:\/\/watchdeluxe.it\/es\/wp-json\/wp\/v2\/product"}],"about":[{"href":"https:\/\/watchdeluxe.it\/es\/wp-json\/wp\/v2\/types\/product"}],"wp:featuredmedia":[{"embeddable":true,"href":"https:\/\/watchdeluxe.it\/es\/wp-json\/wp\/v2\/media\/109536"}],"wp:attachment":[{"href":"https:\/\/watchdeluxe.it\/es\/wp-json\/wp\/v2\/media?parent=109538"}],"wp:term":[{"taxonomy":"product_brand","embeddable":true,"href":"https:\/\/watchdeluxe.it\/es\/wp-json\/wp\/v2\/product_brand?post=109538"},{"taxonomy":"product_cat","embeddable":true,"href":"https:\/\/watchdeluxe.it\/es\/wp-json\/wp\/v2\/product_cat?post=109538"},{"taxonomy":"product_tag","embeddable":true,"href":"https:\/\/watchdeluxe.it\/es\/wp-json\/wp\/v2\/product_tag?post=109538"},{"taxonomy":"berocket_brand","embeddable":true,"href":"https:\/\/watchdeluxe.it\/es\/wp-json\/wp\/v2\/berocket_brand?post=109538"},{"taxonomy":"woo-feed-brand","embeddable":true,"href":"https:\/\/watchdeluxe.it\/es\/wp-json\/wp\/v2\/woo-feed-brand?post=109538"}],"curies":[{"name":"wp","href":"https:\/\/api.w.org\/{rel}","templated":true}]}}