{"id":109118,"date":"2024-09-27T17:46:25","date_gmt":"2024-09-27T15:46:25","guid":{"rendered":"https:\/\/watchdeluxe.it\/prodotto\/iwc-portugues-42-ref-iw501704\/"},"modified":"2024-09-27T17:46:25","modified_gmt":"2024-09-27T15:46:25","slug":"iwc-portugues-42-ref-iw501704","status":"publish","type":"product","link":"https:\/\/watchdeluxe.it\/es\/prodotto\/iwc-portugues-42-ref-iw501704\/","title":{"rendered":"Iwc Portugu\u00e9s 42 ref.\nIW501704"},"content":{"rendered":"<p>Iwc Portugu\u00e9s 42 ref.<br \/>\nIW501704 Caja de acero, cuerda autom\u00e1tica, Di\u00e1metro 42,4 mm, Azul, Brazalete de acero, Ancho de la correa 22,0 mm.<\/p>\n<ul class=\"iwc-product-information-details expanded\" role=\"list\" data-toggle-id=\"features-section-details\">\n<li class=\"iwc-product-detail-item\" role=\"listitem\">Segundero peque\u00f1o con dispositivo de parada<\/li>\n<li class=\"iwc-product-detail-item\" role=\"listitem\">Rotor con medall\u00f3n de oro de 18 quilates<\/li>\n<li class=\"iwc-product-detail-item\" role=\"listitem\">Sistema de carga autom\u00e1tica Pellaton<\/li>\n<li class=\"iwc-product-detail-item\" role=\"listitem\">Fechador<\/li>\n<li class=\"iwc-product-detail-item\" role=\"listitem\">Indicaci\u00f3n de reserva de marcha<\/li>\n<li class=\"iwc-product-detail-item\" role=\"listitem\">Reserva de marcha de 7 d\u00edas<\/li>\n<li class=\"iwc-product-detail-item\" role=\"listitem\">Doble cristal de zafiro con borde arqueado, revestimiento antirreflectante en ambas caras<\/li>\n<\/ul>\n","protected":false},"excerpt":{"rendered":"<p>Iwc Portugu\u00e9s 42 ref. IW501704 Caja de acero, cuerda autom\u00e1tica, Di\u00e1metro 42,4 mm, Azul, Brazalete de acero, Ancho de la correa 22,0 mm. Segundero peque\u00f1o con dispositivo de parada Rotor con medall\u00f3n de oro de 18 quilates Sistema de carga autom\u00e1tica Pellaton Fechador Indicaci\u00f3n de reserva de marcha Reserva de marcha de 7 d\u00edas Doble [&hellip;]<\/p>\n","protected":false},"featured_media":109117,"template":"","meta":{"_crdt_document":"","advanced_seo_description":"","jetpack_seo_html_title":"","jetpack_seo_noindex":false},"product_brand":[],"product_cat":[2237],"product_tag":[2891],"berocket_brand":[],"woo-feed-brand":[],"class_list":{"0":"post-109118","1":"product","2":"type-product","3":"status-publish","4":"has-post-thumbnail","6":"product_cat-cbi","7":"product_tag-portugues","9":"first","10":"instock","11":"sale","12":"taxable","13":"shipping-taxable","14":"purchasable","15":"product-type-simple"},"bundled_by":[],"bundle_stock_status":"instock","bundle_stock_quantity":1,"bundle_virtual":false,"bundle_layout":"","bundle_add_to_cart_form_location":"","bundle_editable_in_cart":false,"bundle_sold_individually_context":"","bundle_item_grouping":"","bundle_min_size":"","bundle_max_size":"","bundle_price":[],"bundled_items":[],"bundle_sell_ids":[],"group_of_quantity":0,"min_quantity":0,"max_quantity":"","exclude_order_quantity_value_rules":"no","exclude_category_quantity_rules":"no","combine_variations":"no","exclude_global_add_ons":[],"addons":[],"jetpack_sharing_enabled":true,"jetpack_likes_enabled":true,"_links":{"self":[{"href":"https:\/\/watchdeluxe.it\/es\/wp-json\/wp\/v2\/product\/109118","targetHints":{"allow":["GET"]}}],"collection":[{"href":"https:\/\/watchdeluxe.it\/es\/wp-json\/wp\/v2\/product"}],"about":[{"href":"https:\/\/watchdeluxe.it\/es\/wp-json\/wp\/v2\/types\/product"}],"wp:featuredmedia":[{"embeddable":true,"href":"https:\/\/watchdeluxe.it\/es\/wp-json\/wp\/v2\/media\/109117"}],"wp:attachment":[{"href":"https:\/\/watchdeluxe.it\/es\/wp-json\/wp\/v2\/media?parent=109118"}],"wp:term":[{"taxonomy":"product_brand","embeddable":true,"href":"https:\/\/watchdeluxe.it\/es\/wp-json\/wp\/v2\/product_brand?post=109118"},{"taxonomy":"product_cat","embeddable":true,"href":"https:\/\/watchdeluxe.it\/es\/wp-json\/wp\/v2\/product_cat?post=109118"},{"taxonomy":"product_tag","embeddable":true,"href":"https:\/\/watchdeluxe.it\/es\/wp-json\/wp\/v2\/product_tag?post=109118"},{"taxonomy":"berocket_brand","embeddable":true,"href":"https:\/\/watchdeluxe.it\/es\/wp-json\/wp\/v2\/berocket_brand?post=109118"},{"taxonomy":"woo-feed-brand","embeddable":true,"href":"https:\/\/watchdeluxe.it\/es\/wp-json\/wp\/v2\/woo-feed-brand?post=109118"}],"curies":[{"name":"wp","href":"https:\/\/api.w.org\/{rel}","templated":true}]}}