{"id":109068,"date":"2024-09-27T17:29:35","date_gmt":"2024-09-27T15:29:35","guid":{"rendered":"https:\/\/watchdeluxe.it\/prodotto\/iwc-cronografo-pilots-top-gun-edicion-lake-tahoe-ref-iw389105\/"},"modified":"2024-09-27T17:29:35","modified_gmt":"2024-09-27T15:29:35","slug":"iwc-cronografo-pilots-top-gun-edicion-lake-tahoe-ref-iw389105","status":"publish","type":"product","link":"https:\/\/watchdeluxe.it\/es\/prodotto\/iwc-cronografo-pilots-top-gun-edicion-lake-tahoe-ref-iw389105\/","title":{"rendered":"Iwc Cron\u00f3grafo Pilot&#8217;S Top Gun Edici\u00f3n &#8216;Lake Tahoe&#8217; ref.\nIW389105"},"content":{"rendered":"<p>Iwc Cron\u00f3grafo Pilot&#8217;S Top Gun Edici\u00f3n &#8216;Lake Tahoe&#8217; ref.<br \/>\nIW389105<\/p>\n<div class=\"col-span-4 mb-32 sm:col-span-4 sm:mb-0 md:col-span-3\">\n<div class=\"relative sm:mr-40\"><picture class=\"relative block aspect-3\/4 overflow-hidden rounded-b-full\"><img decoding=\"async\" class=\"rounded-t-4 object-cover\" draggable=\"false\" src=\"https:\/\/www.astrua.com\/_next\/image?url=https%3A%2F%2Fmedia.astrua.com%2Fproduction%2F0132131_0.jpeg&amp;w=3840&amp;q=90\" sizes=\"(min-width: 1023px) 50vw, 100vw\" srcset=\"\/_next\/image?url=https%3A%2F%2Fmedia.astrua.com%2Fproduction%2F0132131_0.jpeg&amp;w=384&amp;q=90 384w, \/_next\/image?url=https%3A%2F%2Fmedia.astrua.com%2Fproduction%2F0132131_0.jpeg&amp;w=640&amp;q=90 640w, \/_next\/image?url=https%3A%2F%2Fmedia.astrua.com%2Fproduction%2F0132131_0.jpeg&amp;w=750&amp;q=90 750w, \/_next\/image?url=https%3A%2F%2Fmedia.astrua.com%2Fproduction%2F0132131_0.jpeg&amp;w=828&amp;q=90 828w, \/_next\/image?url=https%3A%2F%2Fmedia.astrua.com%2Fproduction%2F0132131_0.jpeg&amp;w=1080&amp;q=90 1080w, \/_next\/image?url=https%3A%2F%2Fmedia.astrua.com%2Fproduction%2F0132131_0.jpeg&amp;w=1200&amp;q=90 1200w, \/_next\/image?url=https%3A%2F%2Fmedia.astrua.com%2Fproduction%2F0132131_0.jpeg&amp;w=1920&amp;q=90 1920w, \/_next\/image?url=https%3A%2F%2Fmedia.astrua.com%2Fproduction%2F0132131_0.jpeg&amp;w=2048&amp;q=90 2048w, \/_next\/image?url=https%3A%2F%2Fmedia.astrua.com%2Fproduction%2F0132131_0.jpeg&amp;w=3840&amp;q=90 3840w\" alt=\"\" data-nimg=\"fill\"><\/picture><picture class=\"absolute left-0 top-[5%] z-10 aspect-square w-full\"><img decoding=\"async\" class=\"h-auto object-contain p-[15%]\" draggable=\"false\" src=\"https:\/\/www.astrua.com\/_next\/image?url=https%3A%2F%2Fmedia.astrua.com%2Fproduction%2F0132065_0.png&amp;w=3840&amp;q=90\" sizes=\"100vw\" srcset=\"\/_next\/image?url=https%3A%2F%2Fmedia.astrua.com%2Fproduction%2F0132065_0.png&amp;w=640&amp;q=90 640w, \/_next\/image?url=https%3A%2F%2Fmedia.astrua.com%2Fproduction%2F0132065_0.png&amp;w=750&amp;q=90 750w, \/_next\/image?url=https%3A%2F%2Fmedia.astrua.com%2Fproduction%2F0132065_0.png&amp;w=828&amp;q=90 828w, \/_next\/image?url=https%3A%2F%2Fmedia.astrua.com%2Fproduction%2F0132065_0.png&amp;w=1080&amp;q=90 1080w, \/_next\/image?url=https%3A%2F%2Fmedia.astrua.com%2Fproduction%2F0132065_0.png&amp;w=1200&amp;q=90 1200w, \/_next\/image?url=https%3A%2F%2Fmedia.astrua.com%2Fproduction%2F0132065_0.png&amp;w=1920&amp;q=90 1920w, \/_next\/image?url=https%3A%2F%2Fmedia.astrua.com%2Fproduction%2F0132065_0.png&amp;w=2048&amp;q=90 2048w, \/_next\/image?url=https%3A%2F%2Fmedia.astrua.com%2Fproduction%2F0132065_0.png&amp;w=3840&amp;q=90 3840w\" alt=\"\" data-nimg=\"fill\"><\/picture>\n<p class=\" text-captions-14 tracking-tight text-white opacity-50 absolute bottom-54 left-0 z-10 w-full text-center\">Distribuidor autorizado<\/p>\n<\/div>\n<\/div>\n<div class=\"col-span-4 sm:col-span-6 sm:col-start-5 md:col-span-9 md:col-start-4\">\n<p class=\" text-captions-10 font-medium uppercase tracking-widest mb-22\">Descripci\u00f3n<\/p>\n<div class=\" font-serif text-body-16 leading-1.3 text-brown sm:text-headline-20 sm:leading-1.3 inner-html whitespace-pre-wrap\">  Blanco apagado con un brillo misterioso: el color de la cer\u00e1mica &#8220;Lake Tahoe&#8221; se inspira en el uniforme blanco &#8220;Service Dress White&#8221; de la Marina estadounidense, pero tambi\u00e9n en los picos nevados que rodean el lago m\u00e1s grande de Sierra Nevada.<br \/>\nLos pilotos de \u00e9lite de la escuela de vuelo TOP GUN sobrevuelan a menudo este paisaje monta\u00f1oso.<br \/>\nLa cer\u00e1mica blanca representa toda la experiencia de IWC en este campo.<br \/>\nLa marca utiliz\u00f3 este color por primera vez en la d\u00e9cada de 1980. La exclusiva caja de cer\u00e1mica blanca del Reloj de Aviador Cron\u00f3grafo TOP GUN Edici\u00f3n &#8220;Lake Tahoe&#8221; se combina con agujas negras y una esfera negra, as\u00ed como con detalles impresos luminiscentes blancos. El fondo de la caja de titanio lleva el logotipo TOP GUN, mientras que los pulsadores y la corona son de acero inoxidable. En el interior de la caja de cer\u00e1mica de 44 mm de di\u00e1metro se encuentra el calibre 69380 de fabricaci\u00f3n IWC. Con su cl\u00e1sico dise\u00f1o de rueda de pilares, el cron\u00f3grafo tambi\u00e9n cuenta con indicaci\u00f3n del d\u00eda y la fecha a las 3 horas.<br \/>\nLa caja interior de hierro dulce protege el movimiento de los efectos de los campos magn\u00e9ticos.<br \/>\nEste cron\u00f3grafo TOP GUN viene con una correa de caucho blanco con un distintivo relieve, perfectamente a juego con la caja &#8220;Lake Tahoe&#8221;.       <\/div>\n<div class=\"mt-32 sm:mt-80\">\n<h3 class=\" font-serif text-headline-18 sm:text-headline-28 flex items-center gap-10 border-b border-[#CCC5BC] pb-17 sm:gap-27\"><picture class=\"h-24 w-24 object-contain sm:h-36 sm:w-36 relative block\"><img decoding=\"async\" class=\"object-contain h-full w-full\" draggable=\"false\" src=\"https:\/\/www.astrua.com\/_next\/image?url=https%3A%2F%2Fmedia.astrua.com%2Fproduction%2F0132170_0.png&amp;w=3840&amp;q=90\" sizes=\"10vw\" srcset=\"\/_next\/image?url=https%3A%2F%2Fmedia.astrua.com%2Fproduction%2F0132170_0.png&amp;w=64&amp;q=90 64w, \/_next\/image?url=https%3A%2F%2Fmedia.astrua.com%2Fproduction%2F0132170_0.png&amp;w=96&amp;q=90 96w, \/_next\/image?url=https%3A%2F%2Fmedia.astrua.com%2Fproduction%2F0132170_0.png&amp;w=128&amp;q=90 128w, \/_next\/image?url=https%3A%2F%2Fmedia.astrua.com%2Fproduction%2F0132170_0.png&amp;w=256&amp;q=90 256w, \/_next\/image?url=https%3A%2F%2Fmedia.astrua.com%2Fproduction%2F0132170_0.png&amp;w=384&amp;q=90 384w, \/_next\/image?url=https%3A%2F%2Fmedia.astrua.com%2Fproduction%2F0132170_0.png&amp;w=640&amp;q=90 640w, \/_next\/image?url=https%3A%2F%2Fmedia.astrua.com%2Fproduction%2F0132170_0.png&amp;w=750&amp;q=90 750w, \/_next\/image?url=https%3A%2F%2Fmedia.astrua.com%2Fproduction%2F0132170_0.png&amp;w=828&amp;q=90 828w, \/_next\/image?url=https%3A%2F%2Fmedia.astrua.com%2Fproduction%2F0132170_0.png&amp;w=1080&amp;q=90 1080w, \/_next\/image?url=https%3A%2F%2Fmedia.astrua.com%2Fproduction%2F0132170_0.png&amp;w=1200&amp;q=90 1200w, \/_next\/image?url=https%3A%2F%2Fmedia.astrua.com%2Fproduction%2F0132170_0.png&amp;w=1920&amp;q=90 1920w, \/_next\/image?url=https%3A%2F%2Fmedia.astrua.com%2Fproduction%2F0132170_0.png&amp;w=2048&amp;q=90 2048w, \/_next\/image?url=https%3A%2F%2Fmedia.astrua.com%2Fproduction%2F0132170_0.png&amp;w=3840&amp;q=90 3840w\" alt=\"\" data-nimg=\"fill\"><\/picture>Caso<\/h3>\n<ul class=\"mt-16 grid grid-cols-[repeat(2,1fr)] gap-x-10 gap-y-20 sm:mt-33 sm:grid-cols-[repeat(auto-fill,minmax(20%,_1fr))] sm:gap-y-30\">\n<li class=\"\"><span class=\" font-serif text-body-12 leading-[1] sm:text-captions-14 block\">Forma<\/span><span class=\" text-body-12 font-medium sm:text-captions-14\">Redonda<\/span><\/li>\n<li class=\"\"><span class=\" font-serif text-body-12 leading-[1] sm:text-captions-14 block\">Talla<\/span><span class=\" text-body-12 font-medium sm:text-captions-14\">44,5 MM<\/span><\/li>\n<li class=\"\"><span class=\" font-serif text-body-12 leading-[1] sm:text-captions-14 block\">Material de la caja<\/span><span class=\" text-body-12 font-medium sm:text-captions-14\">Acero Cer\u00e1mico<\/span><\/li>\n<li class=\"\"><span class=\" font-serif text-body-12 leading-[1] sm:text-captions-14 block\">Tipo de cristal<\/span><span class=\" text-body-12 font-medium sm:text-captions-14\">Zafiro<\/span><\/li>\n<li class=\"\"><span class=\" font-serif text-body-12 leading-[1] sm:text-captions-14 block\">Impermeabilizaci\u00f3n<\/span><span class=\" text-body-12 font-medium sm:text-captions-14\">60 M<\/span><\/li>\n<\/ul>\n<\/div>\n<div class=\"mt-32 sm:mt-80\">\n<h3 class=\" font-serif text-headline-18 sm:text-headline-28 flex items-center gap-10 border-b border-[#CCC5BC] pb-17 sm:gap-27\"><picture class=\"h-24 w-24 object-contain sm:h-36 sm:w-36 relative block\"><img decoding=\"async\" class=\"object-contain h-full w-full\" draggable=\"false\" src=\"https:\/\/www.astrua.com\/_next\/image?url=https%3A%2F%2Fmedia.astrua.com%2Fproduction%2F0132182_0.png&amp;w=3840&amp;q=90\" sizes=\"10vw\" srcset=\"\/_next\/image?url=https%3A%2F%2Fmedia.astrua.com%2Fproduction%2F0132182_0.png&amp;w=64&amp;q=90 64w, \/_next\/image?url=https%3A%2F%2Fmedia.astrua.com%2Fproduction%2F0132182_0.png&amp;w=96&amp;q=90 96w, \/_next\/image?url=https%3A%2F%2Fmedia.astrua.com%2Fproduction%2F0132182_0.png&amp;w=128&amp;q=90 128w, \/_next\/image?url=https%3A%2F%2Fmedia.astrua.com%2Fproduction%2F0132182_0.png&amp;w=256&amp;q=90 256w, \/_next\/image?url=https%3A%2F%2Fmedia.astrua.com%2Fproduction%2F0132182_0.png&amp;w=384&amp;q=90 384w, \/_next\/image?url=https%3A%2F%2Fmedia.astrua.com%2Fproduction%2F0132182_0.png&amp;w=640&amp;q=90 640w, \/_next\/image?url=https%3A%2F%2Fmedia.astrua.com%2Fproduction%2F0132182_0.png&amp;w=750&amp;q=90 750w, \/_next\/image?url=https%3A%2F%2Fmedia.astrua.com%2Fproduction%2F0132182_0.png&amp;w=828&amp;q=90 828w, \/_next\/image?url=https%3A%2F%2Fmedia.astrua.com%2Fproduction%2F0132182_0.png&amp;w=1080&amp;q=90 1080w, \/_next\/image?url=https%3A%2F%2Fmedia.astrua.com%2Fproduction%2F0132182_0.png&amp;w=1200&amp;q=90 1200w, \/_next\/image?url=https%3A%2F%2Fmedia.astrua.com%2Fproduction%2F0132182_0.png&amp;w=1920&amp;q=90 1920w, \/_next\/image?url=https%3A%2F%2Fmedia.astrua.com%2Fproduction%2F0132182_0.png&amp;w=2048&amp;q=90 2048w, \/_next\/image?url=https%3A%2F%2Fmedia.astrua.com%2Fproduction%2F0132182_0.png&amp;w=3840&amp;q=90 3840w\" alt=\"\" data-nimg=\"fill\"><\/picture>Movimiento<\/h3>\n<ul class=\"mt-16 grid grid-cols-[repeat(2,1fr)] gap-x-10 gap-y-20 sm:mt-33 sm:grid-cols-[repeat(auto-fill,minmax(20%,_1fr))] sm:gap-y-30\">\n<li class=\"\"><span class=\" font-serif text-body-12 leading-[1] sm:text-captions-14 block\">Movimiento<\/span><span class=\" text-body-12 font-medium sm:text-captions-14\">Autom\u00e1tico<\/span><\/li>\n<\/ul>\n<\/div>\n<div class=\"mt-32 sm:mt-80\">\n<h3 class=\" font-serif text-headline-18 sm:text-headline-28 flex items-center gap-10 border-b border-[#CCC5BC] pb-17 sm:gap-27\"><picture class=\"h-24 w-24 object-contain sm:h-36 sm:w-36 relative block\"><img decoding=\"async\" class=\"object-contain h-full w-full\" draggable=\"false\" src=\"https:\/\/www.astrua.com\/_next\/image?url=https%3A%2F%2Fmedia.astrua.com%2Fproduction%2F0132180_0.png&amp;w=3840&amp;q=90\" sizes=\"10vw\" srcset=\"\/_next\/image?url=https%3A%2F%2Fmedia.astrua.com%2Fproduction%2F0132180_0.png&amp;w=64&amp;q=90 64w, \/_next\/image?url=https%3A%2F%2Fmedia.astrua.com%2Fproduction%2F0132180_0.png&amp;w=96&amp;q=90 96w, \/_next\/image?url=https%3A%2F%2Fmedia.astrua.com%2Fproduction%2F0132180_0.png&amp;w=128&amp;q=90 128w, \/_next\/image?url=https%3A%2F%2Fmedia.astrua.com%2Fproduction%2F0132180_0.png&amp;w=256&amp;q=90 256w, \/_next\/image?url=https%3A%2F%2Fmedia.astrua.com%2Fproduction%2F0132180_0.png&amp;w=384&amp;q=90 384w, \/_next\/image?url=https%3A%2F%2Fmedia.astrua.com%2Fproduction%2F0132180_0.png&amp;w=640&amp;q=90 640w, \/_next\/image?url=https%3A%2F%2Fmedia.astrua.com%2Fproduction%2F0132180_0.png&amp;w=750&amp;q=90 750w, \/_next\/image?url=https%3A%2F%2Fmedia.astrua.com%2Fproduction%2F0132180_0.png&amp;w=828&amp;q=90 828w, \/_next\/image?url=https%3A%2F%2Fmedia.astrua.com%2Fproduction%2F0132180_0.png&amp;w=1080&amp;q=90 1080w, \/_next\/image?url=https%3A%2F%2Fmedia.astrua.com%2Fproduction%2F0132180_0.png&amp;w=1200&amp;q=90 1200w, \/_next\/image?url=https%3A%2F%2Fmedia.astrua.com%2Fproduction%2F0132180_0.png&amp;w=1920&amp;q=90 1920w, \/_next\/image?url=https%3A%2F%2Fmedia.astrua.com%2Fproduction%2F0132180_0.png&amp;w=2048&amp;q=90 2048w, \/_next\/image?url=https%3A%2F%2Fmedia.astrua.com%2Fproduction%2F0132180_0.png&amp;w=3840&amp;q=90 3840w\" alt=\"\" data-nimg=\"fill\"><\/picture>Funciones<\/h3>\n<ul class=\"mt-16 grid grid-cols-[repeat(2,1fr)] gap-x-10 gap-y-20 sm:mt-33 sm:grid-cols-[repeat(auto-fill,minmax(20%,_1fr))] sm:gap-y-30\">\n<li class=\"\"><span class=\" font-serif text-body-12 leading-[1] sm:text-captions-14 block\">Complicaci\u00f3n<\/span><span class=\" text-body-12 font-medium sm:text-captions-14\">Cron\u00f3grafo<\/span><\/li>\n<li class=\"\"><span class=\" font-serif text-body-12 leading-[1] sm:text-captions-14 block\">Fechador<\/span><span class=\" text-body-12 font-medium sm:text-captions-14\">D\u00eda y Fecha<\/span><\/li>\n<\/ul>\n<\/div>\n<div class=\"mt-32 sm:mt-80\">\n<h3 class=\" font-serif text-headline-18 sm:text-headline-28 flex items-center gap-10 border-b border-[#CCC5BC] pb-17 sm:gap-27\"><picture class=\"h-24 w-24 object-contain sm:h-36 sm:w-36 relative block\"><img decoding=\"async\" class=\"object-contain h-full w-full\" draggable=\"false\" src=\"https:\/\/www.astrua.com\/_next\/image?url=https%3A%2F%2Fmedia.astrua.com%2Fproduction%2F0132208_0.png&amp;w=3840&amp;q=90\" sizes=\"10vw\" srcset=\"\/_next\/image?url=https%3A%2F%2Fmedia.astrua.com%2Fproduction%2F0132208_0.png&amp;w=64&amp;q=90 64w, \/_next\/image?url=https%3A%2F%2Fmedia.astrua.com%2Fproduction%2F0132208_0.png&amp;w=96&amp;q=90 96w, \/_next\/image?url=https%3A%2F%2Fmedia.astrua.com%2Fproduction%2F0132208_0.png&amp;w=128&amp;q=90 128w, \/_next\/image?url=https%3A%2F%2Fmedia.astrua.com%2Fproduction%2F0132208_0.png&amp;w=256&amp;q=90 256w, \/_next\/image?url=https%3A%2F%2Fmedia.astrua.com%2Fproduction%2F0132208_0.png&amp;w=384&amp;q=90 384w, \/_next\/image?url=https%3A%2F%2Fmedia.astrua.com%2Fproduction%2F0132208_0.png&amp;w=640&amp;q=90 640w, \/_next\/image?url=https%3A%2F%2Fmedia.astrua.com%2Fproduction%2F0132208_0.png&amp;w=750&amp;q=90 750w, \/_next\/image?url=https%3A%2F%2Fmedia.astrua.com%2Fproduction%2F0132208_0.png&amp;w=828&amp;q=90 828w, \/_next\/image?url=https%3A%2F%2Fmedia.astrua.com%2Fproduction%2F0132208_0.png&amp;w=1080&amp;q=90 1080w, \/_next\/image?url=https%3A%2F%2Fmedia.astrua.com%2Fproduction%2F0132208_0.png&amp;w=1200&amp;q=90 1200w, \/_next\/image?url=https%3A%2F%2Fmedia.astrua.com%2Fproduction%2F0132208_0.png&amp;w=1920&amp;q=90 1920w, \/_next\/image?url=https%3A%2F%2Fmedia.astrua.com%2Fproduction%2F0132208_0.png&amp;w=2048&amp;q=90 2048w, \/_next\/image?url=https%3A%2F%2Fmedia.astrua.com%2Fproduction%2F0132208_0.png&amp;w=3840&amp;q=90 3840w\" alt=\"\" data-nimg=\"fill\"><\/picture>Marque<\/h3>\n<ul class=\"mt-16 grid grid-cols-[repeat(2,1fr)] gap-x-10 gap-y-20 sm:mt-33 sm:grid-cols-[repeat(auto-fill,minmax(20%,_1fr))] sm:gap-y-30\">\n<li class=\"\"><span class=\" font-serif text-body-12 leading-[1] sm:text-captions-14 block\">Marca<\/span><span class=\" text-body-12 font-medium sm:text-captions-14\">Negro<\/span><\/li>\n<\/ul>\n<\/div>\n<div class=\"mt-32 sm:mt-80\">\n<h3 class=\" font-serif text-headline-18 sm:text-headline-28 flex items-center gap-10 border-b border-[#CCC5BC] pb-17 sm:gap-27\"><picture class=\"h-24 w-24 object-contain sm:h-36 sm:w-36 relative block\"><img decoding=\"async\" class=\"object-contain h-full w-full\" draggable=\"false\" src=\"https:\/\/www.astrua.com\/_next\/image?url=https%3A%2F%2Fmedia.astrua.com%2Fproduction%2F0132174_0.png&amp;w=3840&amp;q=90\" sizes=\"10vw\" srcset=\"\/_next\/image?url=https%3A%2F%2Fmedia.astrua.com%2Fproduction%2F0132174_0.png&amp;w=64&amp;q=90 64w, \/_next\/image?url=https%3A%2F%2Fmedia.astrua.com%2Fproduction%2F0132174_0.png&amp;w=96&amp;q=90 96w, \/_next\/image?url=https%3A%2F%2Fmedia.astrua.com%2Fproduction%2F0132174_0.png&amp;w=128&amp;q=90 128w, \/_next\/image?url=https%3A%2F%2Fmedia.astrua.com%2Fproduction%2F0132174_0.png&amp;w=256&amp;q=90 256w, \/_next\/image?url=https%3A%2F%2Fmedia.astrua.com%2Fproduction%2F0132174_0.png&amp;w=384&amp;q=90 384w, \/_next\/image?url=https%3A%2F%2Fmedia.astrua.com%2Fproduction%2F0132174_0.png&amp;w=640&amp;q=90 640w, \/_next\/image?url=https%3A%2F%2Fmedia.astrua.com%2Fproduction%2F0132174_0.png&amp;w=750&amp;q=90 750w, \/_next\/image?url=https%3A%2F%2Fmedia.astrua.com%2Fproduction%2F0132174_0.png&amp;w=828&amp;q=90 828w, \/_next\/image?url=https%3A%2F%2Fmedia.astrua.com%2Fproduction%2F0132174_0.png&amp;w=1080&amp;q=90 1080w, \/_next\/image?url=https%3A%2F%2Fmedia.astrua.com%2Fproduction%2F0132174_0.png&amp;w=1200&amp;q=90 1200w, \/_next\/image?url=https%3A%2F%2Fmedia.astrua.com%2Fproduction%2F0132174_0.png&amp;w=1920&amp;q=90 1920w, \/_next\/image?url=https%3A%2F%2Fmedia.astrua.com%2Fproduction%2F0132174_0.png&amp;w=2048&amp;q=90 2048w, \/_next\/image?url=https%3A%2F%2Fmedia.astrua.com%2Fproduction%2F0132174_0.png&amp;w=3840&amp;q=90 3840w\" alt=\"\" data-nimg=\"fill\"><\/picture>Pulsera<\/h3>\n<ul class=\"mt-16 grid grid-cols-[repeat(2,1fr)] gap-x-10 gap-y-20 sm:mt-33 sm:grid-cols-[repeat(auto-fill,minmax(20%,_1fr))] sm:gap-y-30\">\n<li class=\"\"><span class=\" font-serif text-body-12 leading-[1] sm:text-captions-14 block\">Correa<\/span><span class=\" text-body-12 font-medium sm:text-captions-14\">Goma<\/span><\/li>\n<\/ul>\n<\/div>\n<div class=\"mt-32 sm:mt-80\">\n<h3 class=\" font-serif text-headline-18 sm:text-headline-28 flex items-center gap-10 border-b border-[#CCC5BC] pb-17 sm:gap-27\"><picture class=\"h-24 w-24 object-contain sm:h-36 sm:w-36 relative block\"><img decoding=\"async\" class=\"object-contain h-full w-full\" draggable=\"false\" src=\"https:\/\/www.astrua.com\/_next\/image?url=https%3A%2F%2Fmedia.astrua.com%2Fproduction%2F0132184_0.png&amp;w=3840&amp;q=90\" sizes=\"10vw\" srcset=\"\/_next\/image?url=https%3A%2F%2Fmedia.astrua.com%2Fproduction%2F0132184_0.png&amp;w=64&amp;q=90 64w, \/_next\/image?url=https%3A%2F%2Fmedia.astrua.com%2Fproduction%2F0132184_0.png&amp;w=96&amp;q=90 96w, \/_next\/image?url=https%3A%2F%2Fmedia.astrua.com%2Fproduction%2F0132184_0.png&amp;w=128&amp;q=90 128w, \/_next\/image?url=https%3A%2F%2Fmedia.astrua.com%2Fproduction%2F0132184_0.png&amp;w=256&amp;q=90 256w, \/_next\/image?url=https%3A%2F%2Fmedia.astrua.com%2Fproduction%2F0132184_0.png&amp;w=384&amp;q=90 384w, \/_next\/image?url=https%3A%2F%2Fmedia.astrua.com%2Fproduction%2F0132184_0.png&amp;w=640&amp;q=90 640w, \/_next\/image?url=https%3A%2F%2Fmedia.astrua.com%2Fproduction%2F0132184_0.png&amp;w=750&amp;q=90 750w, \/_next\/image?url=https%3A%2F%2Fmedia.astrua.com%2Fproduction%2F0132184_0.png&amp;w=828&amp;q=90 828w, \/_next\/image?url=https%3A%2F%2Fmedia.astrua.com%2Fproduction%2F0132184_0.png&amp;w=1080&amp;q=90 1080w, \/_next\/image?url=https%3A%2F%2Fmedia.astrua.com%2Fproduction%2F0132184_0.png&amp;w=1200&amp;q=90 1200w, \/_next\/image?url=https%3A%2F%2Fmedia.astrua.com%2Fproduction%2F0132184_0.png&amp;w=1920&amp;q=90 1920w, \/_next\/image?url=https%3A%2F%2Fmedia.astrua.com%2Fproduction%2F0132184_0.png&amp;w=2048&amp;q=90 2048w, \/_next\/image?url=https%3A%2F%2Fmedia.astrua.com%2Fproduction%2F0132184_0.png&amp;w=3840&amp;q=90 3840w\" alt=\"\" data-nimg=\"fill\"><\/picture>M\u00e1s detalles<\/h3>\n<ul class=\"mt-16 grid grid-cols-[repeat(2,1fr)] gap-x-10 gap-y-20 sm:mt-33 sm:grid-cols-[repeat(auto-fill,minmax(20%,_1fr))] sm:gap-y-30\">\n<li class=\"\"><span class=\" font-serif text-body-12 leading-[1] sm:text-captions-14 block\">L\u00ednea<\/span><span class=\" text-body-12 font-medium sm:text-captions-14\">Piloto<\/span><\/li>\n<li class=\"\"><span class=\" font-serif text-body-12 leading-[1] sm:text-captions-14 block\">Edici\u00f3n<\/span><span class=\" text-body-12 font-medium sm:text-captions-14\">ED. ESPECIAL &#8220;TOP GUN&#8221; LIMITADO A 1000 UNIDADES<\/span><\/li>\n<\/ul>\n<\/div>\n<\/div>\n","protected":false},"excerpt":{"rendered":"<p>Iwc Cron\u00f3grafo Pilot&#8217;S Top Gun Edici\u00f3n &#8216;Lake Tahoe&#8217; ref. IW389105 Distribuidor autorizado Descripci\u00f3n Blanco apagado con un brillo misterioso: el color de la cer\u00e1mica &#8220;Lake Tahoe&#8221; se inspira en el uniforme blanco &#8220;Service Dress White&#8221; de la Marina estadounidense, pero tambi\u00e9n en los picos nevados que rodean el lago m\u00e1s grande de Sierra Nevada. Los [&hellip;]<\/p>\n","protected":false},"featured_media":109066,"template":"","meta":{"_crdt_document":"","advanced_seo_description":"","jetpack_seo_html_title":"","jetpack_seo_noindex":false,"jetpack_post_was_ever_published":false},"product_brand":[2150],"product_cat":[2237],"product_tag":[3959],"berocket_brand":[],"woo-feed-brand":[],"class_list":{"0":"post-109068","1":"product","2":"type-product","3":"status-publish","4":"has-post-thumbnail","6":"product_brand-iwc","7":"product_cat-cbi","8":"product_tag-piloto","10":"first","11":"instock","12":"sale","13":"taxable","14":"shipping-taxable","15":"purchasable","16":"product-type-simple"},"bundled_by":[],"bundle_stock_status":"instock","bundle_stock_quantity":1,"bundle_virtual":false,"bundle_layout":"","bundle_add_to_cart_form_location":"","bundle_editable_in_cart":false,"bundle_sold_individually_context":"","bundle_item_grouping":"","bundle_min_size":"","bundle_max_size":"","bundle_price":[],"bundled_items":[],"bundle_sell_ids":[],"group_of_quantity":0,"min_quantity":0,"max_quantity":"","exclude_order_quantity_value_rules":"no","exclude_category_quantity_rules":"no","combine_variations":"no","exclude_global_add_ons":[],"addons":[],"jetpack_sharing_enabled":true,"jetpack_likes_enabled":true,"_links":{"self":[{"href":"https:\/\/watchdeluxe.it\/es\/wp-json\/wp\/v2\/product\/109068","targetHints":{"allow":["GET"]}}],"collection":[{"href":"https:\/\/watchdeluxe.it\/es\/wp-json\/wp\/v2\/product"}],"about":[{"href":"https:\/\/watchdeluxe.it\/es\/wp-json\/wp\/v2\/types\/product"}],"wp:featuredmedia":[{"embeddable":true,"href":"https:\/\/watchdeluxe.it\/es\/wp-json\/wp\/v2\/media\/109066"}],"wp:attachment":[{"href":"https:\/\/watchdeluxe.it\/es\/wp-json\/wp\/v2\/media?parent=109068"}],"wp:term":[{"taxonomy":"product_brand","embeddable":true,"href":"https:\/\/watchdeluxe.it\/es\/wp-json\/wp\/v2\/product_brand?post=109068"},{"taxonomy":"product_cat","embeddable":true,"href":"https:\/\/watchdeluxe.it\/es\/wp-json\/wp\/v2\/product_cat?post=109068"},{"taxonomy":"product_tag","embeddable":true,"href":"https:\/\/watchdeluxe.it\/es\/wp-json\/wp\/v2\/product_tag?post=109068"},{"taxonomy":"berocket_brand","embeddable":true,"href":"https:\/\/watchdeluxe.it\/es\/wp-json\/wp\/v2\/berocket_brand?post=109068"},{"taxonomy":"woo-feed-brand","embeddable":true,"href":"https:\/\/watchdeluxe.it\/es\/wp-json\/wp\/v2\/woo-feed-brand?post=109068"}],"curies":[{"name":"wp","href":"https:\/\/api.w.org\/{rel}","templated":true}]}}