{"id":109055,"date":"2024-09-27T17:25:33","date_gmt":"2024-09-27T15:25:33","guid":{"rendered":"https:\/\/watchdeluxe.it\/prodotto\/cronografo-iwc-piloto-41-rendimiento-mercedes-amg-ref-iw388306\/"},"modified":"2024-09-27T17:25:33","modified_gmt":"2024-09-27T15:25:33","slug":"cronografo-iwc-piloto-41-rendimiento-mercedes-amg-ref-iw388306","status":"publish","type":"product","link":"https:\/\/watchdeluxe.it\/es\/prodotto\/cronografo-iwc-piloto-41-rendimiento-mercedes-amg-ref-iw388306\/","title":{"rendered":"Cron\u00f3grafo Iwc piloto 41 rendimiento Mercedes Amg ref.\nIW388306"},"content":{"rendered":"<p>Cron\u00f3grafo Iwc piloto 41 rendimiento Mercedes Amg ref.<br \/>\nIW388306 Caja de Ceratanium\u00ae, cuerda autom\u00e1tica, Di\u00e1metro 41,0 mm, Negro con elementos luminiscentes, Correa de caucho negro con sistema de recambio EasX-CHANGE, Ancho de la correa 20,0 mm.<\/p>\n<ul class=\"iwc-product-information-details expanded\" role=\"list\" data-toggle-id=\"features-section-details\">\n<li class=\"iwc-product-detail-item\" role=\"listitem\">Escala taquim\u00e9trica en el bisel<\/li>\n<li class=\"iwc-product-detail-item\" role=\"listitem\">Funci\u00f3n de cron\u00f3grafo para horas, minutos y segundos<\/li>\n<li class=\"iwc-product-detail-item\" role=\"listitem\">Visualizaci\u00f3n de la fecha y el d\u00eda de la semana<\/li>\n<li class=\"iwc-product-detail-item\" role=\"listitem\">Cristal de zafiro antipresi\u00f3n<\/li>\n<li class=\"iwc-product-detail-item\" role=\"listitem\">Cristal de zafiro, convexo, antirreflejos por ambas caras<\/li>\n<li class=\"iwc-product-detail-item\" role=\"listitem\">Sistema de cambio r\u00e1pido del brazalete IWC<\/li>\n<li class=\"iwc-product-detail-item\" role=\"listitem\">Segundero peque\u00f1o con dispositivo de parada<\/li>\n<\/ul>\n","protected":false},"excerpt":{"rendered":"<p>Cron\u00f3grafo Iwc piloto 41 rendimiento Mercedes Amg ref. IW388306 Caja de Ceratanium\u00ae, cuerda autom\u00e1tica, Di\u00e1metro 41,0 mm, Negro con elementos luminiscentes, Correa de caucho negro con sistema de recambio EasX-CHANGE, Ancho de la correa 20,0 mm. Escala taquim\u00e9trica en el bisel Funci\u00f3n de cron\u00f3grafo para horas, minutos y segundos Visualizaci\u00f3n de la fecha y el [&hellip;]<\/p>\n","protected":false},"featured_media":109053,"template":"","meta":{"_crdt_document":"","advanced_seo_description":"","jetpack_seo_html_title":"","jetpack_seo_noindex":false},"product_brand":[],"product_cat":[2237],"product_tag":[3959],"berocket_brand":[],"woo-feed-brand":[],"class_list":{"0":"post-109055","1":"product","2":"type-product","3":"status-publish","4":"has-post-thumbnail","6":"product_cat-cbi","7":"product_tag-piloto","9":"first","10":"instock","11":"sale","12":"taxable","13":"shipping-taxable","14":"purchasable","15":"product-type-simple"},"bundled_by":[],"bundle_stock_status":"instock","bundle_stock_quantity":1,"bundle_virtual":false,"bundle_layout":"","bundle_add_to_cart_form_location":"","bundle_editable_in_cart":false,"bundle_sold_individually_context":"","bundle_item_grouping":"","bundle_min_size":"","bundle_max_size":"","bundle_price":[],"bundled_items":[],"bundle_sell_ids":[],"group_of_quantity":0,"min_quantity":0,"max_quantity":"","exclude_order_quantity_value_rules":"no","exclude_category_quantity_rules":"no","combine_variations":"no","jetpack_sharing_enabled":true,"jetpack_likes_enabled":true,"_links":{"self":[{"href":"https:\/\/watchdeluxe.it\/es\/wp-json\/wp\/v2\/product\/109055","targetHints":{"allow":["GET"]}}],"collection":[{"href":"https:\/\/watchdeluxe.it\/es\/wp-json\/wp\/v2\/product"}],"about":[{"href":"https:\/\/watchdeluxe.it\/es\/wp-json\/wp\/v2\/types\/product"}],"wp:featuredmedia":[{"embeddable":true,"href":"https:\/\/watchdeluxe.it\/es\/wp-json\/wp\/v2\/media\/109053"}],"wp:attachment":[{"href":"https:\/\/watchdeluxe.it\/es\/wp-json\/wp\/v2\/media?parent=109055"}],"wp:term":[{"taxonomy":"product_brand","embeddable":true,"href":"https:\/\/watchdeluxe.it\/es\/wp-json\/wp\/v2\/product_brand?post=109055"},{"taxonomy":"product_cat","embeddable":true,"href":"https:\/\/watchdeluxe.it\/es\/wp-json\/wp\/v2\/product_cat?post=109055"},{"taxonomy":"product_tag","embeddable":true,"href":"https:\/\/watchdeluxe.it\/es\/wp-json\/wp\/v2\/product_tag?post=109055"},{"taxonomy":"berocket_brand","embeddable":true,"href":"https:\/\/watchdeluxe.it\/es\/wp-json\/wp\/v2\/berocket_brand?post=109055"},{"taxonomy":"woo-feed-brand","embeddable":true,"href":"https:\/\/watchdeluxe.it\/es\/wp-json\/wp\/v2\/woo-feed-brand?post=109055"}],"curies":[{"name":"wp","href":"https:\/\/api.w.org\/{rel}","templated":true}]}}