{"id":109028,"date":"2024-09-27T17:15:03","date_gmt":"2024-09-27T15:15:03","guid":{"rendered":"https:\/\/watchdeluxe.it\/prodotto\/iwc-cronografo-de-piloto-top-gun-ceratium-ref-iw388106\/"},"modified":"2024-09-27T17:15:03","modified_gmt":"2024-09-27T15:15:03","slug":"iwc-cronografo-de-piloto-top-gun-ceratium-ref-iw388106","status":"publish","type":"product","link":"https:\/\/watchdeluxe.it\/es\/prodotto\/iwc-cronografo-de-piloto-top-gun-ceratium-ref-iw388106\/","title":{"rendered":"Iwc Cron\u00f3grafo de piloto Top gun Ceratium ref.\nIW388106"},"content":{"rendered":"<p>Iwc Cron\u00f3grafo de piloto Top gun Ceratium ref.<br \/>\nIW388106 Ceratanium\u00ae Caja, cuerda autom\u00e1tica, Di\u00e1metro 41,0 mm, Negro con elementos luminiscentes, Correa de caucho negro con incrustaci\u00f3n textil, Ancho de la correa 20,0 mm.<\/p>\n<ul class=\"iwc-product-information-details expanded\" role=\"list\" data-toggle-id=\"features-section-details\">\n<li class=\"iwc-product-detail-item\" role=\"listitem\">Segundero peque\u00f1o con dispositivo de parada<\/li>\n<li class=\"iwc-product-detail-item\" role=\"listitem\">Cristal de zafiro, convexo, antirreflejos por ambas caras<\/li>\n<li class=\"iwc-product-detail-item\" role=\"listitem\">Cristal de zafiro antipresi\u00f3n<\/li>\n<li class=\"iwc-product-detail-item\" role=\"listitem\">Visualizaci\u00f3n de la fecha y el d\u00eda de la semana<\/li>\n<li class=\"iwc-product-detail-item\" role=\"listitem\">Funci\u00f3n de cron\u00f3grafo para horas, minutos y segundos<\/li>\n<li class=\"iwc-product-detail-item\" role=\"listitem\">69385 Calibre<\/li>\n<li class=\"iwc-product-detail-item\" role=\"listitem\">Movimiento fabricado por IWC<\/li>\n<li class=\"iwc-product-detail-item\" role=\"listitem\">Carga autom\u00e1tica<\/li>\n<li class=\"iwc-product-detail-item\" role=\"listitem\">46 horas de duraci\u00f3n<\/li>\n<li class=\"iwc-product-detail-item\" role=\"listitem\">Frecuencia 28&#8217;800 VPH (4 Hz)<\/li>\n<li class=\"iwc-product-detail-item\" role=\"listitem\">242 Componentes<\/li>\n<li class=\"iwc-product-detail-item\" role=\"listitem\">33 Rub\u00edes<\/li>\n<li class=\"iwc-product-detail-item\" role=\"listitem\">C\u00f4tes de Gen\u00e8ve<\/li>\n<li role=\"listitem\">\n<\/li>\n<\/ul>\n","protected":false},"excerpt":{"rendered":"<p>Iwc Cron\u00f3grafo de piloto Top gun Ceratium ref. IW388106 Ceratanium\u00ae Caja, cuerda autom\u00e1tica, Di\u00e1metro 41,0 mm, Negro con elementos luminiscentes, Correa de caucho negro con incrustaci\u00f3n textil, Ancho de la correa 20,0 mm. Segundero peque\u00f1o con dispositivo de parada Cristal de zafiro, convexo, antirreflejos por ambas caras Cristal de zafiro antipresi\u00f3n Visualizaci\u00f3n de la fecha [&hellip;]<\/p>\n","protected":false},"featured_media":109027,"template":"","meta":{"_crdt_document":"","advanced_seo_description":"","jetpack_seo_html_title":"","jetpack_seo_noindex":false,"jetpack_post_was_ever_published":false},"product_brand":[2150],"product_cat":[2237],"product_tag":[3959,2930],"berocket_brand":[],"woo-feed-brand":[],"class_list":{"0":"post-109028","1":"product","2":"type-product","3":"status-publish","4":"has-post-thumbnail","6":"product_brand-iwc","7":"product_cat-cbi","8":"product_tag-piloto","9":"product_tag-top-gun-es","11":"first","12":"instock","13":"sale","14":"taxable","15":"shipping-taxable","16":"purchasable","17":"product-type-simple"},"bundled_by":[],"bundle_stock_status":"instock","bundle_stock_quantity":1,"bundle_virtual":false,"bundle_layout":"","bundle_add_to_cart_form_location":"","bundle_editable_in_cart":false,"bundle_sold_individually_context":"","bundle_item_grouping":"","bundle_min_size":"","bundle_max_size":"","bundle_price":[],"bundled_items":[],"bundle_sell_ids":[],"group_of_quantity":0,"min_quantity":0,"max_quantity":"","exclude_order_quantity_value_rules":"no","exclude_category_quantity_rules":"no","combine_variations":"no","exclude_global_add_ons":[],"addons":[],"jetpack_sharing_enabled":true,"jetpack_likes_enabled":true,"_links":{"self":[{"href":"https:\/\/watchdeluxe.it\/es\/wp-json\/wp\/v2\/product\/109028","targetHints":{"allow":["GET"]}}],"collection":[{"href":"https:\/\/watchdeluxe.it\/es\/wp-json\/wp\/v2\/product"}],"about":[{"href":"https:\/\/watchdeluxe.it\/es\/wp-json\/wp\/v2\/types\/product"}],"wp:featuredmedia":[{"embeddable":true,"href":"https:\/\/watchdeluxe.it\/es\/wp-json\/wp\/v2\/media\/109027"}],"wp:attachment":[{"href":"https:\/\/watchdeluxe.it\/es\/wp-json\/wp\/v2\/media?parent=109028"}],"wp:term":[{"taxonomy":"product_brand","embeddable":true,"href":"https:\/\/watchdeluxe.it\/es\/wp-json\/wp\/v2\/product_brand?post=109028"},{"taxonomy":"product_cat","embeddable":true,"href":"https:\/\/watchdeluxe.it\/es\/wp-json\/wp\/v2\/product_cat?post=109028"},{"taxonomy":"product_tag","embeddable":true,"href":"https:\/\/watchdeluxe.it\/es\/wp-json\/wp\/v2\/product_tag?post=109028"},{"taxonomy":"berocket_brand","embeddable":true,"href":"https:\/\/watchdeluxe.it\/es\/wp-json\/wp\/v2\/berocket_brand?post=109028"},{"taxonomy":"woo-feed-brand","embeddable":true,"href":"https:\/\/watchdeluxe.it\/es\/wp-json\/wp\/v2\/woo-feed-brand?post=109028"}],"curies":[{"name":"wp","href":"https:\/\/api.w.org\/{rel}","templated":true}]}}