{"id":109015,"date":"2024-09-27T17:10:28","date_gmt":"2024-09-27T15:10:28","guid":{"rendered":"https:\/\/watchdeluxe.it\/prodotto\/cronografo-iwc-pilots-spitfire-ref-iw377719\/"},"modified":"2024-09-27T17:10:28","modified_gmt":"2024-09-27T15:10:28","slug":"cronografo-iwc-pilots-spitfire-ref-iw377719","status":"publish","type":"product","link":"https:\/\/watchdeluxe.it\/es\/prodotto\/cronografo-iwc-pilots-spitfire-ref-iw377719\/","title":{"rendered":"Cron\u00f3grafo Iwc Pilot&#8217;s spitfire ref.\nIW377719"},"content":{"rendered":"<p>Cron\u00f3grafo Iwc Pilot&#8217;s spitfire ref.<br \/>\nIW377719<\/p>\n<div class=\"iwc-product-text\">\n<h3 class=\"iwc-product-information-wide iwc-product-information-title\">Caso<\/h3>\n<ul class=\"iwc-product-information-details expanded\" role=\"list\" data-toggle-id=\"showDetails0\">\n<li class=\"iwc-product-detail-item\" role=\"listitem\">Caja de acero<\/li>\n<li class=\"iwc-product-detail-item\" role=\"listitem\">Di\u00e1metro 43,0 <span class=\"iwc-unit-small\"> mm <\/span> <\/li>\n<li class=\"iwc-product-detail-item\" role=\"listitem\">Grosor 15,4 <span class=\"iwc-unit-small\"> mm <\/span> <\/li>\n<li class=\"iwc-product-detail-item\" role=\"listitem\">Corona roscada<\/li>\n<li class=\"iwc-product-detail-item\">Estanqueidad 6,0 bar<\/li>\n<\/ul>\n<\/div>\n<div class=\"iwc-product-text\">\n<h3 class=\"iwc-product-information-wide iwc-product-information-title\">Movimiento<\/h3>\n<ul class=\"iwc-product-information-details\" role=\"list\" data-toggle-id=\"showDetails2\">\n<li class=\"iwc-product-detail-item\" role=\"listitem\">79320 Man\u00f3metro<\/li>\n<li class=\"iwc-product-detail-item\" role=\"listitem\">Carga autom\u00e1tica<\/li>\n<li class=\"iwc-product-detail-item\" role=\"listitem\">44 horas de duraci\u00f3n<\/li>\n<li class=\"iwc-product-detail-item\" role=\"listitem\">Frecuencia 28800,0 VPH (4,0 Hz)<\/li>\n<li class=\"iwc-product-detail-item\" role=\"listitem\">240 Componentes<\/li>\n<li class=\"iwc-product-detail-item\" role=\"listitem\">25 Rub\u00edes<\/li>\n<li class=\"iwc-product-detail-item\" role=\"listitem\">C\u00f4tes de Gen\u00e8ve<\/li>\n<\/ul>\n<\/div>\n<div class=\"iwc-product-text\">\n<h3 class=\"iwc-product-information-wide iwc-product-information-title\">CARACTER\u00cdSTICAS<\/h3>\n<ul class=\"iwc-product-information-details\" role=\"list\" data-toggle-id=\"showDetails1\">\n<li class=\"iwc-product-detail-item\" role=\"listitem\">\n    <\/li>\n<li class=\"iwc-product-detail-item\" role=\"listitem\">Segundero peque\u00f1o con dispositivo de parada<\/li>\n<li class=\"iwc-product-detail-item\" role=\"listitem\">Cristal de zafiro, convexo, antirreflejos por ambas caras<\/li>\n<li class=\"iwc-product-detail-item\" role=\"listitem\">Cristal de zafiro antipresi\u00f3n<\/li>\n<li class=\"iwc-product-detail-item\" role=\"listitem\">Visualizaci\u00f3n de la fecha y el d\u00eda de la semana<\/li>\n<li class=\"iwc-product-detail-item\" role=\"listitem\">Carcasa interior de hierro dulce para proteger de la radiaci\u00f3n del campo magn\u00e9tico<\/li>\n<li class=\"iwc-product-detail-item\" role=\"listitem\">Funci\u00f3n de cron\u00f3grafo para horas, minutos y segundos<\/li>\n<\/ul>\n<\/div>\n","protected":false},"excerpt":{"rendered":"<p>Cron\u00f3grafo Iwc Pilot&#8217;s spitfire ref. IW377719 Caso Caja de acero Di\u00e1metro 43,0 mm Grosor 15,4 mm Corona roscada Estanqueidad 6,0 bar Movimiento 79320 Man\u00f3metro Carga autom\u00e1tica 44 horas de duraci\u00f3n Frecuencia 28800,0 VPH (4,0 Hz) 240 Componentes 25 Rub\u00edes C\u00f4tes de Gen\u00e8ve CARACTER\u00cdSTICAS Segundero peque\u00f1o con dispositivo de parada Cristal de zafiro, convexo, antirreflejos por [&hellip;]<\/p>\n","protected":false},"featured_media":109014,"template":"","meta":{"_crdt_document":"","advanced_seo_description":"","jetpack_seo_html_title":"","jetpack_seo_noindex":false},"product_brand":[],"product_cat":[2237],"product_tag":[3959],"berocket_brand":[],"woo-feed-brand":[],"class_list":{"0":"post-109015","1":"product","2":"type-product","3":"status-publish","4":"has-post-thumbnail","6":"product_cat-cbi","7":"product_tag-piloto","9":"first","10":"instock","11":"sale","12":"taxable","13":"shipping-taxable","14":"purchasable","15":"product-type-simple"},"bundled_by":[],"bundle_stock_status":"instock","bundle_stock_quantity":1,"bundle_virtual":false,"bundle_layout":"","bundle_add_to_cart_form_location":"","bundle_editable_in_cart":false,"bundle_sold_individually_context":"","bundle_item_grouping":"","bundle_min_size":"","bundle_max_size":"","bundle_price":[],"bundled_items":[],"bundle_sell_ids":[],"group_of_quantity":0,"min_quantity":0,"max_quantity":"","exclude_order_quantity_value_rules":"no","exclude_category_quantity_rules":"no","combine_variations":"no","jetpack_sharing_enabled":true,"jetpack_likes_enabled":true,"_links":{"self":[{"href":"https:\/\/watchdeluxe.it\/es\/wp-json\/wp\/v2\/product\/109015","targetHints":{"allow":["GET"]}}],"collection":[{"href":"https:\/\/watchdeluxe.it\/es\/wp-json\/wp\/v2\/product"}],"about":[{"href":"https:\/\/watchdeluxe.it\/es\/wp-json\/wp\/v2\/types\/product"}],"wp:featuredmedia":[{"embeddable":true,"href":"https:\/\/watchdeluxe.it\/es\/wp-json\/wp\/v2\/media\/109014"}],"wp:attachment":[{"href":"https:\/\/watchdeluxe.it\/es\/wp-json\/wp\/v2\/media?parent=109015"}],"wp:term":[{"taxonomy":"product_brand","embeddable":true,"href":"https:\/\/watchdeluxe.it\/es\/wp-json\/wp\/v2\/product_brand?post=109015"},{"taxonomy":"product_cat","embeddable":true,"href":"https:\/\/watchdeluxe.it\/es\/wp-json\/wp\/v2\/product_cat?post=109015"},{"taxonomy":"product_tag","embeddable":true,"href":"https:\/\/watchdeluxe.it\/es\/wp-json\/wp\/v2\/product_tag?post=109015"},{"taxonomy":"berocket_brand","embeddable":true,"href":"https:\/\/watchdeluxe.it\/es\/wp-json\/wp\/v2\/berocket_brand?post=109015"},{"taxonomy":"woo-feed-brand","embeddable":true,"href":"https:\/\/watchdeluxe.it\/es\/wp-json\/wp\/v2\/woo-feed-brand?post=109015"}],"curies":[{"name":"wp","href":"https:\/\/api.w.org\/{rel}","templated":true}]}}