{"id":108907,"date":"2024-09-27T15:41:47","date_gmt":"2024-09-27T13:41:47","guid":{"rendered":"https:\/\/watchdeluxe.it\/prodotto\/longines-master-collection-40-mm-ref-l27935702\/"},"modified":"2024-09-27T15:41:47","modified_gmt":"2024-09-27T13:41:47","slug":"longines-master-collection-40-mm-ref-l27935702","status":"publish","type":"product","link":"https:\/\/watchdeluxe.it\/es\/prodotto\/longines-master-collection-40-mm-ref-l27935702\/","title":{"rendered":"Longines Master Collection 40 mm ref.\nL27935702"},"content":{"rendered":"<p>Longines Master Collection 40 mm ref.<br \/>\nL27935702 la esfera plateada presenta n\u00fameros \u00e1rabes grabados y agujas rosas.<br \/>\nUna caja redonda de acero inoxidable y oro rosa de 18 quilates 200 enmarca la esfera.<br \/>\nLa caja mide 40 mm de di\u00e1metro.<br \/>\nuna correa de alig\u00e1tor marr\u00f3n, con triple cierre desplegable de seguridad y mecanismo de apertura mediante pulsador, sujeta el reloj.<br \/>\ncalibre &#8211; l888.<\/p>\n","protected":false},"excerpt":{"rendered":"<p>Longines Master Collection 40 mm ref. L27935702 la esfera plateada presenta n\u00fameros \u00e1rabes grabados y agujas rosas. Una caja redonda de acero inoxidable y oro rosa de 18 quilates 200 enmarca la esfera. La caja mide 40 mm de di\u00e1metro. una correa de alig\u00e1tor marr\u00f3n, con triple cierre desplegable de seguridad y mecanismo de apertura [&hellip;]<\/p>\n","protected":false},"featured_media":108906,"template":"","meta":{"_crdt_document":"","advanced_seo_description":"","jetpack_seo_html_title":"","jetpack_seo_noindex":false},"product_brand":[2151],"product_cat":[2187],"product_tag":[2989],"berocket_brand":[],"woo-feed-brand":[],"class_list":{"0":"post-108907","1":"product","2":"type-product","3":"status-publish","4":"has-post-thumbnail","6":"product_brand-longines","7":"product_cat-longines-es","8":"product_tag-maestro-es","10":"first","11":"instock","12":"sale","13":"taxable","14":"shipping-taxable","15":"purchasable","16":"product-type-simple"},"bundled_by":[],"bundle_stock_status":"instock","bundle_stock_quantity":1,"bundle_virtual":false,"bundle_layout":"","bundle_add_to_cart_form_location":"","bundle_editable_in_cart":false,"bundle_sold_individually_context":"","bundle_item_grouping":"","bundle_min_size":"","bundle_max_size":"","bundle_price":[],"bundled_items":[],"bundle_sell_ids":[],"group_of_quantity":0,"min_quantity":0,"max_quantity":"","exclude_order_quantity_value_rules":"no","exclude_category_quantity_rules":"no","combine_variations":"no","jetpack_sharing_enabled":true,"jetpack_likes_enabled":true,"_links":{"self":[{"href":"https:\/\/watchdeluxe.it\/es\/wp-json\/wp\/v2\/product\/108907","targetHints":{"allow":["GET"]}}],"collection":[{"href":"https:\/\/watchdeluxe.it\/es\/wp-json\/wp\/v2\/product"}],"about":[{"href":"https:\/\/watchdeluxe.it\/es\/wp-json\/wp\/v2\/types\/product"}],"wp:featuredmedia":[{"embeddable":true,"href":"https:\/\/watchdeluxe.it\/es\/wp-json\/wp\/v2\/media\/108906"}],"wp:attachment":[{"href":"https:\/\/watchdeluxe.it\/es\/wp-json\/wp\/v2\/media?parent=108907"}],"wp:term":[{"taxonomy":"product_brand","embeddable":true,"href":"https:\/\/watchdeluxe.it\/es\/wp-json\/wp\/v2\/product_brand?post=108907"},{"taxonomy":"product_cat","embeddable":true,"href":"https:\/\/watchdeluxe.it\/es\/wp-json\/wp\/v2\/product_cat?post=108907"},{"taxonomy":"product_tag","embeddable":true,"href":"https:\/\/watchdeluxe.it\/es\/wp-json\/wp\/v2\/product_tag?post=108907"},{"taxonomy":"berocket_brand","embeddable":true,"href":"https:\/\/watchdeluxe.it\/es\/wp-json\/wp\/v2\/berocket_brand?post=108907"},{"taxonomy":"woo-feed-brand","embeddable":true,"href":"https:\/\/watchdeluxe.it\/es\/wp-json\/wp\/v2\/woo-feed-brand?post=108907"}],"curies":[{"name":"wp","href":"https:\/\/api.w.org\/{rel}","templated":true}]}}