{"id":108660,"date":"2023-03-17T18:44:36","date_gmt":"2023-03-17T17:44:36","guid":{"rendered":"https:\/\/watchdeluxe.it\/prodotto\/omega-seamaster-planet-ocean-600m-co-axial-master-chronometer-43-5-mm-ref-215-30-44-21-01-002\/"},"modified":"2023-03-17T18:44:36","modified_gmt":"2023-03-17T17:44:36","slug":"omega-seamaster-planet-ocean-600m-co-axial-master-chronometer-43-5-mm-ref-215-30-44-21-01-002","status":"publish","type":"product","link":"https:\/\/watchdeluxe.it\/es\/prodotto\/omega-seamaster-planet-ocean-600m-co-axial-master-chronometer-43-5-mm-ref-215-30-44-21-01-002\/","title":{"rendered":"OMEGA SEAMASTER PLANET OCEAN 600M Co-Axial Master Chronometer 43.5 MM REF.\n215.30.44.21.01.002"},"content":{"rendered":"<table class=\"data-table\" data-mce-fragment=\"1\">\n<tbody data-mce-fragment=\"1\">\n<tr class=\"odd\" data-mce-fragment=\"1\">\n<td class=\"spec-name\" data-mce-fragment=\"1\">Marca<\/td>\n<td class=\"spec-value\" data-mce-fragment=\"1\">Omega<\/td>\n<\/tr>\n<tr class=\"even\" data-mce-fragment=\"1\">\n<td class=\"spec-name\" data-mce-fragment=\"1\">L\u00ednea<\/td>\n<td class=\"spec-value\" data-mce-fragment=\"1\">SEAMASTER<\/td>\n<\/tr>\n<tr class=\"odd\" data-mce-fragment=\"1\">\n<td class=\"spec-name\" data-mce-fragment=\"1\">Modelo<\/td>\n<td class=\"spec-value\" data-mce-fragment=\"1\">Seamaster Planet Ocean 600M Co-Axial Cron\u00f3metro Maestro<\/td>\n<\/tr>\n<tr class=\"even\" data-mce-fragment=\"1\">\n<td class=\"spec-name\" data-mce-fragment=\"1\">Complicaci\u00f3n<\/td>\n<td class=\"spec-value\" data-mce-fragment=\"1\">CRONOGRAF\u00cdA<\/td>\n<\/tr>\n<tr class=\"odd\" data-mce-fragment=\"1\">\n<td class=\"spec-name\" data-mce-fragment=\"1\">Movimiento<\/td>\n<td class=\"spec-value\" data-mce-fragment=\"1\">AUTOM\u00c1TICO<\/td>\n<\/tr>\n<tr class=\"even\" data-mce-fragment=\"1\">\n<td class=\"spec-name\" data-mce-fragment=\"1\">Fechador<\/td>\n<td class=\"spec-value\" data-mce-fragment=\"1\">FECHA<\/td>\n<\/tr>\n<tr class=\"odd\" data-mce-fragment=\"1\">\n<td class=\"spec-name\" data-mce-fragment=\"1\">Forma<\/td>\n<td class=\"spec-value\" data-mce-fragment=\"1\">REDONDA<\/td>\n<\/tr>\n<tr class=\"even\" data-mce-fragment=\"1\">\n<td class=\"spec-name\" data-mce-fragment=\"1\">Talla<\/td>\n<td class=\"spec-value\" data-mce-fragment=\"1\">43,5 MM<\/td>\n<\/tr>\n<tr class=\"odd\" data-mce-fragment=\"1\">\n<td class=\"spec-name\" data-mce-fragment=\"1\">Material<\/td>\n<td class=\"spec-value\" data-mce-fragment=\"1\">BISEL DE ACERO Y CER\u00c1MICA<\/td>\n<\/tr>\n<tr class=\"even\" data-mce-fragment=\"1\">\n<td class=\"spec-name\" data-mce-fragment=\"1\">Tipo de vidrio<\/td>\n<td class=\"spec-value\" data-mce-fragment=\"1\">ZAFIRO<\/td>\n<\/tr>\n<tr class=\"odd\" data-mce-fragment=\"1\">\n<td class=\"spec-name\" data-mce-fragment=\"1\">Marca<\/td>\n<td class=\"spec-value\" data-mce-fragment=\"1\">NEGRO<\/td>\n<\/tr>\n<tr class=\"even\" data-mce-fragment=\"1\">\n<td class=\"spec-name\" data-mce-fragment=\"1\">Pulsera<\/td>\n<td class=\"spec-value\" data-mce-fragment=\"1\">ACERO<\/td>\n<\/tr>\n<tr class=\"odd\" data-mce-fragment=\"1\">\n<td class=\"spec-name\" data-mce-fragment=\"1\">Impermeabilizaci\u00f3n<\/td>\n<td class=\"spec-value\" data-mce-fragment=\"1\">600 M<\/td>\n<\/tr>\n<\/tbody>\n<\/table>\n","protected":false},"excerpt":{"rendered":"<p>Marca Omega L\u00ednea SEAMASTER Modelo Seamaster Planet Ocean 600M Co-Axial Cron\u00f3metro Maestro Complicaci\u00f3n CRONOGRAF\u00cdA Movimiento AUTOM\u00c1TICO Fechador FECHA Forma REDONDA Talla 43,5 MM Material BISEL DE ACERO Y CER\u00c1MICA Tipo de vidrio ZAFIRO Marca NEGRO Pulsera ACERO Impermeabilizaci\u00f3n 600 M<\/p>\n","protected":false},"featured_media":58894,"template":"","meta":{"_crdt_document":"","advanced_seo_description":"","jetpack_seo_html_title":"","jetpack_seo_noindex":false,"jetpack_post_was_ever_published":false},"product_brand":[2155],"product_cat":[2276],"product_tag":[2289],"berocket_brand":[],"woo-feed-brand":[],"class_list":{"0":"post-108660","1":"product","2":"type-product","3":"status-publish","4":"has-post-thumbnail","6":"product_brand-omega","7":"product_cat-omega-es","8":"product_tag-seamaster-es","10":"first","11":"instock","12":"sale","13":"taxable","14":"shipping-taxable","15":"purchasable","16":"product-type-simple"},"bundled_by":[],"bundle_stock_status":"instock","bundle_stock_quantity":1,"bundle_virtual":false,"bundle_layout":"","bundle_add_to_cart_form_location":"","bundle_editable_in_cart":false,"bundle_sold_individually_context":"","bundle_item_grouping":"","bundle_min_size":"","bundle_max_size":"","bundle_price":[],"bundled_items":[],"bundle_sell_ids":[],"group_of_quantity":0,"min_quantity":0,"max_quantity":"","exclude_order_quantity_value_rules":"no","exclude_category_quantity_rules":"no","combine_variations":"no","exclude_global_add_ons":[],"addons":[],"jetpack_sharing_enabled":true,"jetpack_likes_enabled":true,"_links":{"self":[{"href":"https:\/\/watchdeluxe.it\/es\/wp-json\/wp\/v2\/product\/108660","targetHints":{"allow":["GET"]}}],"collection":[{"href":"https:\/\/watchdeluxe.it\/es\/wp-json\/wp\/v2\/product"}],"about":[{"href":"https:\/\/watchdeluxe.it\/es\/wp-json\/wp\/v2\/types\/product"}],"wp:featuredmedia":[{"embeddable":true,"href":"https:\/\/watchdeluxe.it\/es\/wp-json\/wp\/v2\/media\/58894"}],"wp:attachment":[{"href":"https:\/\/watchdeluxe.it\/es\/wp-json\/wp\/v2\/media?parent=108660"}],"wp:term":[{"taxonomy":"product_brand","embeddable":true,"href":"https:\/\/watchdeluxe.it\/es\/wp-json\/wp\/v2\/product_brand?post=108660"},{"taxonomy":"product_cat","embeddable":true,"href":"https:\/\/watchdeluxe.it\/es\/wp-json\/wp\/v2\/product_cat?post=108660"},{"taxonomy":"product_tag","embeddable":true,"href":"https:\/\/watchdeluxe.it\/es\/wp-json\/wp\/v2\/product_tag?post=108660"},{"taxonomy":"berocket_brand","embeddable":true,"href":"https:\/\/watchdeluxe.it\/es\/wp-json\/wp\/v2\/berocket_brand?post=108660"},{"taxonomy":"woo-feed-brand","embeddable":true,"href":"https:\/\/watchdeluxe.it\/es\/wp-json\/wp\/v2\/woo-feed-brand?post=108660"}],"curies":[{"name":"wp","href":"https:\/\/api.w.org\/{rel}","templated":true}]}}