{"id":108630,"date":"2024-11-27T15:59:34","date_gmt":"2024-11-27T14:59:34","guid":{"rendered":"https:\/\/watchdeluxe.it\/prodotto\/tag-heuer-carrera-extreme-sport-cronografo-ref-cbu2080-ft6272\/"},"modified":"2024-11-27T15:59:39","modified_gmt":"2024-11-27T14:59:39","slug":"tag-heuer-carrera-extreme-sport-cronografo-ref-cbu2080-ft6272","status":"publish","type":"product","link":"https:\/\/watchdeluxe.it\/es\/prodotto\/tag-heuer-carrera-extreme-sport-cronografo-ref-cbu2080-ft6272\/","title":{"rendered":"Tag Heuer Carrera Extreme Sport Cron\u00f3grafo Ref.\nCBU2080.FT6272"},"content":{"rendered":"<p>Tag Heuer Carrera Extreme Sport Cron\u00f3grafo Ref.<br \/>\nCBU2080.FT6272<\/p>\n<div class=\"col-12 col-lg-4\">\n<p> <span class=\"spec-title text-uppercase\"> Tama\u00f1o <\/span> <span class=\"spec-value\"> 44 mm <\/span> <\/p>\n<\/div>\n<div class=\"col-12 col-lg-4\">\n<p> <span class=\"spec-title text-uppercase\"> Espesor <\/span> <span class=\"spec-value\"> 15,1 mm <\/span> <\/p>\n<\/div>\n<div class=\"col-12 col-lg-4\">\n<p> <span class=\"spec-title text-uppercase\"> Distancia entre orejetas <\/span> <span class=\"spec-value\"> 22,1 mm <\/span> <\/p>\n<\/div>\n<div class=\"col-12 col-lg-4\">\n<p> <span class=\"spec-title text-uppercase\"> Resistencia al agua <\/span> <span class=\"spec-value\"> 100 m <\/span> <\/p>\n<\/div>\n<div class=\"col-12 col-lg-4\">\n<p> <span class=\"spec-title text-uppercase\"> Cuerpo de la caja <\/span> <span class=\"spec-value\"> Titanio con revestimiento DLC Cepillado satinado\/arenado <\/span> <\/p>\n<\/div>\n<div class=\"col-12 col-lg-4\">\n<p> <span class=\"spec-title text-uppercase\"> Corona <\/span> <span class=\"spec-value\"> Titanio DLC negro <\/span> <\/p>\n<\/div>\n<div class=\"col-12 col-lg-4\">\n<p><span class=\"spec-title text-uppercase\">  Funda trasera  <\/span> <span class=\"spec-value\">  Cristal de zafiro &#8211; Titanio negro DLC  <\/span><\/p>\n<div class=\"col-12 col-lg-4\">\n<p> <span class=\"spec-title text-uppercase\"> Calibre <\/span> <span class=\"spec-value\"> TH20-00 <\/span> <\/p>\n<\/div>\n<div class=\"col-12 col-lg-4\">\n<p> <span class=\"spec-title text-uppercase\"> Movimiento <\/span> <span class=\"spec-value\"> Autom\u00e1tico <\/span> <\/p>\n<\/div>\n<div class=\"col-12 col-lg-4\">\n<p> <span class=\"spec-title text-uppercase\"> Movimiento de fabricaci\u00f3n <\/span> <span class=\"spec-value\"> S\u00ed <\/span> <\/p>\n<\/div>\n<div class=\"col-12 col-lg-4\">\n<p> <span class=\"spec-title text-uppercase\"> Reserva de marcha (horas) <\/span> <span class=\"spec-value\"> 80 <\/span> <\/p>\n<\/div>\n<div class=\"col-12 col-lg-4\">\n<p> <span class=\"spec-title text-uppercase\"> Frecuencia del balanc\u00edn <\/span> <span class=\"spec-value\"> 28800 (4Hz) <\/span> <\/p>\n<\/div>\n<div class=\"col-12 col-lg-4\">\n<p> <span class=\"spec-title text-uppercase\"> Funciones <\/span> <span class=\"spec-value\"> Horas, minutos, segundos, cron\u00f3grafo: 1\/4 de segundo, contador de 30 minutos, contador de 12 horas, fecha <\/span> <\/p>\n<div id=\"collapsestrap\" class=\"collapse show\" aria-labelledby=\"headingstrap\" data-parent=\"#tech-accordion\">\n<div class=\"card-body\">\n<div class=\"row\">\n<div class=\"col-12 col-lg-4\">\n<p> <span class=\"spec-title text-uppercase\"> Material de la correa <\/span> <span class=\"spec-value\"> Caucho <\/span> <\/p>\n<\/div>\n<div class=\"col-12 col-lg-4\">\n<p> <span class=\"spec-title text-uppercase\"> Color <\/span> <span class=\"spec-value\"> Negro <\/span> <\/p>\n<\/div>\n<div class=\"col-12 col-lg-4\">\n<p> <span class=\"spec-title text-uppercase\"> Hebilla <\/span> <span class=\"spec-value\"> Hebilla plegable con botones &#8211; Titanio DLC negro <\/span> <\/p>\n<\/div>\n<\/div>\n<\/div>\n<\/div>\n<\/div>\n<\/div>\n","protected":false},"excerpt":{"rendered":"<p>Tag Heuer Carrera Extreme Sport Cron\u00f3grafo Ref. CBU2080.FT6272 Tama\u00f1o 44 mm Espesor 15,1 mm Distancia entre orejetas 22,1 mm Resistencia al agua 100 m Cuerpo de la caja Titanio con revestimiento DLC Cepillado satinado\/arenado Corona Titanio DLC negro Funda trasera Cristal de zafiro &#8211; Titanio negro DLC Calibre TH20-00 Movimiento Autom\u00e1tico Movimiento de fabricaci\u00f3n S\u00ed [&hellip;]<\/p>\n","protected":false},"featured_media":108629,"template":"","meta":{"_crdt_document":"","advanced_seo_description":"","jetpack_seo_html_title":"","jetpack_seo_noindex":false},"product_brand":[2161],"product_cat":[2264],"product_tag":[2375],"berocket_brand":[],"woo-feed-brand":[],"class_list":{"0":"post-108630","1":"product","2":"type-product","3":"status-publish","4":"has-post-thumbnail","6":"product_brand-tag-heuer","7":"product_cat-tag-heuer-es","8":"product_tag-carrera-es","10":"first","11":"instock","12":"sale","13":"taxable","14":"shipping-taxable","15":"purchasable","16":"product-type-simple"},"bundled_by":[],"bundle_stock_status":"instock","bundle_stock_quantity":1,"bundle_virtual":false,"bundle_layout":"","bundle_add_to_cart_form_location":"","bundle_editable_in_cart":false,"bundle_sold_individually_context":"","bundle_item_grouping":"","bundle_min_size":"","bundle_max_size":"","bundle_price":[],"bundled_items":[],"bundle_sell_ids":[],"group_of_quantity":0,"min_quantity":0,"max_quantity":"","exclude_order_quantity_value_rules":"no","exclude_category_quantity_rules":"no","combine_variations":"no","exclude_global_add_ons":[],"addons":[],"jetpack_sharing_enabled":true,"jetpack_likes_enabled":true,"_links":{"self":[{"href":"https:\/\/watchdeluxe.it\/es\/wp-json\/wp\/v2\/product\/108630","targetHints":{"allow":["GET"]}}],"collection":[{"href":"https:\/\/watchdeluxe.it\/es\/wp-json\/wp\/v2\/product"}],"about":[{"href":"https:\/\/watchdeluxe.it\/es\/wp-json\/wp\/v2\/types\/product"}],"wp:featuredmedia":[{"embeddable":true,"href":"https:\/\/watchdeluxe.it\/es\/wp-json\/wp\/v2\/media\/108629"}],"wp:attachment":[{"href":"https:\/\/watchdeluxe.it\/es\/wp-json\/wp\/v2\/media?parent=108630"}],"wp:term":[{"taxonomy":"product_brand","embeddable":true,"href":"https:\/\/watchdeluxe.it\/es\/wp-json\/wp\/v2\/product_brand?post=108630"},{"taxonomy":"product_cat","embeddable":true,"href":"https:\/\/watchdeluxe.it\/es\/wp-json\/wp\/v2\/product_cat?post=108630"},{"taxonomy":"product_tag","embeddable":true,"href":"https:\/\/watchdeluxe.it\/es\/wp-json\/wp\/v2\/product_tag?post=108630"},{"taxonomy":"berocket_brand","embeddable":true,"href":"https:\/\/watchdeluxe.it\/es\/wp-json\/wp\/v2\/berocket_brand?post=108630"},{"taxonomy":"woo-feed-brand","embeddable":true,"href":"https:\/\/watchdeluxe.it\/es\/wp-json\/wp\/v2\/woo-feed-brand?post=108630"}],"curies":[{"name":"wp","href":"https:\/\/api.w.org\/{rel}","templated":true}]}}