{"id":108254,"date":"2024-09-19T16:11:52","date_gmt":"2024-09-19T14:11:52","guid":{"rendered":"https:\/\/watchdeluxe.it\/prodotto\/tag-heuer-aquaracer-profesional-300-gmt-verde-ref-wbp5115-ba0013\/"},"modified":"2026-04-10T16:47:12","modified_gmt":"2026-04-10T14:47:12","slug":"tag-heuer-aquaracer-profesional-300-gmt-verde-ref-wbp5115-ba0013","status":"publish","type":"product","link":"https:\/\/watchdeluxe.it\/es\/prodotto\/tag-heuer-aquaracer-profesional-300-gmt-verde-ref-wbp5115-ba0013\/","title":{"rendered":"Tag heuer aquaracer professional 300 gmt verde ref. WBP5115.BA0013"},"content":{"rendered":"<p>Tag Heuer Aquaracer professional 300 GMT verde ref. WBP5115.BA0013<\/p>\n<div class=\"col-12 col-lg-6\">\n<div class=\"col-12 col-lg-6\">\n<p><strong>Esfera<\/strong>: VERDE con \u00edndices en Superluminova<\/p>\n<p>&#8211; <strong>Movimiento<\/strong>: AUTOM\u00c1TICO TH31-03 COSC<\/p>\n<p>&#8211; <strong>Caja<\/strong>: ACERO<\/p>\n<p>&#8211; <strong>Di\u00e1metro<\/strong>: 42 mm<\/p>\n<p>&#8211; <strong>Cristal<\/strong>: ZAFIRO<\/p>\n<p>&#8211; <strong>Correa<\/strong>: ACERO con cierre desplegable con pulsadores<\/p>\n<p>&#8211; <strong>Resistencia al agua<\/strong>: 30 atm &#8211; 300 m<\/p>\n<\/div>\n<\/div>\n<div class=\"col-12 col-lg-6\">\n<div class=\"col-12 col-lg-6\">\n<div class=\"col-12 col-lg-6\">\n<div class=\"col-12 col-lg-6\">&#8211; Corona de rosca de acero<\/div>\n<div class=\"col-12 col-lg-6\"><\/div>\n<div class=\"col-12 col-lg-6\">&#8211; Bisel giratorio de cer\u00e1mica<\/div>\n<\/div>\n<\/div>\n<\/div>\n","protected":false},"excerpt":{"rendered":"<p>Tag Heuer Aquaracer professional 300 GMT verde ref. WBP5115.BA0013 Esfera: VERDE con \u00edndices en Superluminova &#8211; Movimiento: AUTOM\u00c1TICO TH31-03 COSC &#8211; Caja: ACERO &#8211; Di\u00e1metro: 42 mm &#8211; Cristal: ZAFIRO &#8211; Correa: ACERO con cierre desplegable con pulsadores &#8211; Resistencia al agua: 30 atm &#8211; 300 m &#8211; Corona de rosca de acero &#8211; Bisel [&hellip;]<\/p>\n","protected":false},"featured_media":108248,"template":"","meta":{"_crdt_document":"","advanced_seo_description":"","jetpack_seo_html_title":"","jetpack_seo_noindex":false},"product_brand":[],"product_cat":[2264],"product_tag":[3968],"berocket_brand":[],"woo-feed-brand":[],"class_list":{"0":"post-108254","1":"product","2":"type-product","3":"status-publish","4":"has-post-thumbnail","6":"product_cat-tag-heuer-es","7":"product_tag-aquaracer-en","9":"first","10":"instock","11":"sale","12":"taxable","13":"shipping-taxable","14":"purchasable","15":"product-type-simple"},"bundled_by":[],"bundle_stock_status":"instock","bundle_stock_quantity":1,"bundle_virtual":false,"bundle_layout":"","bundle_add_to_cart_form_location":"","bundle_editable_in_cart":false,"bundle_sold_individually_context":"","bundle_item_grouping":"","bundle_min_size":"","bundle_max_size":"","bundle_price":[],"bundled_items":[],"bundle_sell_ids":[],"group_of_quantity":0,"min_quantity":0,"max_quantity":"","exclude_order_quantity_value_rules":"no","exclude_category_quantity_rules":"no","combine_variations":"no","jetpack_sharing_enabled":true,"jetpack_likes_enabled":true,"_links":{"self":[{"href":"https:\/\/watchdeluxe.it\/es\/wp-json\/wp\/v2\/product\/108254","targetHints":{"allow":["GET"]}}],"collection":[{"href":"https:\/\/watchdeluxe.it\/es\/wp-json\/wp\/v2\/product"}],"about":[{"href":"https:\/\/watchdeluxe.it\/es\/wp-json\/wp\/v2\/types\/product"}],"wp:featuredmedia":[{"embeddable":true,"href":"https:\/\/watchdeluxe.it\/es\/wp-json\/wp\/v2\/media\/108248"}],"wp:attachment":[{"href":"https:\/\/watchdeluxe.it\/es\/wp-json\/wp\/v2\/media?parent=108254"}],"wp:term":[{"taxonomy":"product_brand","embeddable":true,"href":"https:\/\/watchdeluxe.it\/es\/wp-json\/wp\/v2\/product_brand?post=108254"},{"taxonomy":"product_cat","embeddable":true,"href":"https:\/\/watchdeluxe.it\/es\/wp-json\/wp\/v2\/product_cat?post=108254"},{"taxonomy":"product_tag","embeddable":true,"href":"https:\/\/watchdeluxe.it\/es\/wp-json\/wp\/v2\/product_tag?post=108254"},{"taxonomy":"berocket_brand","embeddable":true,"href":"https:\/\/watchdeluxe.it\/es\/wp-json\/wp\/v2\/berocket_brand?post=108254"},{"taxonomy":"woo-feed-brand","embeddable":true,"href":"https:\/\/watchdeluxe.it\/es\/wp-json\/wp\/v2\/woo-feed-brand?post=108254"}],"curies":[{"name":"wp","href":"https:\/\/api.w.org\/{rel}","templated":true}]}}