{"id":106809,"date":"2024-07-31T15:15:27","date_gmt":"2024-07-31T13:15:27","guid":{"rendered":"https:\/\/watchdeluxe.it\/prodotto\/hublot-classic-fusion-titanio-azul-33-m-ref-591-nx-7170-rx\/"},"modified":"2026-01-20T15:13:09","modified_gmt":"2026-01-20T14:13:09","slug":"hublot-classic-fusion-titanio-azul-33-m-ref-591-nx-7170-rx","status":"publish","type":"product","link":"https:\/\/watchdeluxe.it\/es\/prodotto\/hublot-classic-fusion-titanio-azul-33-m-ref-591-nx-7170-rx\/","title":{"rendered":"Hublot Classic fusion titanio Azul 33 m ref.\n591.NX.7170.RX"},"content":{"rendered":"<p>Hublot Classic fusion titanio Azul 33 m ref.<br \/>\n591.NX.7170.RX<\/p>\n<div class=\"row\">\n<div class=\"col-5 col-lg-4\">Colecci\u00f3n CLASSIC FUSION<\/div>\n<\/div>\n<div class=\"row\">\n<div class=\"col-5 col-lg-4\">Tipo S\u00f3lo tiempo<\/div>\n<\/div>\n<div class=\"row\">\n<div class=\"col-5 col-lg-4\">Movimiento de cuarzo<\/div>\n<\/div>\n<div class=\"row\">\n<div class=\"col-5 col-lg-4\">Dimensiones de la caja \u00d8 33 MM<\/div>\n<\/div>\n<div class=\"row\">\n<div class=\"col-5 col-lg-4\">Material Titanio<\/div>\n<\/div>\n<div class=\"row\">\n<div class=\"col-5 col-lg-4\">Correa de caucho<\/div>\n<\/div>\n<div class=\"row\">\n<div class=\"col-5 col-lg-4\">Resistencia al agua 5 ATM<\/div>\n<\/div>\n<div class=\"row\">\n<div class=\"col-5 col-lg-4\">Esfera azul<\/div>\n<\/div>\n<div class=\"row\">\n<div class=\"col-5 col-lg-4\">Cristal de zafiro<\/div>\n<\/div>\n<div class=\"row\">\n<div class=\"col-5 col-lg-4\">Cierre del Despliegue<\/div>\n<\/div>\n<div class=\"row\">\n<div class=\"col-7 col-lg-8\">Mujer<\/div>\n<\/div>\n","protected":false},"excerpt":{"rendered":"<p>Hublot Classic fusion titanio Azul 33 m ref. 591.NX.7170.RX Colecci\u00f3n CLASSIC FUSION Tipo S\u00f3lo tiempo Movimiento de cuarzo Dimensiones de la caja \u00d8 33 MM Material Titanio Correa de caucho Resistencia al agua 5 ATM Esfera azul Cristal de zafiro Cierre del Despliegue Mujer<\/p>\n","protected":false},"featured_media":106808,"template":"","meta":{"_crdt_document":"","advanced_seo_description":"","jetpack_seo_html_title":"","jetpack_seo_noindex":false},"product_brand":[],"product_cat":[2225],"product_tag":[2232],"berocket_brand":[],"woo-feed-brand":[],"class_list":{"0":"post-106809","1":"product","2":"type-product","3":"status-publish","4":"has-post-thumbnail","6":"product_cat-hublot-es","7":"product_tag-fusion-clasica","9":"first","10":"instock","11":"sale","12":"taxable","13":"shipping-taxable","14":"purchasable","15":"product-type-simple"},"bundled_by":[],"bundle_stock_status":"instock","bundle_stock_quantity":1,"bundle_virtual":false,"bundle_layout":"","bundle_add_to_cart_form_location":"","bundle_editable_in_cart":false,"bundle_sold_individually_context":"","bundle_item_grouping":"","bundle_min_size":"","bundle_max_size":"","bundle_price":[],"bundled_items":[],"bundle_sell_ids":[],"group_of_quantity":0,"min_quantity":0,"max_quantity":"","exclude_order_quantity_value_rules":"no","exclude_category_quantity_rules":"no","combine_variations":"no","exclude_global_add_ons":[],"addons":[],"jetpack_sharing_enabled":true,"jetpack_likes_enabled":true,"_links":{"self":[{"href":"https:\/\/watchdeluxe.it\/es\/wp-json\/wp\/v2\/product\/106809","targetHints":{"allow":["GET"]}}],"collection":[{"href":"https:\/\/watchdeluxe.it\/es\/wp-json\/wp\/v2\/product"}],"about":[{"href":"https:\/\/watchdeluxe.it\/es\/wp-json\/wp\/v2\/types\/product"}],"wp:featuredmedia":[{"embeddable":true,"href":"https:\/\/watchdeluxe.it\/es\/wp-json\/wp\/v2\/media\/106808"}],"wp:attachment":[{"href":"https:\/\/watchdeluxe.it\/es\/wp-json\/wp\/v2\/media?parent=106809"}],"wp:term":[{"taxonomy":"product_brand","embeddable":true,"href":"https:\/\/watchdeluxe.it\/es\/wp-json\/wp\/v2\/product_brand?post=106809"},{"taxonomy":"product_cat","embeddable":true,"href":"https:\/\/watchdeluxe.it\/es\/wp-json\/wp\/v2\/product_cat?post=106809"},{"taxonomy":"product_tag","embeddable":true,"href":"https:\/\/watchdeluxe.it\/es\/wp-json\/wp\/v2\/product_tag?post=106809"},{"taxonomy":"berocket_brand","embeddable":true,"href":"https:\/\/watchdeluxe.it\/es\/wp-json\/wp\/v2\/berocket_brand?post=106809"},{"taxonomy":"woo-feed-brand","embeddable":true,"href":"https:\/\/watchdeluxe.it\/es\/wp-json\/wp\/v2\/woo-feed-brand?post=106809"}],"curies":[{"name":"wp","href":"https:\/\/api.w.org\/{rel}","templated":true}]}}