{"id":105674,"date":"2024-07-10T18:43:29","date_gmt":"2024-07-10T16:43:29","guid":{"rendered":"https:\/\/watchdeluxe.it\/prodotto\/estuche-belleza-montblanc-azul-ref-198867\/"},"modified":"2024-07-10T18:43:29","modified_gmt":"2024-07-10T16:43:29","slug":"estuche-belleza-montblanc-azul-ref-198867","status":"publish","type":"product","link":"https:\/\/watchdeluxe.it\/es\/prodotto\/estuche-belleza-montblanc-azul-ref-198867\/","title":{"rendered":"Estuche belleza Montblanc azul ref. 198867"},"content":{"rendered":"<p>Estuche belleza Montblanc azul ref. 198867<\/p>\n<p>Colecci\u00f3n: <strong>Sartorial<\/strong><br \/>\nMaterial: <strong>cuero<\/strong><br \/>\nColor: <strong>Azul<\/strong><br \/>\nLongitud (cm): <strong>15<\/strong><br \/>\nAnchura (cm): <strong>22<\/strong><br \/>\nProfundidad (cm) : <strong>4,5<\/strong><\/p>\n<p>Ya sea para viajes de ocio o de negocios, el neceser Sartorial es un art\u00edculo imprescindible para los pr\u00f3ximos a\u00f1os. Fabricada en piel azul tinta con estampado Saffiano, ofrece un interior espacioso con dos cremalleras y un bolsillo exterior con cremallera para guardar y organizar tus objetos personales. Este vers\u00e1til ajuar puede llevarse en la mano o guardarse perfectamente en otra bolsa.<\/p>\n","protected":false},"excerpt":{"rendered":"<p>Estuche belleza Montblanc azul ref. 198867 Colecci\u00f3n: Sartorial Material: cuero Color: Azul Longitud (cm): 15 Anchura (cm): 22 Profundidad (cm) : 4,5 Ya sea para viajes de ocio o de negocios, el neceser Sartorial es un art\u00edculo imprescindible para los pr\u00f3ximos a\u00f1os. Fabricada en piel azul tinta con estampado Saffiano, ofrece un interior espacioso con [&hellip;]<\/p>\n","protected":false},"featured_media":105673,"template":"","meta":{"_crdt_document":"","advanced_seo_description":"","jetpack_seo_html_title":"","jetpack_seo_noindex":false},"product_brand":[],"product_cat":[2247],"product_tag":[3836],"berocket_brand":[],"woo-feed-brand":[],"class_list":{"0":"post-105674","1":"product","2":"type-product","3":"status-publish","4":"has-post-thumbnail","6":"product_cat-montblanc-es","7":"product_tag-beautycase-es","9":"first","10":"instock","11":"sale","12":"taxable","13":"shipping-taxable","14":"purchasable","15":"product-type-simple"},"bundled_by":[],"bundle_stock_status":"instock","bundle_stock_quantity":1,"bundle_virtual":false,"bundle_layout":"","bundle_add_to_cart_form_location":"","bundle_editable_in_cart":false,"bundle_sold_individually_context":"","bundle_item_grouping":"","bundle_min_size":"","bundle_max_size":"","bundle_price":[],"bundled_items":[],"bundle_sell_ids":[],"group_of_quantity":0,"min_quantity":0,"max_quantity":"","exclude_order_quantity_value_rules":"no","exclude_category_quantity_rules":"no","combine_variations":"no","jetpack_sharing_enabled":true,"jetpack_likes_enabled":true,"_links":{"self":[{"href":"https:\/\/watchdeluxe.it\/es\/wp-json\/wp\/v2\/product\/105674","targetHints":{"allow":["GET"]}}],"collection":[{"href":"https:\/\/watchdeluxe.it\/es\/wp-json\/wp\/v2\/product"}],"about":[{"href":"https:\/\/watchdeluxe.it\/es\/wp-json\/wp\/v2\/types\/product"}],"wp:featuredmedia":[{"embeddable":true,"href":"https:\/\/watchdeluxe.it\/es\/wp-json\/wp\/v2\/media\/105673"}],"wp:attachment":[{"href":"https:\/\/watchdeluxe.it\/es\/wp-json\/wp\/v2\/media?parent=105674"}],"wp:term":[{"taxonomy":"product_brand","embeddable":true,"href":"https:\/\/watchdeluxe.it\/es\/wp-json\/wp\/v2\/product_brand?post=105674"},{"taxonomy":"product_cat","embeddable":true,"href":"https:\/\/watchdeluxe.it\/es\/wp-json\/wp\/v2\/product_cat?post=105674"},{"taxonomy":"product_tag","embeddable":true,"href":"https:\/\/watchdeluxe.it\/es\/wp-json\/wp\/v2\/product_tag?post=105674"},{"taxonomy":"berocket_brand","embeddable":true,"href":"https:\/\/watchdeluxe.it\/es\/wp-json\/wp\/v2\/berocket_brand?post=105674"},{"taxonomy":"woo-feed-brand","embeddable":true,"href":"https:\/\/watchdeluxe.it\/es\/wp-json\/wp\/v2\/woo-feed-brand?post=105674"}],"curies":[{"name":"wp","href":"https:\/\/api.w.org\/{rel}","templated":true}]}}