{"id":105613,"date":"2024-07-10T18:31:59","date_gmt":"2024-07-10T16:31:59","guid":{"rendered":"https:\/\/watchdeluxe.it\/prodotto\/tarjetero-montblanc-oxido-ref-198812\/"},"modified":"2024-07-10T18:31:59","modified_gmt":"2024-07-10T16:31:59","slug":"tarjetero-montblanc-oxido-ref-198812","status":"publish","type":"product","link":"https:\/\/watchdeluxe.it\/es\/prodotto\/tarjetero-montblanc-oxido-ref-198812\/","title":{"rendered":"Tarjetero Montblanc \u00f3xido ref. 198812"},"content":{"rendered":"<p>Tarjetero Montblanc \u00f3xido ref. 198812<\/p>\n<p>Material: <strong>cuero<\/strong><br \/>\nColor: <strong>Naranja<\/strong><br \/>\nLongitud (cm): <strong>10,5<\/strong><br \/>\nAnchura (cm): <strong>7<\/strong><br \/>\nProfundidad (cm) : <strong>2<\/strong><br \/>\nAnchura del paquete (cm): <strong>12<\/strong><br \/>\nProfundidad del paquete (cm): <strong>15<\/strong><br \/>\nLongitud del paquete (cm): <strong>25<\/strong><\/p>\n<p>Un tarjetero ideal para el d\u00eda a d\u00eda, el Meisterst\u00fcck de 4 compartimentos ofrece un compartimento para tarjetas de visita y cuatro ranuras para tarjetas de cr\u00e9dito. Fabricada en elegante piel de color \u00f3xido, se completa con el emblem\u00e1tico emblema Montblanc en la parte delantera.<\/p>\n","protected":false},"excerpt":{"rendered":"<p>Tarjetero Montblanc \u00f3xido ref. 198812 Material: cuero Color: Naranja Longitud (cm): 10,5 Anchura (cm): 7 Profundidad (cm) : 2 Anchura del paquete (cm): 12 Profundidad del paquete (cm): 15 Longitud del paquete (cm): 25 Un tarjetero ideal para el d\u00eda a d\u00eda, el Meisterst\u00fcck de 4 compartimentos ofrece un compartimento para tarjetas de visita y [&hellip;]<\/p>\n","protected":false},"featured_media":105612,"template":"","meta":{"_crdt_document":"","advanced_seo_description":"","jetpack_seo_html_title":"","jetpack_seo_noindex":false},"product_brand":[1907],"product_cat":[2247],"product_tag":[3151],"berocket_brand":[],"woo-feed-brand":[],"class_list":{"0":"post-105613","1":"product","2":"type-product","3":"status-publish","4":"has-post-thumbnail","6":"product_brand-montblanc","7":"product_cat-montblanc-es","8":"product_tag-tarjetero","10":"first","11":"instock","12":"sale","13":"taxable","14":"shipping-taxable","15":"purchasable","16":"product-type-simple"},"bundled_by":[],"bundle_stock_status":"instock","bundle_stock_quantity":1,"bundle_virtual":false,"bundle_layout":"","bundle_add_to_cart_form_location":"","bundle_editable_in_cart":false,"bundle_sold_individually_context":"","bundle_item_grouping":"","bundle_min_size":"","bundle_max_size":"","bundle_price":[],"bundled_items":[],"bundle_sell_ids":[],"group_of_quantity":0,"min_quantity":0,"max_quantity":"","exclude_order_quantity_value_rules":"no","exclude_category_quantity_rules":"no","combine_variations":"no","jetpack_sharing_enabled":true,"jetpack_likes_enabled":true,"_links":{"self":[{"href":"https:\/\/watchdeluxe.it\/es\/wp-json\/wp\/v2\/product\/105613","targetHints":{"allow":["GET"]}}],"collection":[{"href":"https:\/\/watchdeluxe.it\/es\/wp-json\/wp\/v2\/product"}],"about":[{"href":"https:\/\/watchdeluxe.it\/es\/wp-json\/wp\/v2\/types\/product"}],"wp:featuredmedia":[{"embeddable":true,"href":"https:\/\/watchdeluxe.it\/es\/wp-json\/wp\/v2\/media\/105612"}],"wp:attachment":[{"href":"https:\/\/watchdeluxe.it\/es\/wp-json\/wp\/v2\/media?parent=105613"}],"wp:term":[{"taxonomy":"product_brand","embeddable":true,"href":"https:\/\/watchdeluxe.it\/es\/wp-json\/wp\/v2\/product_brand?post=105613"},{"taxonomy":"product_cat","embeddable":true,"href":"https:\/\/watchdeluxe.it\/es\/wp-json\/wp\/v2\/product_cat?post=105613"},{"taxonomy":"product_tag","embeddable":true,"href":"https:\/\/watchdeluxe.it\/es\/wp-json\/wp\/v2\/product_tag?post=105613"},{"taxonomy":"berocket_brand","embeddable":true,"href":"https:\/\/watchdeluxe.it\/es\/wp-json\/wp\/v2\/berocket_brand?post=105613"},{"taxonomy":"woo-feed-brand","embeddable":true,"href":"https:\/\/watchdeluxe.it\/es\/wp-json\/wp\/v2\/woo-feed-brand?post=105613"}],"curies":[{"name":"wp","href":"https:\/\/api.w.org\/{rel}","templated":true}]}}