{"id":105486,"date":"2024-07-10T17:16:03","date_gmt":"2024-07-10T15:16:03","guid":{"rendered":"https:\/\/watchdeluxe.it\/prodotto\/montblanc-meisterstuck-x-patrimonio-olimpico-biros-ref-131373\/"},"modified":"2026-01-16T11:38:48","modified_gmt":"2026-01-16T10:38:48","slug":"montblanc-meisterstuck-x-patrimonio-olimpico-biros-ref-131373","status":"publish","type":"product","link":"https:\/\/watchdeluxe.it\/es\/prodotto\/montblanc-meisterstuck-x-patrimonio-olimpico-biros-ref-131373\/","title":{"rendered":"Montblanc Meisterstuck X Patrimonio Ol\u00edmpico biros ref. 131373"},"content":{"rendered":"<p>Montblanc Meisterstuck X Patrimonio Ol\u00edmpico biros ref. 131373<\/p>\n<p>Material: <strong>Metal<\/strong><br \/>\nColor: <strong>Platino<\/strong><br \/>\nTipo de bol\u00edgrafo: <strong>Bol\u00edgrafo<\/strong><br \/>\nLongitud (cm): <strong>14,24<\/strong><br \/>\nAnchura (cm): <strong>1,41<\/strong><br \/>\nProfundidad (cm) : <strong>1,41<\/strong><\/p>\n<div>\n<p class=\"read-more-wrap\">Para celebrar el centenario de la Meisterst\u00fcck en 2024, Montblanc rinde homenaje a los or\u00edgenes del ic\u00f3nico art\u00edculo de escritura en una colecci\u00f3n inspirada en el esp\u00edritu de los Juegos Ol\u00edmpicos de Chamonix de 1924. Por un golpe de suerte, 1924 marc\u00f3 el lanzamiento de la marca del instrumento de escritura que se convirti\u00f3 en una de sus obras maestras m\u00e1s codiciadas, as\u00ed como los primeros Juegos Ol\u00edmpicos de Invierno en Chamonix, al pie del Mont Blanc. En el centro, Montblanc y los Juegos Ol\u00edmpicos de Chamonix 1924  <span class=\"read-more-target\">  encarnan con los maestros artesanos y los h\u00e9roes deportivos la b\u00fasqueda del mejor logro humano posible. La edici\u00f3n Solitaire presenta una tapa con acabado de platino y un cuerpo grabado con el paisaje monta\u00f1oso del valle de Chamonix. Los anillos ol\u00edmpicos forman parte del logotipo ol\u00edmpico tradicional, grabado en el anillo de la parte superior del gorro enmarcado por una corona de hojas, que recuerda a las que se ofrec\u00edan a los ganadores con las mejores actuaciones en las Olimpiadas de la antig\u00fcedad. La gorra lleva grabadas las palabras &#8220;Juegos Ol\u00edmpicos de Chamonix 1924&#8221; dentro de un marco inspirado en la portada de los art\u00edculos oficiales sobre los Juegos Ol\u00edmpicos. En el anillo de la tapa figuran tanto &#8220;1924&#8221; como &#8220;2024&#8221;, simbolizando la importancia de ambos a\u00f1os. Completa la edici\u00f3n el emblema Montblanc en la parte superior del capuch\u00f3n en preciosa resina de coral, el color ic\u00f3nico de Montblanc. Comit\u00e9 Ol\u00edmpico Internacional &#8211; Todos los derechos reservados  <\/span><\/p>\n<\/div>\n","protected":false},"excerpt":{"rendered":"<p>Montblanc Meisterstuck X Patrimonio Ol\u00edmpico biros ref. 131373 Material: Metal Color: Platino Tipo de bol\u00edgrafo: Bol\u00edgrafo Longitud (cm): 14,24 Anchura (cm): 1,41 Profundidad (cm) : 1,41 Para celebrar el centenario de la Meisterst\u00fcck en 2024, Montblanc rinde homenaje a los or\u00edgenes del ic\u00f3nico art\u00edculo de escritura en una colecci\u00f3n inspirada en el esp\u00edritu de los [&hellip;]<\/p>\n","protected":false},"featured_media":105485,"template":"","meta":{"_crdt_document":"","advanced_seo_description":"","jetpack_seo_html_title":"","jetpack_seo_noindex":false},"product_brand":[1907],"product_cat":[2247],"product_tag":[2258],"berocket_brand":[],"woo-feed-brand":[],"class_list":{"0":"post-105486","1":"product","2":"type-product","3":"status-publish","4":"has-post-thumbnail","6":"product_brand-montblanc","7":"product_cat-montblanc-es","8":"product_tag-boligrafos","10":"first","11":"outofstock","12":"sale","13":"taxable","14":"shipping-taxable","15":"purchasable","16":"product-type-simple"},"bundled_by":[],"bundle_stock_status":"outofstock","bundle_stock_quantity":0,"bundle_virtual":false,"bundle_layout":"","bundle_add_to_cart_form_location":"","bundle_editable_in_cart":false,"bundle_sold_individually_context":"","bundle_item_grouping":"","bundle_min_size":"","bundle_max_size":"","bundle_price":[],"bundled_items":[],"bundle_sell_ids":[],"group_of_quantity":0,"min_quantity":0,"max_quantity":"","exclude_order_quantity_value_rules":"no","exclude_category_quantity_rules":"no","combine_variations":"no","jetpack_sharing_enabled":true,"jetpack_likes_enabled":true,"_links":{"self":[{"href":"https:\/\/watchdeluxe.it\/es\/wp-json\/wp\/v2\/product\/105486","targetHints":{"allow":["GET"]}}],"collection":[{"href":"https:\/\/watchdeluxe.it\/es\/wp-json\/wp\/v2\/product"}],"about":[{"href":"https:\/\/watchdeluxe.it\/es\/wp-json\/wp\/v2\/types\/product"}],"wp:featuredmedia":[{"embeddable":true,"href":"https:\/\/watchdeluxe.it\/es\/wp-json\/wp\/v2\/media\/105485"}],"wp:attachment":[{"href":"https:\/\/watchdeluxe.it\/es\/wp-json\/wp\/v2\/media?parent=105486"}],"wp:term":[{"taxonomy":"product_brand","embeddable":true,"href":"https:\/\/watchdeluxe.it\/es\/wp-json\/wp\/v2\/product_brand?post=105486"},{"taxonomy":"product_cat","embeddable":true,"href":"https:\/\/watchdeluxe.it\/es\/wp-json\/wp\/v2\/product_cat?post=105486"},{"taxonomy":"product_tag","embeddable":true,"href":"https:\/\/watchdeluxe.it\/es\/wp-json\/wp\/v2\/product_tag?post=105486"},{"taxonomy":"berocket_brand","embeddable":true,"href":"https:\/\/watchdeluxe.it\/es\/wp-json\/wp\/v2\/berocket_brand?post=105486"},{"taxonomy":"woo-feed-brand","embeddable":true,"href":"https:\/\/watchdeluxe.it\/es\/wp-json\/wp\/v2\/woo-feed-brand?post=105486"}],"curies":[{"name":"wp","href":"https:\/\/api.w.org\/{rel}","templated":true}]}}