{"id":104736,"date":"2024-06-19T15:55:10","date_gmt":"2024-06-19T13:55:10","guid":{"rendered":"https:\/\/watchdeluxe.it\/prodotto\/hamilton-khaki-piloto-de-aviacion-daydate-ref-h64655941\/"},"modified":"2024-06-19T15:55:10","modified_gmt":"2024-06-19T13:55:10","slug":"hamilton-khaki-piloto-de-aviacion-daydate-ref-h64655941","status":"publish","type":"product","link":"https:\/\/watchdeluxe.it\/es\/prodotto\/hamilton-khaki-piloto-de-aviacion-daydate-ref-h64655941\/","title":{"rendered":"Hamilton Khaki piloto de aviaci\u00f3n daydate ref. H64655941"},"content":{"rendered":"<p>Hamilton Khaki piloto de aviaci\u00f3n daydate ref. H64655941<\/p>\n<ul>\n<li class=\"col col-1-2-m watch\">Referencia : H64655941<br \/>\nCalibre : H-30<br \/>\nColecci\u00f3n: Khaki Aviation<br \/>\nMovimiento : Autom\u00e1tico<br \/>\nDimensiones de la caja: 42 mm<br \/>\nEspesor (mm) : 12,1<br \/>\nColor de la esfera : Azul<br \/>\nMaterial de la caja : Titanio<br \/>\nCristal : Zafiro<br \/>\nAnchura del bucle: 20 mm<br \/>\nReserva de marcha: 80 horas<br \/>\nResistencia al agua: 10 bares (100 m)<br \/>\nAntirreflejos : S\u00ed<br \/>\nDorso visible : S\u00ed<br \/>\nNivachron : S\u00ed<\/li>\n<li class=\"col col-1-2-m strap\">\n<h4 aria-level=\"2\">Pulsera\/Correa<\/h4>\n<p>Accesorio REF : H6000001221<br \/>\nTipo de correa : Tela<\/li>\n<\/ul>\n","protected":false},"excerpt":{"rendered":"<p>Hamilton Khaki piloto de aviaci\u00f3n daydate ref. H64655941 Referencia : H64655941 Calibre : H-30 Colecci\u00f3n: Khaki Aviation Movimiento : Autom\u00e1tico Dimensiones de la caja: 42 mm Espesor (mm) : 12,1 Color de la esfera : Azul Material de la caja : Titanio Cristal : Zafiro Anchura del bucle: 20 mm Reserva de marcha: 80 horas [&hellip;]<\/p>\n","protected":false},"featured_media":104735,"template":"","meta":{"_crdt_document":"","advanced_seo_description":"","jetpack_seo_html_title":"","jetpack_seo_noindex":false},"product_brand":[],"product_cat":[2309],"product_tag":[2317],"berocket_brand":[],"woo-feed-brand":[],"class_list":{"0":"post-104736","1":"product","2":"type-product","3":"status-publish","4":"has-post-thumbnail","6":"product_cat-hamilton-es","7":"product_tag-caqui","9":"first","10":"instock","11":"sale","12":"taxable","13":"shipping-taxable","14":"purchasable","15":"product-type-simple"},"bundled_by":[],"bundle_stock_status":"instock","bundle_stock_quantity":1,"bundle_virtual":false,"bundle_layout":"","bundle_add_to_cart_form_location":"","bundle_editable_in_cart":false,"bundle_sold_individually_context":"","bundle_item_grouping":"","bundle_min_size":"","bundle_max_size":"","bundle_price":[],"bundled_items":[],"bundle_sell_ids":[],"group_of_quantity":0,"min_quantity":0,"max_quantity":"","exclude_order_quantity_value_rules":"no","exclude_category_quantity_rules":"no","combine_variations":"no","jetpack_sharing_enabled":true,"jetpack_likes_enabled":true,"_links":{"self":[{"href":"https:\/\/watchdeluxe.it\/es\/wp-json\/wp\/v2\/product\/104736","targetHints":{"allow":["GET"]}}],"collection":[{"href":"https:\/\/watchdeluxe.it\/es\/wp-json\/wp\/v2\/product"}],"about":[{"href":"https:\/\/watchdeluxe.it\/es\/wp-json\/wp\/v2\/types\/product"}],"wp:featuredmedia":[{"embeddable":true,"href":"https:\/\/watchdeluxe.it\/es\/wp-json\/wp\/v2\/media\/104735"}],"wp:attachment":[{"href":"https:\/\/watchdeluxe.it\/es\/wp-json\/wp\/v2\/media?parent=104736"}],"wp:term":[{"taxonomy":"product_brand","embeddable":true,"href":"https:\/\/watchdeluxe.it\/es\/wp-json\/wp\/v2\/product_brand?post=104736"},{"taxonomy":"product_cat","embeddable":true,"href":"https:\/\/watchdeluxe.it\/es\/wp-json\/wp\/v2\/product_cat?post=104736"},{"taxonomy":"product_tag","embeddable":true,"href":"https:\/\/watchdeluxe.it\/es\/wp-json\/wp\/v2\/product_tag?post=104736"},{"taxonomy":"berocket_brand","embeddable":true,"href":"https:\/\/watchdeluxe.it\/es\/wp-json\/wp\/v2\/berocket_brand?post=104736"},{"taxonomy":"woo-feed-brand","embeddable":true,"href":"https:\/\/watchdeluxe.it\/es\/wp-json\/wp\/v2\/woo-feed-brand?post=104736"}],"curies":[{"name":"wp","href":"https:\/\/api.w.org\/{rel}","templated":true}]}}