{"id":102541,"date":"2024-05-14T17:05:55","date_gmt":"2024-05-14T15:05:55","guid":{"rendered":"https:\/\/watchdeluxe.it\/prodotto\/hamilton-jazzmaster-open-heart-ref-h32675170\/"},"modified":"2024-05-14T17:05:55","modified_gmt":"2024-05-14T15:05:55","slug":"hamilton-jazzmaster-open-heart-ref-h32675170","status":"publish","type":"product","link":"https:\/\/watchdeluxe.it\/es\/prodotto\/hamilton-jazzmaster-open-heart-ref-h32675170\/","title":{"rendered":"Hamilton Jazzmaster open Heart ref. H32675170"},"content":{"rendered":"<p>Hamilton Jazzmaster open Heart ref. H32675170<\/p>\n<ul>\n<li class=\"col col-1-2-m watch\">Referencia : H32675170<br \/>\nCalibre : H-10<br \/>\nColecci\u00f3n: Jazzmaster<br \/>\nMovimiento : Autom\u00e1tico<br \/>\nDimensiones de la caja: 40 mm<br \/>\nEspesor (mm) : 11.05<br \/>\nColor de la esfera : Borgo\u00f1a<br \/>\nMaterial de la caja : Acero<br \/>\nCristal : Zafiro<br \/>\nAnchura del bucle: 20 mm<br \/>\nReserva de marcha: 80 horas<br \/>\nResistencia al agua: 5 bares (50 m)<br \/>\nAntirreflejos : S\u00ed<br \/>\nDorso visible : S\u00ed<br \/>\nNivachron : S\u00ed<\/li>\n<li class=\"col col-1-2-m strap\">\n<h4 aria-level=\"2\">Pulsera\/Correa<\/h4>\n<p>Accesorio REF : H6054251001<br \/>\nTipo de correa : Acero<br \/>\nTipo de hebilla : Hebilla plegable<br \/>\nAncho de la hebilla : 18mm<\/li>\n<\/ul>\n","protected":false},"excerpt":{"rendered":"<p>Hamilton Jazzmaster open Heart ref. H32675170 Referencia : H32675170 Calibre : H-10 Colecci\u00f3n: Jazzmaster Movimiento : Autom\u00e1tico Dimensiones de la caja: 40 mm Espesor (mm) : 11.05 Color de la esfera : Borgo\u00f1a Material de la caja : Acero Cristal : Zafiro Anchura del bucle: 20 mm Reserva de marcha: 80 horas Resistencia al agua: [&hellip;]<\/p>\n","protected":false},"featured_media":102536,"template":"","meta":{"_crdt_document":"","advanced_seo_description":"","jetpack_seo_html_title":"","jetpack_seo_noindex":false},"product_brand":[],"product_cat":[2309],"product_tag":[2601],"berocket_brand":[],"woo-feed-brand":[],"class_list":{"0":"post-102541","1":"product","2":"type-product","3":"status-publish","4":"has-post-thumbnail","6":"product_cat-hamilton-es","7":"product_tag-jazzmaster-es","9":"first","10":"instock","11":"sale","12":"taxable","13":"shipping-taxable","14":"purchasable","15":"product-type-simple"},"bundled_by":[],"bundle_stock_status":"instock","bundle_stock_quantity":1,"bundle_virtual":false,"bundle_layout":"","bundle_add_to_cart_form_location":"","bundle_editable_in_cart":false,"bundle_sold_individually_context":"","bundle_item_grouping":"","bundle_min_size":"","bundle_max_size":"","bundle_price":[],"bundled_items":[],"bundle_sell_ids":[],"group_of_quantity":0,"min_quantity":0,"max_quantity":"","exclude_order_quantity_value_rules":"no","exclude_category_quantity_rules":"no","combine_variations":"no","jetpack_sharing_enabled":true,"jetpack_likes_enabled":true,"_links":{"self":[{"href":"https:\/\/watchdeluxe.it\/es\/wp-json\/wp\/v2\/product\/102541","targetHints":{"allow":["GET"]}}],"collection":[{"href":"https:\/\/watchdeluxe.it\/es\/wp-json\/wp\/v2\/product"}],"about":[{"href":"https:\/\/watchdeluxe.it\/es\/wp-json\/wp\/v2\/types\/product"}],"wp:featuredmedia":[{"embeddable":true,"href":"https:\/\/watchdeluxe.it\/es\/wp-json\/wp\/v2\/media\/102536"}],"wp:attachment":[{"href":"https:\/\/watchdeluxe.it\/es\/wp-json\/wp\/v2\/media?parent=102541"}],"wp:term":[{"taxonomy":"product_brand","embeddable":true,"href":"https:\/\/watchdeluxe.it\/es\/wp-json\/wp\/v2\/product_brand?post=102541"},{"taxonomy":"product_cat","embeddable":true,"href":"https:\/\/watchdeluxe.it\/es\/wp-json\/wp\/v2\/product_cat?post=102541"},{"taxonomy":"product_tag","embeddable":true,"href":"https:\/\/watchdeluxe.it\/es\/wp-json\/wp\/v2\/product_tag?post=102541"},{"taxonomy":"berocket_brand","embeddable":true,"href":"https:\/\/watchdeluxe.it\/es\/wp-json\/wp\/v2\/berocket_brand?post=102541"},{"taxonomy":"woo-feed-brand","embeddable":true,"href":"https:\/\/watchdeluxe.it\/es\/wp-json\/wp\/v2\/woo-feed-brand?post=102541"}],"curies":[{"name":"wp","href":"https:\/\/api.w.org\/{rel}","templated":true}]}}