{"id":102528,"date":"2024-05-14T16:29:25","date_gmt":"2024-05-14T14:29:25","guid":{"rendered":"https:\/\/watchdeluxe.it\/prodotto\/baume-mercier-riviera-ref-m0a10721\/"},"modified":"2026-04-11T11:49:57","modified_gmt":"2026-04-11T09:49:57","slug":"baume-mercier-riviera-ref-m0a10721","status":"publish","type":"product","link":"https:\/\/watchdeluxe.it\/es\/prodotto\/baume-mercier-riviera-ref-m0a10721\/","title":{"rendered":"Baume &amp; Mercier Riviera ref. M0A10721"},"content":{"rendered":"<p>Baume &amp; Mercier Riviera ref. M0A10721<\/p>\n<p><strong>Movimiento<\/strong>: calibre de cuerda autom\u00e1tica &#8220;Swiss Made<br \/>\n<strong>Funci\u00f3n<\/strong>: s\u00f3lo hora, frecuencia\/alternancias 28800.0vph\/4.0hz, 38 horas de reserva de marcha<br \/>\n<strong>Material de la caja<\/strong>: acero inoxidable con acabado pulido y satinado, bisel de acero inoxidable fijado con cuatro tornillos de acero micro-ADLC, cristal de zafiro antirreflectante en ambos lados y en el fondo de la caja<br \/>\n<strong>Forma, di\u00e1metro y grosor de la caja<\/strong>: dodecagonal, 42,0 mm x 11,11 mm<br \/>\n<strong>Esfera<\/strong>: esqueleto con elementos negros y satinados, agujas triangulares chapadas con Superluminova Phos<br \/>\n<strong>Correa<\/strong>: caucho negro efecto &#8220;vela&#8221;, triple cierre desplegable con cierre de seguridad de acero inoxidable<br \/>\n<strong>Resistencia al agua<\/strong>: 10 ATM (aprox. 100 m)<\/p>\n","protected":false},"excerpt":{"rendered":"<p>Baume &amp; Mercier Riviera ref. M0A10721 Movimiento: calibre de cuerda autom\u00e1tica &#8220;Swiss Made Funci\u00f3n: s\u00f3lo hora, frecuencia\/alternancias 28800.0vph\/4.0hz, 38 horas de reserva de marcha Material de la caja: acero inoxidable con acabado pulido y satinado, bisel de acero inoxidable fijado con cuatro tornillos de acero micro-ADLC, cristal de zafiro antirreflectante en ambos lados y en [&hellip;]<\/p>\n","protected":false},"featured_media":102523,"template":"","meta":{"_crdt_document":"","advanced_seo_description":"","jetpack_seo_html_title":"","jetpack_seo_noindex":false},"product_brand":[],"product_cat":[2613],"product_tag":[2619],"berocket_brand":[],"woo-feed-brand":[],"class_list":{"0":"post-102528","1":"product","2":"type-product","3":"status-publish","4":"has-post-thumbnail","6":"product_cat-baume-mercier-es","7":"product_tag-riviera-es","9":"first","10":"instock","11":"sale","12":"taxable","13":"shipping-taxable","14":"purchasable","15":"product-type-simple"},"bundled_by":[],"bundle_stock_status":"instock","bundle_stock_quantity":1,"bundle_virtual":false,"bundle_layout":"","bundle_add_to_cart_form_location":"","bundle_editable_in_cart":false,"bundle_sold_individually_context":"","bundle_item_grouping":"","bundle_min_size":"","bundle_max_size":"","bundle_price":[],"bundled_items":[],"bundle_sell_ids":[],"group_of_quantity":0,"min_quantity":0,"max_quantity":"","exclude_order_quantity_value_rules":"no","exclude_category_quantity_rules":"no","combine_variations":"no","jetpack_sharing_enabled":true,"jetpack_likes_enabled":true,"_links":{"self":[{"href":"https:\/\/watchdeluxe.it\/es\/wp-json\/wp\/v2\/product\/102528","targetHints":{"allow":["GET"]}}],"collection":[{"href":"https:\/\/watchdeluxe.it\/es\/wp-json\/wp\/v2\/product"}],"about":[{"href":"https:\/\/watchdeluxe.it\/es\/wp-json\/wp\/v2\/types\/product"}],"wp:featuredmedia":[{"embeddable":true,"href":"https:\/\/watchdeluxe.it\/es\/wp-json\/wp\/v2\/media\/102523"}],"wp:attachment":[{"href":"https:\/\/watchdeluxe.it\/es\/wp-json\/wp\/v2\/media?parent=102528"}],"wp:term":[{"taxonomy":"product_brand","embeddable":true,"href":"https:\/\/watchdeluxe.it\/es\/wp-json\/wp\/v2\/product_brand?post=102528"},{"taxonomy":"product_cat","embeddable":true,"href":"https:\/\/watchdeluxe.it\/es\/wp-json\/wp\/v2\/product_cat?post=102528"},{"taxonomy":"product_tag","embeddable":true,"href":"https:\/\/watchdeluxe.it\/es\/wp-json\/wp\/v2\/product_tag?post=102528"},{"taxonomy":"berocket_brand","embeddable":true,"href":"https:\/\/watchdeluxe.it\/es\/wp-json\/wp\/v2\/berocket_brand?post=102528"},{"taxonomy":"woo-feed-brand","embeddable":true,"href":"https:\/\/watchdeluxe.it\/es\/wp-json\/wp\/v2\/woo-feed-brand?post=102528"}],"curies":[{"name":"wp","href":"https:\/\/api.w.org\/{rel}","templated":true}]}}